{"id":12050,"date":"2025-03-14T13:49:05","date_gmt":"2025-03-14T12:49:05","guid":{"rendered":"https:\/\/galavito.cz\/?post_type=product&#038;p=12050"},"modified":"2025-03-14T14:08:39","modified_gmt":"2025-03-14T13:08:39","slug":"elegantne-jednoducha-kovova-zidle-bez-podrucek","status":"publish","type":"product","link":"https:\/\/galavito.cz\/fr\/produkt\/elegantne-jednoducha-kovova-zidle-bez-podrucek\/","title":{"rendered":"Elegantn\u011b jednoduch\u00e1 kovov\u00e1 \u017eidle bez podru\u010dek"},"content":{"rendered":"<p><strong>V\u00fd\u0161ka:<\/strong> 80 cm<br \/>\n<strong>\u0160\u00ed\u0159ka:<\/strong> 58 cm<br \/>\n<strong>Hloubka:<\/strong> 64 cm<br \/>\n<strong>Barva:<\/strong> Antracit<\/p>\n<p><img decoding=\"async\" class=\"emoji\" role=\"img\" draggable=\"false\" src=\"https:\/\/s.w.org\/images\/core\/emoji\/13.0.1\/svg\/1f1e8-1f1ff.svg\" alt=\"\ud83c\udde8\ud83c\uddff\" \/> Vyrobeno v \u010cesk\u00e9 republice<\/p>\n","protected":false},"excerpt":{"rendered":"<p>Kovov\u00e1 \u017eidle s lakovan\u00fdm povrchem v barv\u011b Antracit vynik\u00e1 svou pevnost\u00ed a jednoduch\u00fdm designem. Tato kovov\u00e1 \u017eidle se hod\u00ed pro pou\u017eit\u00ed jak v profesion\u00e1ln\u00edm gastro provozu, tak i pro dom\u00e1c\u00ed pou\u017e\u00edv\u00e1n\u00ed na terase, u baz\u00e9nu nebo balk\u00f3n\u011b.<\/p>\n<p>Tato \u017eidle je vhodn\u00e1 pro celoro\u010dn\u00ed venkovn\u00ed posezen\u00ed, ale je mo\u017eno ji pou\u017e\u00edt i v interi\u00e9ru. Kovov\u00e1 konstrukce lakovan\u00e1 pr\u00e1\u0161kovou barvou je odoln\u00e1 venkovn\u00edm pov\u011btrnostn\u00edm a klimatick\u00fdm podm\u00ednk\u00e1m.<\/p>\n<p>Uveden\u00e9 ceny jsou bez DPH a dopravy. Doprava dle PS\u010c. P\u0159i objedn\u00e1n\u00ed v\u00edce kus\u016f je mo\u017en\u00e1 mno\u017estevn\u00ed sleva. Po odesl\u00e1n\u00ed popt\u00e1vky za\u0161leme opravenou individu\u00e1ln\u00ed cenovou nab\u00eddku.<\/p>\n<p>Pro speci\u00e1ln\u00ed projekty je mo\u017en\u00e1 zvl\u00e1\u0161tn\u00ed domluva a spolupr\u00e1ce. Pi\u0161te na <a href=\"mailto:info@galavito.cz\">info@galavito.cz<\/a>.<\/p>\n","protected":false},"featured_media":12054,"template":"","meta":[],"product_brand":[],"product_cat":[102],"product_tag":[107,110],"class_list":{"0":"post-12050","1":"product","2":"type-product","3":"status-publish","4":"has-post-thumbnail","6":"product_cat-zidle","7":"product_tag-kovove-zidle","8":"product_tag-zidle-bez-operek","10":"first","11":"instock","12":"taxable","13":"shipping-taxable","14":"purchasable","15":"product-type-variable"},"aioseo_notices":[],"_links":{"self":[{"href":"https:\/\/galavito.cz\/fr\/wp-json\/wp\/v2\/product\/12050","targetHints":{"allow":["GET"]}}],"collection":[{"href":"https:\/\/galavito.cz\/fr\/wp-json\/wp\/v2\/product"}],"about":[{"href":"https:\/\/galavito.cz\/fr\/wp-json\/wp\/v2\/types\/product"}],"wp:featuredmedia":[{"embeddable":true,"href":"https:\/\/galavito.cz\/fr\/wp-json\/wp\/v2\/media\/12054"}],"wp:attachment":[{"href":"https:\/\/galavito.cz\/fr\/wp-json\/wp\/v2\/media?parent=12050"}],"wp:term":[{"taxonomy":"product_brand","embeddable":true,"href":"https:\/\/galavito.cz\/fr\/wp-json\/wp\/v2\/product_brand?post=12050"},{"taxonomy":"product_cat","embeddable":true,"href":"https:\/\/galavito.cz\/fr\/wp-json\/wp\/v2\/product_cat?post=12050"},{"taxonomy":"product_tag","embeddable":true,"href":"https:\/\/galavito.cz\/fr\/wp-json\/wp\/v2\/product_tag?post=12050"}],"curies":[{"name":"wp","href":"https:\/\/api.w.org\/{rel}","templated":true}]}}