{"id":11473,"date":"2021-07-16T13:29:16","date_gmt":"2021-07-16T11:29:16","guid":{"rendered":"https:\/\/galavito.cz\/?post_type=product&#038;p=11473"},"modified":"2024-05-22T10:16:17","modified_gmt":"2024-05-22T08:16:17","slug":"kovova-zahradni-zidle-s-drevenymi-operkami-rukou","status":"publish","type":"product","link":"https:\/\/galavito.cz\/fr\/produkt\/kovova-zahradni-zidle-s-drevenymi-operkami-rukou\/","title":{"rendered":"Kovov\u00e1 zahradn\u00ed \u017eidle s d\u0159ev\u011bn\u00fdmi op\u011brkami rukou"},"content":{"rendered":"<p><strong>Rozm\u011bry:<\/strong> 44 \u00d7 59 \u00d7 102 cm<br \/>\n<strong>Hmotnost:<\/strong> 10 kg<br \/>\n<strong>Nosnost:<\/strong> 110 kg<br \/>\n<strong>Povrch:<\/strong> pr\u00e1\u0161kov\u00e1 barva (lak)<br \/>\n<strong>Barva:<\/strong> Antracit<br \/>\n<strong>Skladov\u00e1n\u00ed:<\/strong> stohovateln\u00e1<br \/>\n<strong>Balen\u00ed:<\/strong> bublinkov\u00e1 f\u00f3lie<\/p>\n<p><img decoding=\"async\" class=\"emoji\" role=\"img\" draggable=\"false\" src=\"https:\/\/s.w.org\/images\/core\/emoji\/13.0.1\/svg\/1f1e8-1f1ff.svg\" alt=\"\ud83c\udde8\ud83c\uddff\" \/> Vyrobeno v \u010cesk\u00e9 republice<\/p>\n","protected":false},"excerpt":{"rendered":"<p>Kvalitn\u00ed a pohodln\u00e1 kovov\u00e1 \u017eidle s d\u0159ev\u011bn\u00fdmi op\u011brkami rukou (dub). Sed\u00e1k a op\u011brka zad jsou vyrobeny z d\u011brovan\u00e9ho plechu. Op\u011brka zad je prodlou\u017een\u00e1 a zahradn\u00ed \u017eidle sp\u00ed\u0161e p\u016fsob\u00ed jako zahradn\u00ed k\u0159eslo, kter\u00e9 se stane pohodn\u00fdm tr\u016fnem va\u0161\u00ed zahrady nebo terasy.<\/p>\n<p>Povrh \u017eidle je hladk\u00fd pr\u00e1\u0161kov\u00fd lak, tak\u017ee je zahran\u00ed k\u0159eslo p\u0159\u00edjemn\u00e9 na dotek a z\u00e1rove\u0148 odoln\u00e9 proti mechanick\u00e9mu po\u0161kozen\u00ed a po\u0161kr\u00e1b\u00e1n\u00ed. \u017didle je vyrobena z kvalitn\u00edho materi\u00e1lu v \u010cesk\u00e9 republice s d\u016frazem na dlouhou \u017eivostnost.<\/p>\n<p>Uveden\u00e9 ceny jsou bez DPH a dopravy. Doprava dle PS\u010c. P\u0159i objedn\u00e1n\u00ed v\u00edce kus\u016f je mo\u017en\u00e1 mno\u017estevn\u00ed sleva. Po odesl\u00e1n\u00ed popt\u00e1vky za\u0161leme opravenou individu\u00e1ln\u00ed cenovou nab\u00eddku.<\/p>\n<p>Pro speci\u00e1ln\u00ed projekty je mo\u017en\u00e1 zvl\u00e1\u0161tn\u00ed domluva a spolupr\u00e1ce. Pi\u0161te na info@galavito.cz<\/p>\n","protected":false},"featured_media":11474,"template":"","meta":[],"product_brand":[],"product_cat":[101,102],"product_tag":[107,109],"class_list":{"0":"post-11473","1":"product","2":"type-product","3":"status-publish","4":"has-post-thumbnail","6":"product_cat-venkovni-vybaveni-a-mobiliar","7":"product_cat-zidle","8":"product_tag-kovove-zidle","9":"product_tag-zidle-s-operkami","11":"first","12":"instock","13":"taxable","14":"shipping-taxable","15":"purchasable","16":"product-type-simple"},"aioseo_notices":[],"_links":{"self":[{"href":"https:\/\/galavito.cz\/fr\/wp-json\/wp\/v2\/product\/11473","targetHints":{"allow":["GET"]}}],"collection":[{"href":"https:\/\/galavito.cz\/fr\/wp-json\/wp\/v2\/product"}],"about":[{"href":"https:\/\/galavito.cz\/fr\/wp-json\/wp\/v2\/types\/product"}],"wp:featuredmedia":[{"embeddable":true,"href":"https:\/\/galavito.cz\/fr\/wp-json\/wp\/v2\/media\/11474"}],"wp:attachment":[{"href":"https:\/\/galavito.cz\/fr\/wp-json\/wp\/v2\/media?parent=11473"}],"wp:term":[{"taxonomy":"product_brand","embeddable":true,"href":"https:\/\/galavito.cz\/fr\/wp-json\/wp\/v2\/product_brand?post=11473"},{"taxonomy":"product_cat","embeddable":true,"href":"https:\/\/galavito.cz\/fr\/wp-json\/wp\/v2\/product_cat?post=11473"},{"taxonomy":"product_tag","embeddable":true,"href":"https:\/\/galavito.cz\/fr\/wp-json\/wp\/v2\/product_tag?post=11473"}],"curies":[{"name":"wp","href":"https:\/\/api.w.org\/{rel}","templated":true}]}}