{"id":11431,"date":"2021-04-26T14:50:23","date_gmt":"2021-04-26T12:50:23","guid":{"rendered":"https:\/\/galavito.cz\/?post_type=product&#038;p=11431"},"modified":"2022-04-19T23:36:14","modified_gmt":"2022-04-19T21:36:14","slug":"kovovy-zahradni-stolek-z-tahokovu","status":"publish","type":"product","link":"https:\/\/galavito.cz\/fr\/produkt\/kovovy-zahradni-stolek-z-tahokovu\/","title":{"rendered":"Kovov\u00fd zahradn\u00ed stolek z tahokovu"},"content":{"rendered":"<p><strong>Povrch:<\/strong> pr\u00e1\u0161kov\u00e1 barva (lak)<br \/>\n<strong>Barva:<\/strong> Antracit<\/p>\n<p><img decoding=\"async\" class=\"emoji\" role=\"img\" draggable=\"false\" src=\"https:\/\/s.w.org\/images\/core\/emoji\/13.0.1\/svg\/1f1e8-1f1ff.svg\" alt=\"\ud83c\udde8\ud83c\uddff\" \/> Vyrobeno v \u010cesk\u00e9 republice<\/p>\n","protected":false},"excerpt":{"rendered":"<p>Tento praktick\u00fd a elegantn\u00ed kovov\u00fd zahradn\u00ed stolek vytvo\u0159\u00ed na va\u0161\u00ed zahrad\u011b nebo terase p\u0159\u00edjemn\u00e9 posezen\u00ed. Stolek se d\u00edky hladk\u00e9mu pr\u00e1\u0161kov\u00e9mu laku snadno udr\u017euje a tak\u00e9 odol\u00e1 nep\u0159\u00edzn\u00edm jak\u00e9hokoliv po\u010das\u00ed. Zahradn\u00ed st\u016fl se velmi snadno p\u0159en\u00e1\u0161\u00ed a m\u016f\u017eete jej tedy lehce p\u0159em\u00edstit podle aktu\u00e1ln\u00ed pot\u0159eby.<\/p>\n<p>Ke stolku, jeho\u017e deska je vyrobena z tahokovu se hod\u00ed v\u0161echny <a href=\"https:\/\/galavito.cz\/sekce\/venkovni-vybaveni-a-mobiliar\/zidle\/\" target=\"_blank\" rel=\"noopener\">\u017eidle z na\u0161\u00ed nab\u00eddky<\/a>. M\u016f\u017eete si tak vytvo\u0159it jednotn\u00fd stolov\u00fd set podle va\u0161eho vkusu a pot\u0159eb. Stolek se vyr\u00e1b\u00ed v n\u011bkolika velikostech stolov\u00e9 desky. Vyberte si tu nejlep\u0161\u00ed pro v\u00e1s podle po\u010dtu stolovn\u00edk\u016f a prostoru, kter\u00fd m\u00e1te k dispozici. V\u00fd\u0161ka stolu je u v\u0161ech velkost\u00ed desky stejn\u00e1, tedy 71,5 cm.<\/p>\n","protected":false},"featured_media":11432,"template":"","meta":[],"product_brand":[],"product_cat":[103,101],"product_tag":[190],"class_list":{"0":"post-11431","1":"product","2":"type-product","3":"status-publish","4":"has-post-thumbnail","6":"product_cat-stolky","7":"product_cat-venkovni-vybaveni-a-mobiliar","8":"product_tag-kovovy-zahradni-stolek","10":"first","11":"instock","12":"taxable","13":"shipping-taxable","14":"purchasable","15":"product-type-variable"},"aioseo_notices":[],"_links":{"self":[{"href":"https:\/\/galavito.cz\/fr\/wp-json\/wp\/v2\/product\/11431","targetHints":{"allow":["GET"]}}],"collection":[{"href":"https:\/\/galavito.cz\/fr\/wp-json\/wp\/v2\/product"}],"about":[{"href":"https:\/\/galavito.cz\/fr\/wp-json\/wp\/v2\/types\/product"}],"wp:featuredmedia":[{"embeddable":true,"href":"https:\/\/galavito.cz\/fr\/wp-json\/wp\/v2\/media\/11432"}],"wp:attachment":[{"href":"https:\/\/galavito.cz\/fr\/wp-json\/wp\/v2\/media?parent=11431"}],"wp:term":[{"taxonomy":"product_brand","embeddable":true,"href":"https:\/\/galavito.cz\/fr\/wp-json\/wp\/v2\/product_brand?post=11431"},{"taxonomy":"product_cat","embeddable":true,"href":"https:\/\/galavito.cz\/fr\/wp-json\/wp\/v2\/product_cat?post=11431"},{"taxonomy":"product_tag","embeddable":true,"href":"https:\/\/galavito.cz\/fr\/wp-json\/wp\/v2\/product_tag?post=11431"}],"curies":[{"name":"wp","href":"https:\/\/api.w.org\/{rel}","templated":true}]}}