{"id":11322,"date":"2021-04-07T18:32:53","date_gmt":"2021-04-07T16:32:53","guid":{"rendered":"https:\/\/galavito.cz\/?post_type=product&#038;p=11322"},"modified":"2022-04-19T23:29:43","modified_gmt":"2022-04-19T21:29:43","slug":"kovovy-pulstolek-z-tahokovu","status":"publish","type":"product","link":"https:\/\/galavito.cz\/fr\/produkt\/kovovy-pulstolek-z-tahokovu\/","title":{"rendered":"Kovov\u00fd p\u016flstolek z tahokovu"},"content":{"rendered":"<p><strong>Rozm\u011bry:<\/strong> 80 \u00d7 40 \u00d7 71,5 cm<strong><br \/>\nHmotnost:<\/strong> 5,5 kg<br \/>\n<strong>Povrch:<\/strong> pr\u00e1\u0161kov\u00e1 barva (lak)<br \/>\n<strong>Barva:<\/strong> Antracit<br \/>\n<strong>Stohov\u00e1n\u00ed:<\/strong> Ne<\/p>\n<p><img decoding=\"async\" class=\"emoji\" role=\"img\" draggable=\"false\" src=\"https:\/\/s.w.org\/images\/core\/emoji\/13.0.1\/svg\/1f1e8-1f1ff.svg\" alt=\"\ud83c\udde8\ud83c\uddff\" \/> Vyrobeno v \u010cesk\u00e9 republice<\/p>\n","protected":false},"excerpt":{"rendered":"<p>Minimalistick\u00fd kovov\u00fd p\u016flstolek vhodn\u00fd zejm\u00e9na na balk\u00f3n nebo men\u0161\u00ed terasu. Jeho v\u00fdhodou je, \u017ee stolek m\u016f\u017eete um\u00edstit ke st\u011bn\u011b, a i na mal\u00e9m prostoru vytvo\u0159it p\u0159\u00edjemn\u00e9 posezen\u00ed. D\u00edky p\u016flkruhov\u00e9 horn\u00ed stolov\u00e9 desce z tahokovu a odkl\u00e1dan\u00ed plochy z\u00edsk\u00e1te mnoho prostoru nav\u00edc. Ke stolku se hod\u00ed v\u0161echny <a href=\"https:\/\/galavito.cz\/product-tag\/kovove-zidle\/\">kovov\u00e9 \u017eidle<\/a> z tahokovu z na\u0161\u00ed nab\u00eddky.<\/p>\n<p>Tento p\u016flstolek na balk\u00f3n je vyroben v \u010cesk\u00e9 republice a vynik\u00e1 svou kvalitou a odolnost\u00ed. Povrchov\u00e1 \u00faprava je z pr\u00e1\u0161kovan\u00e9 vypalovan\u00e9 barvy.<\/p>\n","protected":false},"featured_media":11323,"template":"","meta":[],"product_brand":[],"product_cat":[103,101],"product_tag":[],"class_list":{"0":"post-11322","1":"product","2":"type-product","3":"status-publish","4":"has-post-thumbnail","6":"product_cat-stolky","7":"product_cat-venkovni-vybaveni-a-mobiliar","9":"first","10":"instock","11":"taxable","12":"shipping-taxable","13":"purchasable","14":"product-type-simple"},"aioseo_notices":[],"_links":{"self":[{"href":"https:\/\/galavito.cz\/fr\/wp-json\/wp\/v2\/product\/11322","targetHints":{"allow":["GET"]}}],"collection":[{"href":"https:\/\/galavito.cz\/fr\/wp-json\/wp\/v2\/product"}],"about":[{"href":"https:\/\/galavito.cz\/fr\/wp-json\/wp\/v2\/types\/product"}],"wp:featuredmedia":[{"embeddable":true,"href":"https:\/\/galavito.cz\/fr\/wp-json\/wp\/v2\/media\/11323"}],"wp:attachment":[{"href":"https:\/\/galavito.cz\/fr\/wp-json\/wp\/v2\/media?parent=11322"}],"wp:term":[{"taxonomy":"product_brand","embeddable":true,"href":"https:\/\/galavito.cz\/fr\/wp-json\/wp\/v2\/product_brand?post=11322"},{"taxonomy":"product_cat","embeddable":true,"href":"https:\/\/galavito.cz\/fr\/wp-json\/wp\/v2\/product_cat?post=11322"},{"taxonomy":"product_tag","embeddable":true,"href":"https:\/\/galavito.cz\/fr\/wp-json\/wp\/v2\/product_tag?post=11322"}],"curies":[{"name":"wp","href":"https:\/\/api.w.org\/{rel}","templated":true}]}}