{"id":11282,"date":"2021-03-19T13:45:37","date_gmt":"2021-03-19T12:45:37","guid":{"rendered":"https:\/\/galavito.cz\/?post_type=product&#038;p=11282"},"modified":"2022-04-19T23:26:20","modified_gmt":"2022-04-19T21:26:20","slug":"kovova-zahradni-zidle-se-zaoblenymi-operkami-rukou","status":"publish","type":"product","link":"https:\/\/galavito.cz\/fr\/produkt\/kovova-zahradni-zidle-se-zaoblenymi-operkami-rukou\/","title":{"rendered":"Kovov\u00e1 zahradn\u00ed \u017eidle se zaoblen\u00fdmi op\u011brkami rukou"},"content":{"rendered":"<p><strong>V\u00fd\u0161ka op\u011bradla:<\/strong><br \/>\n<strong>\u0160\u00ed\u0159ka sed\u00e1ku:<\/strong><br \/>\n<strong>Hloubka sed\u00e1ku:<\/strong><br \/>\n<strong>V\u00fd\u0161ka sed\u00e1ku:<\/strong><br \/>\n<strong>Hmotnost:<\/strong> 5,5 kg<br \/>\n<strong>Povrch:<\/strong> pr\u00e1\u0161kov\u00e1 barva (lak)<br \/>\n<strong>Barva:<\/strong> Antracit<br \/>\n<strong>Skladov\u00e1n\u00ed:<\/strong> stohovateln\u00e1<\/p>\n<p>\ud83c\udde8\ud83c\uddff Vyrobeno v \u010cesk\u00e9 republice<\/p>\n","protected":false},"excerpt":{"rendered":"<p>Kvalitn\u00ed kovov\u00e1 zahradn\u00ed \u017eidle se sed\u00e1kem a op\u011brkou zad z tahokovu a zaoblen\u00fdmi op\u011brkami rukou. Tato \u017eidle je vyrobena v \u010cesk\u00e9 republice a jej\u00ed speci\u00e1ln\u00ed povrchov\u00e1 \u00faprava je odoln\u00e1 proti mechanick\u00e9mu po\u0161kozen\u00ed a po\u0161kr\u00e1b\u00e1n\u00ed. Lak je hladk\u00fd a p\u0159\u00edjemn\u00fd na dotek. Kovov\u00e1 \u017eidle je vhodn\u00e1 jak do profesion\u00e1ln\u00ed gastronomick\u00e9ho provozu, tak i pro dom\u00e1c\u00ed pou\u017eit\u00ed na zahradu, terasu nebo balk\u00f3n. Ocen\u00edte zejm\u00e9na jej\u00ed vysokou kvalitu, odolnost a pohodln\u00e9 sezen\u00ed.<\/p>\n<p>\u017didle se sv\u00fdm elegantn\u00edm vzhledem hod\u00ed jak ke kulat\u00fdm, tak i hranat\u00fdm kovov\u00fdm stol\u016fm.<\/p>\n<p>Uveden\u00e9 ceny jsou bez DPH a dopravy. Doprava dle PS\u010c. P\u0159i objedn\u00e1n\u00ed v\u00edce kus\u016f je mo\u017en\u00e1 mno\u017estevn\u00ed sleva. Po odesl\u00e1n\u00ed popt\u00e1vky za\u0161leme opravenou individu\u00e1ln\u00ed cenovou nab\u00eddku.<\/p>\n<p>Pro speci\u00e1ln\u00ed projekty je mo\u017en\u00e1 zvl\u00e1\u0161tn\u00ed domluva a spolupr\u00e1ce. Pi\u0161te na <a href=\"mailto:info@galavito.cz\">info@galavito.cz<\/a><\/p>\n","protected":false},"featured_media":11283,"template":"","meta":[],"product_brand":[],"product_cat":[101,102],"product_tag":[107,109],"class_list":{"0":"post-11282","1":"product","2":"type-product","3":"status-publish","4":"has-post-thumbnail","6":"product_cat-venkovni-vybaveni-a-mobiliar","7":"product_cat-zidle","8":"product_tag-kovove-zidle","9":"product_tag-zidle-s-operkami","11":"first","12":"instock","13":"taxable","14":"shipping-taxable","15":"purchasable","16":"product-type-simple"},"aioseo_notices":[],"_links":{"self":[{"href":"https:\/\/galavito.cz\/fr\/wp-json\/wp\/v2\/product\/11282","targetHints":{"allow":["GET"]}}],"collection":[{"href":"https:\/\/galavito.cz\/fr\/wp-json\/wp\/v2\/product"}],"about":[{"href":"https:\/\/galavito.cz\/fr\/wp-json\/wp\/v2\/types\/product"}],"wp:featuredmedia":[{"embeddable":true,"href":"https:\/\/galavito.cz\/fr\/wp-json\/wp\/v2\/media\/11283"}],"wp:attachment":[{"href":"https:\/\/galavito.cz\/fr\/wp-json\/wp\/v2\/media?parent=11282"}],"wp:term":[{"taxonomy":"product_brand","embeddable":true,"href":"https:\/\/galavito.cz\/fr\/wp-json\/wp\/v2\/product_brand?post=11282"},{"taxonomy":"product_cat","embeddable":true,"href":"https:\/\/galavito.cz\/fr\/wp-json\/wp\/v2\/product_cat?post=11282"},{"taxonomy":"product_tag","embeddable":true,"href":"https:\/\/galavito.cz\/fr\/wp-json\/wp\/v2\/product_tag?post=11282"}],"curies":[{"name":"wp","href":"https:\/\/api.w.org\/{rel}","templated":true}]}}