{"id":11106,"date":"2019-03-19T20:42:09","date_gmt":"2021-02-27T12:39:40","guid":{"rendered":"https:\/\/galavito.cz\/?post_type=product&#038;p=11106"},"modified":"2021-02-27T13:39:43","modified_gmt":"2021-02-27T12:39:43","slug":"table-chauffante-resto","status":"publish","type":"product","link":"https:\/\/galavito.cz\/fr\/produkt\/table-chauffante-resto\/","title":{"rendered":"Table chauffante RESTO"},"content":{"rendered":"<p><strong>Bez stolov\u00e9 desky.<\/strong> Pro jej\u00ed v\u00fdb\u011br nav\u0161tivte pros\u00edm sekci <a href=\"https:\/\/galavito.cz\/stolove-desky\/\">Stolov\u00e9 desky<\/a>.<br \/>\nV\u00fd\u0161ka 72 cm a v\u00e1ha 15 kg.<br \/>\nRozm\u011bry stolov\u00e9 z\u00e1kladny: 45 \u00d7 45 cm<br \/>\nZdroj energie: 230V ~50 Hz. V\u00fdkon topn\u00e9 z\u00e1\u0159ivky: 1,2 kW<br \/>\nStupe\u0148 kryt\u00ed: IP44<\/p>\n","protected":false},"excerpt":{"rendered":"<p>Uspokojte pot\u0159eby host\u016f, kte\u0159\u00ed si cht\u011bj\u00ed i p\u0159i <strong>studen\u011bj\u0161\u00edm po\u010das\u00ed u\u017e\u00edvat chv\u00edle str\u00e1ven\u00e9 venku<\/strong>. Prodlou\u017e\u00edte venkovn\u00ed sez\u00f3nu, nal\u00e1k\u00e1te v\u00edce host\u016f, zv\u00fd\u0161\u00edte zisky a p\u0159itom se v\u00e1m investice vr\u00e1t\u00ed do m\u011bs\u00edce.<\/p>\n<p>Ekologick\u00fd venkovn\u00ed infraz\u00e1\u0159i\u010d je navr\u017een\u00fd pro neru\u0161en\u00e9 posezen\u00ed host\u016f na p\u0159edzahr\u00e1dk\u00e1ch restaurac\u00ed a kav\u00e1ren p\u0159i chladn\u00e9m po\u010das\u00ed. U k\u00e1vy \u010di ob\u011bda si tak vychutnaj\u00ed \u010das str\u00e1ven\u00fd venku, kter\u00fd podpo\u0159\u00ed s\u00e1lav\u00e9 topen\u00ed. Vyh\u0159\u00edvan\u00fd stolek RESTO nach\u00e1z\u00ed oblibu tak\u00e9 p\u0159i nekomer\u010dn\u00edm pou\u017eit\u00ed \u2013 doma na terase, pergole, verand\u011b \u010di zahrad\u011b.<\/p>\n<p>Ve v\u0161ech p\u0159\u00edpadech zdroj tepla integrovan\u00fd do stolov\u00e9 podno\u017ee <strong>zah\u0159\u00edv\u00e1 od nohou<\/strong> a <strong>zp\u0159\u00edjem\u0148uje \u010das str\u00e1ven\u00fd venku<\/strong><\/p>\n","protected":false},"featured_media":11093,"template":"","meta":[],"product_brand":[],"product_cat":[180],"product_tag":[],"class_list":{"0":"post-11106","1":"product","2":"type-product","3":"status-publish","4":"has-post-thumbnail","6":"product_cat-tables-chauffantes","8":"first","9":"instock","10":"taxable","11":"shipping-taxable","12":"purchasable","13":"product-type-simple"},"aioseo_notices":[],"_links":{"self":[{"href":"https:\/\/galavito.cz\/fr\/wp-json\/wp\/v2\/product\/11106","targetHints":{"allow":["GET"]}}],"collection":[{"href":"https:\/\/galavito.cz\/fr\/wp-json\/wp\/v2\/product"}],"about":[{"href":"https:\/\/galavito.cz\/fr\/wp-json\/wp\/v2\/types\/product"}],"wp:featuredmedia":[{"embeddable":true,"href":"https:\/\/galavito.cz\/fr\/wp-json\/wp\/v2\/media\/11093"}],"wp:attachment":[{"href":"https:\/\/galavito.cz\/fr\/wp-json\/wp\/v2\/media?parent=11106"}],"wp:term":[{"taxonomy":"product_brand","embeddable":true,"href":"https:\/\/galavito.cz\/fr\/wp-json\/wp\/v2\/product_brand?post=11106"},{"taxonomy":"product_cat","embeddable":true,"href":"https:\/\/galavito.cz\/fr\/wp-json\/wp\/v2\/product_cat?post=11106"},{"taxonomy":"product_tag","embeddable":true,"href":"https:\/\/galavito.cz\/fr\/wp-json\/wp\/v2\/product_tag?post=11106"}],"curies":[{"name":"wp","href":"https:\/\/api.w.org\/{rel}","templated":true}]}}