{"id":11101,"date":"2019-03-19T20:55:09","date_gmt":"2021-02-27T12:30:28","guid":{"rendered":"https:\/\/galavito.cz\/?post_type=product&#038;p=11101"},"modified":"2021-02-27T13:30:31","modified_gmt":"2021-02-27T12:30:31","slug":"table-chauffante-bistro-duo","status":"publish","type":"product","link":"https:\/\/galavito.cz\/fr\/produkt\/table-chauffante-bistro-duo\/","title":{"rendered":"Table chauffante BISTRO DUO"},"content":{"rendered":"<p><strong>Bez stolov\u00e9 desky.<\/strong> Pro jej\u00ed v\u00fdb\u011br nav\u0161tivte pros\u00edm sekci <a href=\"https:\/\/galavito.cz\/stolove-desky\/\">Stolov\u00e9 desky<\/a>.<br \/>\nV\u00fd\u0161ka 109 cm a v\u00e1ha 25,5 kg.<br \/>\nZdroj energie: 230V\u00a0~50\u00a0Hz. V\u00fdkon topn\u00e9 z\u00e1\u0159ivky:\u00a02\u00d7\u00a01,2\u00a0kW<br \/>\nStupe\u0148 kryt\u00ed: IP44<\/p>\n","protected":false},"excerpt":{"rendered":"<p>Venkovn\u00ed vyh\u0159\u00edvan\u00fd stolek BISTRO DUO <strong>slou\u017e\u00ed k zah\u0159\u00e1t\u00ed stoj\u00edc\u00edch host\u016f<\/strong>, kte\u0159\u00ed si cht\u011bj\u00ed i p\u0159i nep\u0159\u00edzniv\u00e9m po\u010das\u00ed venku v klidu vychutnat svou cigaretu, k\u00e1vu, nebo si promluvit s p\u0159\u00e1teli.<\/p>\n<p>Stolek je vybaven\u00fd <strong>109 cm vysokou podno\u017e\u00ed se 2 infratrubicemi<\/strong>, d\u00edky kter\u00fdm <strong>je mo\u017en\u00e9 regulovat intenzitu topen\u00ed<\/strong>.<\/p>\n<p>Host\u00e9 si tak d\u00edky zah\u0159\u00edv\u00e1n\u00ed naplno u\u017eij\u00ed pobyt venku p\u0159ed restaurac\u00ed, na p\u0159edzahr\u00e1dce \u010di terase.<\/p>\n","protected":false},"featured_media":11091,"template":"","meta":[],"product_brand":[],"product_cat":[180],"product_tag":[],"class_list":{"0":"post-11101","1":"product","2":"type-product","3":"status-publish","4":"has-post-thumbnail","6":"product_cat-tables-chauffantes","8":"first","9":"instock","10":"taxable","11":"shipping-taxable","12":"purchasable","13":"product-type-simple"},"aioseo_notices":[],"_links":{"self":[{"href":"https:\/\/galavito.cz\/fr\/wp-json\/wp\/v2\/product\/11101","targetHints":{"allow":["GET"]}}],"collection":[{"href":"https:\/\/galavito.cz\/fr\/wp-json\/wp\/v2\/product"}],"about":[{"href":"https:\/\/galavito.cz\/fr\/wp-json\/wp\/v2\/types\/product"}],"wp:featuredmedia":[{"embeddable":true,"href":"https:\/\/galavito.cz\/fr\/wp-json\/wp\/v2\/media\/11091"}],"wp:attachment":[{"href":"https:\/\/galavito.cz\/fr\/wp-json\/wp\/v2\/media?parent=11101"}],"wp:term":[{"taxonomy":"product_brand","embeddable":true,"href":"https:\/\/galavito.cz\/fr\/wp-json\/wp\/v2\/product_brand?post=11101"},{"taxonomy":"product_cat","embeddable":true,"href":"https:\/\/galavito.cz\/fr\/wp-json\/wp\/v2\/product_cat?post=11101"},{"taxonomy":"product_tag","embeddable":true,"href":"https:\/\/galavito.cz\/fr\/wp-json\/wp\/v2\/product_tag?post=11101"}],"curies":[{"name":"wp","href":"https:\/\/api.w.org\/{rel}","templated":true}]}}