{"id":10909,"date":"2019-05-20T13:35:13","date_gmt":"2021-02-08T14:24:21","guid":{"rendered":"https:\/\/galavito.cz\/?post_type=product&#038;p=10909"},"modified":"2021-02-27T12:08:59","modified_gmt":"2021-02-27T11:08:59","slug":"nevada-plateau-de-table-topalit","status":"publish","type":"product","link":"https:\/\/galavito.cz\/fr\/produkt\/nevada-plateau-de-table-topalit\/","title":{"rendered":"Nevada&nbsp;\u2013 plateau&nbsp;de&nbsp;table Topalit"},"content":{"rendered":"","protected":false},"excerpt":{"rendered":"<p>Deux s\u00e9ries &#8211; Smartline (profil\u00e9 sans bord) et Classicline.<\/p>\n<p>Dans les conceptions de cercle, de carr\u00e9 et de rectangle.<\/p>\n<p>Les prix des plateaux de table sont hors TVA et sans transport. Le prix de transport par destination.<\/p>\n<p>Lorsque vous commandez plus de 4 pi\u00e8ces, vous pouvez obtenir une remise de quantit\u00e9 \u2013 apr\u00e8s l\u00b4envoie de la demande, nous vous faisons parvenir une offre de prix individuelle corrig\u00e9e. Pour des questions et des souhaits individuels, \u00e9crivez \u00e0 <a href=\"mailto:info@galavito.cz\">info@galavito.cz<\/a> ou appelez le num\u00e9ro +420736177368.<\/p>\n","protected":false},"featured_media":9777,"template":"","meta":[],"product_brand":[],"product_cat":[175,167],"product_tag":[169,178,171,172],"class_list":{"0":"post-10909","1":"product","2":"type-product","3":"status-publish","4":"has-post-thumbnail","6":"product_cat-decors-en-pierre","7":"product_cat-plateaux-de-table-topalit","8":"product_tag-classicline-fr","9":"product_tag-decors-en-pierre","10":"product_tag-smartline-fr","11":"product_tag-topalit-fr","13":"first","14":"instock","15":"taxable","16":"shipping-taxable","17":"purchasable","18":"product-type-variable"},"aioseo_notices":[],"_links":{"self":[{"href":"https:\/\/galavito.cz\/fr\/wp-json\/wp\/v2\/product\/10909","targetHints":{"allow":["GET"]}}],"collection":[{"href":"https:\/\/galavito.cz\/fr\/wp-json\/wp\/v2\/product"}],"about":[{"href":"https:\/\/galavito.cz\/fr\/wp-json\/wp\/v2\/types\/product"}],"wp:featuredmedia":[{"embeddable":true,"href":"https:\/\/galavito.cz\/fr\/wp-json\/wp\/v2\/media\/9777"}],"wp:attachment":[{"href":"https:\/\/galavito.cz\/fr\/wp-json\/wp\/v2\/media?parent=10909"}],"wp:term":[{"taxonomy":"product_brand","embeddable":true,"href":"https:\/\/galavito.cz\/fr\/wp-json\/wp\/v2\/product_brand?post=10909"},{"taxonomy":"product_cat","embeddable":true,"href":"https:\/\/galavito.cz\/fr\/wp-json\/wp\/v2\/product_cat?post=10909"},{"taxonomy":"product_tag","embeddable":true,"href":"https:\/\/galavito.cz\/fr\/wp-json\/wp\/v2\/product_tag?post=10909"}],"curies":[{"name":"wp","href":"https:\/\/api.w.org\/{rel}","templated":true}]}}