{"id":11027,"date":"2021-02-14T22:53:29","date_gmt":"2021-02-14T21:53:29","guid":{"rendered":"https:\/\/galavito.cz\/?page_id=11027"},"modified":"2021-02-14T22:53:32","modified_gmt":"2021-02-14T21:53:32","slug":"table-chauffante-bistro-duo","status":"publish","type":"page","link":"https:\/\/galavito.cz\/fr\/table-chauffante-bistro-duo\/","title":{"rendered":"Table chauffante BISTRO DUO"},"content":{"rendered":"<section class=\"l-section wpb_row height_small\"><div class=\"l-section-h i-cf\"><div class=\"g-cols vc_row via_flex valign_top type_default stacking_default\"><div class=\"vc_col-sm-12 wpb_column vc_column_container\"><div class=\"vc_column-inner\"><div class=\"wpb_wrapper\"><div class=\"woocommerce\">\t\t\t<div class=\"single-product\" data-product-page-preselected-id=\"0\">\n\t\t\t\t<div class=\"woocommerce-notices-wrapper\"><\/div><div id=\"product-11101\" class=\"product type-product post-11101 status-publish first instock product_cat-tables-chauffantes has-post-thumbnail taxable shipping-taxable purchasable product-type-simple\">\n\n\t<div class=\"woocommerce-product-gallery woocommerce-product-gallery--with-images woocommerce-product-gallery--columns-4 images type_slider thumbpos_bottom\" data-columns=\"4\" style=\"opacity: 0; transition: opacity .25s ease-in-out;\">\n\t<div class=\"woocommerce-product-gallery__wrapper\">\n\t\t<div data-thumb=\"https:\/\/galavito.cz\/wp-content\/uploads\/2019\/03\/vyhrivany-stolek-BISTRO-DUO_galavito-cz-300x300.jpg\" data-thumb-alt=\"Table chauffante BISTRO DUO\" data-thumb-srcset=\"https:\/\/galavito.cz\/wp-content\/uploads\/2019\/03\/vyhrivany-stolek-BISTRO-DUO_galavito-cz-300x300.jpg 300w, https:\/\/galavito.cz\/wp-content\/uploads\/2019\/03\/vyhrivany-stolek-BISTRO-DUO_galavito-cz-150x150.jpg 150w, https:\/\/galavito.cz\/wp-content\/uploads\/2019\/03\/vyhrivany-stolek-BISTRO-DUO_galavito-cz-1024x1024.jpg 1024w, https:\/\/galavito.cz\/wp-content\/uploads\/2019\/03\/vyhrivany-stolek-BISTRO-DUO_galavito-cz-350x350.jpg 350w, https:\/\/galavito.cz\/wp-content\/uploads\/2019\/03\/vyhrivany-stolek-BISTRO-DUO_galavito-cz-600x600.jpg 600w, https:\/\/galavito.cz\/wp-content\/uploads\/2019\/03\/vyhrivany-stolek-BISTRO-DUO_galavito-cz.jpg 1200w\"  data-thumb-sizes=\"(max-width: 300px) 100vw, 300px\" class=\"woocommerce-product-gallery__image\"><a href=\"https:\/\/galavito.cz\/wp-content\/uploads\/2019\/03\/vyhrivany-stolek-BISTRO-DUO_galavito-cz.jpg\"><img loading=\"lazy\" decoding=\"async\" width=\"600\" height=\"600\" src=\"https:\/\/galavito.cz\/wp-content\/uploads\/2019\/03\/vyhrivany-stolek-BISTRO-DUO_galavito-cz-600x600.jpg\" class=\"wp-post-image\" alt=\"Table chauffante BISTRO DUO\" data-caption=\"\" data-src=\"https:\/\/galavito.cz\/wp-content\/uploads\/2019\/03\/vyhrivany-stolek-BISTRO-DUO_galavito-cz.jpg\" data-large_image=\"https:\/\/galavito.cz\/wp-content\/uploads\/2019\/03\/vyhrivany-stolek-BISTRO-DUO_galavito-cz.jpg\" data-large_image_width=\"1200\" data-large_image_height=\"1200\" srcset=\"https:\/\/galavito.cz\/wp-content\/uploads\/2019\/03\/vyhrivany-stolek-BISTRO-DUO_galavito-cz-600x600.jpg 600w, https:\/\/galavito.cz\/wp-content\/uploads\/2019\/03\/vyhrivany-stolek-BISTRO-DUO_galavito-cz-150x150.jpg 150w, https:\/\/galavito.cz\/wp-content\/uploads\/2019\/03\/vyhrivany-stolek-BISTRO-DUO_galavito-cz-300x300.jpg 300w, https:\/\/galavito.cz\/wp-content\/uploads\/2019\/03\/vyhrivany-stolek-BISTRO-DUO_galavito-cz-1024x1024.jpg 1024w, https:\/\/galavito.cz\/wp-content\/uploads\/2019\/03\/vyhrivany-stolek-BISTRO-DUO_galavito-cz-350x350.jpg 350w, https:\/\/galavito.cz\/wp-content\/uploads\/2019\/03\/vyhrivany-stolek-BISTRO-DUO_galavito-cz.jpg 1200w\" sizes=\"auto, (max-width: 600px) 100vw, 600px\" \/><\/a><\/div><div data-thumb=\"https:\/\/galavito.cz\/wp-content\/uploads\/2019\/03\/vyhrivany_stolek_galavito_bistro_duo_infra_venkovni_topeni_heating_table-300x300.jpg\" data-thumb-alt=\"Vyh\u0159\u00edvan\u00fd stolek BISTRO DUO\" data-thumb-srcset=\"https:\/\/galavito.cz\/wp-content\/uploads\/2019\/03\/vyhrivany_stolek_galavito_bistro_duo_infra_venkovni_topeni_heating_table-300x300.jpg 300w, https:\/\/galavito.cz\/wp-content\/uploads\/2019\/03\/vyhrivany_stolek_galavito_bistro_duo_infra_venkovni_topeni_heating_table-1024x1024.jpg 1024w, https:\/\/galavito.cz\/wp-content\/uploads\/2019\/03\/vyhrivany_stolek_galavito_bistro_duo_infra_venkovni_topeni_heating_table-150x150.jpg 150w, https:\/\/galavito.cz\/wp-content\/uploads\/2019\/03\/vyhrivany_stolek_galavito_bistro_duo_infra_venkovni_topeni_heating_table-350x350.jpg 350w, https:\/\/galavito.cz\/wp-content\/uploads\/2019\/03\/vyhrivany_stolek_galavito_bistro_duo_infra_venkovni_topeni_heating_table-600x600.jpg 600w, https:\/\/galavito.cz\/wp-content\/uploads\/2019\/03\/vyhrivany_stolek_galavito_bistro_duo_infra_venkovni_topeni_heating_table-1140x1140.jpg 1140w, https:\/\/galavito.cz\/wp-content\/uploads\/2019\/03\/vyhrivany_stolek_galavito_bistro_duo_infra_venkovni_topeni_heating_table.jpg 1800w\"  data-thumb-sizes=\"(max-width: 300px) 100vw, 300px\" class=\"woocommerce-product-gallery__image\"><a href=\"https:\/\/galavito.cz\/wp-content\/uploads\/2019\/03\/vyhrivany_stolek_galavito_bistro_duo_infra_venkovni_topeni_heating_table.jpg\"><img loading=\"lazy\" decoding=\"async\" width=\"600\" height=\"600\" src=\"https:\/\/galavito.cz\/wp-content\/uploads\/2019\/03\/vyhrivany_stolek_galavito_bistro_duo_infra_venkovni_topeni_heating_table-600x600.jpg\" class=\"\" alt=\"Vyh\u0159\u00edvan\u00fd stolek BISTRO DUO\" data-caption=\"\" data-src=\"https:\/\/galavito.cz\/wp-content\/uploads\/2019\/03\/vyhrivany_stolek_galavito_bistro_duo_infra_venkovni_topeni_heating_table.jpg\" data-large_image=\"https:\/\/galavito.cz\/wp-content\/uploads\/2019\/03\/vyhrivany_stolek_galavito_bistro_duo_infra_venkovni_topeni_heating_table.jpg\" data-large_image_width=\"1800\" data-large_image_height=\"1800\" srcset=\"https:\/\/galavito.cz\/wp-content\/uploads\/2019\/03\/vyhrivany_stolek_galavito_bistro_duo_infra_venkovni_topeni_heating_table-600x600.jpg 600w, https:\/\/galavito.cz\/wp-content\/uploads\/2019\/03\/vyhrivany_stolek_galavito_bistro_duo_infra_venkovni_topeni_heating_table-300x300.jpg 300w, https:\/\/galavito.cz\/wp-content\/uploads\/2019\/03\/vyhrivany_stolek_galavito_bistro_duo_infra_venkovni_topeni_heating_table-1024x1024.jpg 1024w, https:\/\/galavito.cz\/wp-content\/uploads\/2019\/03\/vyhrivany_stolek_galavito_bistro_duo_infra_venkovni_topeni_heating_table-150x150.jpg 150w, https:\/\/galavito.cz\/wp-content\/uploads\/2019\/03\/vyhrivany_stolek_galavito_bistro_duo_infra_venkovni_topeni_heating_table-350x350.jpg 350w, https:\/\/galavito.cz\/wp-content\/uploads\/2019\/03\/vyhrivany_stolek_galavito_bistro_duo_infra_venkovni_topeni_heating_table-1140x1140.jpg 1140w, https:\/\/galavito.cz\/wp-content\/uploads\/2019\/03\/vyhrivany_stolek_galavito_bistro_duo_infra_venkovni_topeni_heating_table.jpg 1800w\" sizes=\"auto, (max-width: 600px) 100vw, 600px\" \/><\/a><\/div><div data-thumb=\"https:\/\/galavito.cz\/wp-content\/uploads\/2019\/10\/bottom-story-background-300x300.jpg\" data-thumb-alt=\"Table chauffante BISTRO DUO \u2013 Image 3\" data-thumb-srcset=\"https:\/\/galavito.cz\/wp-content\/uploads\/2019\/10\/bottom-story-background-300x300.jpg 300w, https:\/\/galavito.cz\/wp-content\/uploads\/2019\/10\/bottom-story-background-150x150.jpg 150w, https:\/\/galavito.cz\/wp-content\/uploads\/2019\/10\/bottom-story-background-350x350.jpg 350w, https:\/\/galavito.cz\/wp-content\/uploads\/2019\/10\/bottom-story-background-600x600.jpg 600w\"  data-thumb-sizes=\"(max-width: 300px) 100vw, 300px\" class=\"woocommerce-product-gallery__image\"><a href=\"https:\/\/galavito.cz\/wp-content\/uploads\/2019\/10\/bottom-story-background.jpg\"><img loading=\"lazy\" decoding=\"async\" width=\"600\" height=\"400\" src=\"https:\/\/galavito.cz\/wp-content\/uploads\/2019\/10\/bottom-story-background-600x400.jpg\" class=\"\" alt=\"Table chauffante BISTRO DUO \u2013 Image 3\" data-caption=\"\" data-src=\"https:\/\/galavito.cz\/wp-content\/uploads\/2019\/10\/bottom-story-background.jpg\" data-large_image=\"https:\/\/galavito.cz\/wp-content\/uploads\/2019\/10\/bottom-story-background.jpg\" data-large_image_width=\"1600\" data-large_image_height=\"1067\" srcset=\"https:\/\/galavito.cz\/wp-content\/uploads\/2019\/10\/bottom-story-background-600x400.jpg 600w, https:\/\/galavito.cz\/wp-content\/uploads\/2019\/10\/bottom-story-background-300x200.jpg 300w, https:\/\/galavito.cz\/wp-content\/uploads\/2019\/10\/bottom-story-background-1024x683.jpg 1024w, https:\/\/galavito.cz\/wp-content\/uploads\/2019\/10\/bottom-story-background.jpg 1600w\" sizes=\"auto, (max-width: 600px) 100vw, 600px\" \/><\/a><\/div><div data-thumb=\"https:\/\/galavito.cz\/wp-content\/uploads\/2019\/05\/IMG_5417-300x300.jpg\" data-thumb-alt=\"Table chauffante BISTRO DUO \u2013 Image 4\" data-thumb-srcset=\"https:\/\/galavito.cz\/wp-content\/uploads\/2019\/05\/IMG_5417-300x300.jpg 300w, https:\/\/galavito.cz\/wp-content\/uploads\/2019\/05\/IMG_5417-150x150.jpg 150w, https:\/\/galavito.cz\/wp-content\/uploads\/2019\/05\/IMG_5417-1024x1024.jpg 1024w, https:\/\/galavito.cz\/wp-content\/uploads\/2019\/05\/IMG_5417-350x350.jpg 350w, https:\/\/galavito.cz\/wp-content\/uploads\/2019\/05\/IMG_5417-600x600.jpg 600w, https:\/\/galavito.cz\/wp-content\/uploads\/2019\/05\/IMG_5417.jpg 1200w\"  data-thumb-sizes=\"(max-width: 300px) 100vw, 300px\" class=\"woocommerce-product-gallery__image\"><a href=\"https:\/\/galavito.cz\/wp-content\/uploads\/2019\/05\/IMG_5417.jpg\"><img loading=\"lazy\" decoding=\"async\" width=\"600\" height=\"600\" src=\"https:\/\/galavito.cz\/wp-content\/uploads\/2019\/05\/IMG_5417-600x600.jpg\" class=\"\" alt=\"Table chauffante BISTRO DUO \u2013 Image 4\" data-caption=\"\" data-src=\"https:\/\/galavito.cz\/wp-content\/uploads\/2019\/05\/IMG_5417.jpg\" data-large_image=\"https:\/\/galavito.cz\/wp-content\/uploads\/2019\/05\/IMG_5417.jpg\" data-large_image_width=\"1200\" data-large_image_height=\"1200\" srcset=\"https:\/\/galavito.cz\/wp-content\/uploads\/2019\/05\/IMG_5417-600x600.jpg 600w, https:\/\/galavito.cz\/wp-content\/uploads\/2019\/05\/IMG_5417-150x150.jpg 150w, https:\/\/galavito.cz\/wp-content\/uploads\/2019\/05\/IMG_5417-300x300.jpg 300w, https:\/\/galavito.cz\/wp-content\/uploads\/2019\/05\/IMG_5417-1024x1024.jpg 1024w, https:\/\/galavito.cz\/wp-content\/uploads\/2019\/05\/IMG_5417-350x350.jpg 350w, https:\/\/galavito.cz\/wp-content\/uploads\/2019\/05\/IMG_5417.jpg 1200w\" sizes=\"auto, (max-width: 600px) 100vw, 600px\" \/><\/a><\/div><div data-thumb=\"https:\/\/galavito.cz\/wp-content\/uploads\/2019\/08\/IMG_9321s-300x300.jpg\" data-thumb-alt=\"Table chauffante BISTRO DUO \u2013 Image 5\" data-thumb-srcset=\"https:\/\/galavito.cz\/wp-content\/uploads\/2019\/08\/IMG_9321s-300x300.jpg 300w, https:\/\/galavito.cz\/wp-content\/uploads\/2019\/08\/IMG_9321s-150x150.jpg 150w, https:\/\/galavito.cz\/wp-content\/uploads\/2019\/08\/IMG_9321s-1024x1024.jpg 1024w, https:\/\/galavito.cz\/wp-content\/uploads\/2019\/08\/IMG_9321s-350x350.jpg 350w, https:\/\/galavito.cz\/wp-content\/uploads\/2019\/08\/IMG_9321s-600x600.jpg 600w, https:\/\/galavito.cz\/wp-content\/uploads\/2019\/08\/IMG_9321s.jpg 1600w\"  data-thumb-sizes=\"(max-width: 300px) 100vw, 300px\" class=\"woocommerce-product-gallery__image\"><a href=\"https:\/\/galavito.cz\/wp-content\/uploads\/2019\/08\/IMG_9321s.jpg\"><img loading=\"lazy\" decoding=\"async\" width=\"600\" height=\"600\" src=\"https:\/\/galavito.cz\/wp-content\/uploads\/2019\/08\/IMG_9321s-600x600.jpg\" class=\"\" alt=\"Table chauffante BISTRO DUO \u2013 Image 5\" data-caption=\"\" data-src=\"https:\/\/galavito.cz\/wp-content\/uploads\/2019\/08\/IMG_9321s.jpg\" data-large_image=\"https:\/\/galavito.cz\/wp-content\/uploads\/2019\/08\/IMG_9321s.jpg\" data-large_image_width=\"1600\" data-large_image_height=\"1600\" srcset=\"https:\/\/galavito.cz\/wp-content\/uploads\/2019\/08\/IMG_9321s-600x600.jpg 600w, https:\/\/galavito.cz\/wp-content\/uploads\/2019\/08\/IMG_9321s-150x150.jpg 150w, https:\/\/galavito.cz\/wp-content\/uploads\/2019\/08\/IMG_9321s-300x300.jpg 300w, https:\/\/galavito.cz\/wp-content\/uploads\/2019\/08\/IMG_9321s-1024x1024.jpg 1024w, https:\/\/galavito.cz\/wp-content\/uploads\/2019\/08\/IMG_9321s-350x350.jpg 350w, https:\/\/galavito.cz\/wp-content\/uploads\/2019\/08\/IMG_9321s.jpg 1600w\" sizes=\"auto, (max-width: 600px) 100vw, 600px\" \/><\/a><\/div><div data-thumb=\"https:\/\/galavito.cz\/wp-content\/uploads\/2019\/12\/pronajem_venkovniho_topeni_galavito_heating_table_slovansky_dum-300x300.jpg\" data-thumb-alt=\"Table chauffante BISTRO DUO \u2013 Image 6\" data-thumb-srcset=\"https:\/\/galavito.cz\/wp-content\/uploads\/2019\/12\/pronajem_venkovniho_topeni_galavito_heating_table_slovansky_dum-300x300.jpg 300w, https:\/\/galavito.cz\/wp-content\/uploads\/2019\/12\/pronajem_venkovniho_topeni_galavito_heating_table_slovansky_dum-150x150.jpg 150w, https:\/\/galavito.cz\/wp-content\/uploads\/2019\/12\/pronajem_venkovniho_topeni_galavito_heating_table_slovansky_dum-350x350.jpg 350w, https:\/\/galavito.cz\/wp-content\/uploads\/2019\/12\/pronajem_venkovniho_topeni_galavito_heating_table_slovansky_dum-600x600.jpg 600w\"  data-thumb-sizes=\"(max-width: 300px) 100vw, 300px\" class=\"woocommerce-product-gallery__image\"><a href=\"https:\/\/galavito.cz\/wp-content\/uploads\/2019\/12\/pronajem_venkovniho_topeni_galavito_heating_table_slovansky_dum.jpg\"><img loading=\"lazy\" decoding=\"async\" width=\"600\" height=\"420\" src=\"https:\/\/galavito.cz\/wp-content\/uploads\/2019\/12\/pronajem_venkovniho_topeni_galavito_heating_table_slovansky_dum-600x420.jpg\" class=\"\" alt=\"Table chauffante BISTRO DUO \u2013 Image 6\" data-caption=\"\" data-src=\"https:\/\/galavito.cz\/wp-content\/uploads\/2019\/12\/pronajem_venkovniho_topeni_galavito_heating_table_slovansky_dum.jpg\" data-large_image=\"https:\/\/galavito.cz\/wp-content\/uploads\/2019\/12\/pronajem_venkovniho_topeni_galavito_heating_table_slovansky_dum.jpg\" data-large_image_width=\"1000\" data-large_image_height=\"700\" srcset=\"https:\/\/galavito.cz\/wp-content\/uploads\/2019\/12\/pronajem_venkovniho_topeni_galavito_heating_table_slovansky_dum-600x420.jpg 600w, https:\/\/galavito.cz\/wp-content\/uploads\/2019\/12\/pronajem_venkovniho_topeni_galavito_heating_table_slovansky_dum-300x210.jpg 300w, https:\/\/galavito.cz\/wp-content\/uploads\/2019\/12\/pronajem_venkovniho_topeni_galavito_heating_table_slovansky_dum.jpg 1000w\" sizes=\"auto, (max-width: 600px) 100vw, 600px\" \/><\/a><\/div><div data-thumb=\"https:\/\/galavito.cz\/wp-content\/uploads\/2019\/12\/pronajem_venkovniho_topeni_galavito_advivum_stolky-300x300.jpg\" data-thumb-alt=\"Table chauffante BISTRO DUO \u2013 Image 7\" data-thumb-srcset=\"https:\/\/galavito.cz\/wp-content\/uploads\/2019\/12\/pronajem_venkovniho_topeni_galavito_advivum_stolky-300x300.jpg 300w, https:\/\/galavito.cz\/wp-content\/uploads\/2019\/12\/pronajem_venkovniho_topeni_galavito_advivum_stolky-150x150.jpg 150w, https:\/\/galavito.cz\/wp-content\/uploads\/2019\/12\/pronajem_venkovniho_topeni_galavito_advivum_stolky-350x350.jpg 350w, https:\/\/galavito.cz\/wp-content\/uploads\/2019\/12\/pronajem_venkovniho_topeni_galavito_advivum_stolky-600x600.jpg 600w\"  data-thumb-sizes=\"(max-width: 300px) 100vw, 300px\" class=\"woocommerce-product-gallery__image\"><a href=\"https:\/\/galavito.cz\/wp-content\/uploads\/2019\/12\/pronajem_venkovniho_topeni_galavito_advivum_stolky.jpg\"><img loading=\"lazy\" decoding=\"async\" width=\"600\" height=\"660\" src=\"https:\/\/galavito.cz\/wp-content\/uploads\/2019\/12\/pronajem_venkovniho_topeni_galavito_advivum_stolky-600x660.jpg\" class=\"\" alt=\"Table chauffante BISTRO DUO \u2013 Image 7\" data-caption=\"\" data-src=\"https:\/\/galavito.cz\/wp-content\/uploads\/2019\/12\/pronajem_venkovniho_topeni_galavito_advivum_stolky.jpg\" data-large_image=\"https:\/\/galavito.cz\/wp-content\/uploads\/2019\/12\/pronajem_venkovniho_topeni_galavito_advivum_stolky.jpg\" data-large_image_width=\"1000\" data-large_image_height=\"1100\" srcset=\"https:\/\/galavito.cz\/wp-content\/uploads\/2019\/12\/pronajem_venkovniho_topeni_galavito_advivum_stolky-600x660.jpg 600w, https:\/\/galavito.cz\/wp-content\/uploads\/2019\/12\/pronajem_venkovniho_topeni_galavito_advivum_stolky-273x300.jpg 273w, https:\/\/galavito.cz\/wp-content\/uploads\/2019\/12\/pronajem_venkovniho_topeni_galavito_advivum_stolky-931x1024.jpg 931w, https:\/\/galavito.cz\/wp-content\/uploads\/2019\/12\/pronajem_venkovniho_topeni_galavito_advivum_stolky.jpg 1000w\" sizes=\"auto, (max-width: 600px) 100vw, 600px\" \/><\/a><\/div><div data-thumb=\"https:\/\/galavito.cz\/wp-content\/uploads\/2019\/12\/pronajem_venkovniho_topeni_galavito_advivum_party-300x300.jpg\" data-thumb-alt=\"Table chauffante BISTRO DUO \u2013 Image 8\" data-thumb-srcset=\"https:\/\/galavito.cz\/wp-content\/uploads\/2019\/12\/pronajem_venkovniho_topeni_galavito_advivum_party-300x300.jpg 300w, https:\/\/galavito.cz\/wp-content\/uploads\/2019\/12\/pronajem_venkovniho_topeni_galavito_advivum_party-150x150.jpg 150w, https:\/\/galavito.cz\/wp-content\/uploads\/2019\/12\/pronajem_venkovniho_topeni_galavito_advivum_party-350x350.jpg 350w, https:\/\/galavito.cz\/wp-content\/uploads\/2019\/12\/pronajem_venkovniho_topeni_galavito_advivum_party-600x600.jpg 600w\"  data-thumb-sizes=\"(max-width: 300px) 100vw, 300px\" class=\"woocommerce-product-gallery__image\"><a href=\"https:\/\/galavito.cz\/wp-content\/uploads\/2019\/12\/pronajem_venkovniho_topeni_galavito_advivum_party.jpg\"><img loading=\"lazy\" decoding=\"async\" width=\"600\" height=\"393\" src=\"https:\/\/galavito.cz\/wp-content\/uploads\/2019\/12\/pronajem_venkovniho_topeni_galavito_advivum_party-600x393.jpg\" class=\"\" alt=\"Table chauffante BISTRO DUO \u2013 Image 8\" data-caption=\"\" data-src=\"https:\/\/galavito.cz\/wp-content\/uploads\/2019\/12\/pronajem_venkovniho_topeni_galavito_advivum_party.jpg\" data-large_image=\"https:\/\/galavito.cz\/wp-content\/uploads\/2019\/12\/pronajem_venkovniho_topeni_galavito_advivum_party.jpg\" data-large_image_width=\"1000\" data-large_image_height=\"655\" srcset=\"https:\/\/galavito.cz\/wp-content\/uploads\/2019\/12\/pronajem_venkovniho_topeni_galavito_advivum_party-600x393.jpg 600w, https:\/\/galavito.cz\/wp-content\/uploads\/2019\/12\/pronajem_venkovniho_topeni_galavito_advivum_party-300x197.jpg 300w, https:\/\/galavito.cz\/wp-content\/uploads\/2019\/12\/pronajem_venkovniho_topeni_galavito_advivum_party.jpg 1000w\" sizes=\"auto, (max-width: 600px) 100vw, 600px\" \/><\/a><\/div>\t<\/div>\n<\/div>\n\n\t<div class=\"summary entry-summary\">\n\t\t<nav class=\"woocommerce-breadcrumb\" aria-label=\"Breadcrumb\"><a href=\"https:\/\/galavito.cz\/fr\/\">Accueil<\/a>&nbsp;&#47;&nbsp;<a href=\"https:\/\/galavito.cz\/fr\/sekce\/tables-chauffantes\/\">Tables chauffantes<\/a>&nbsp;&#47;&nbsp;Table chauffante BISTRO DUO<\/nav><h1 class=\"product_title entry-title\">Table chauffante BISTRO DUO<\/h1><p class=\"price\"><span class=\"woocommerce-Price-amount amount\"><bdi><span class=\"woocommerce-Price-currencySymbol\">&euro;<\/span>799.60<\/bdi><\/span> <small class=\"woocommerce-price-suffix\">+ DPH 21 %<\/small><\/p>\n<div class=\"woocommerce-product-details__short-description\">\n\t<p>Venkovn\u00ed vyh\u0159\u00edvan\u00fd stolek BISTRO DUO <strong>slou\u017e\u00ed k zah\u0159\u00e1t\u00ed stoj\u00edc\u00edch host\u016f<\/strong>, kte\u0159\u00ed si cht\u011bj\u00ed i p\u0159i nep\u0159\u00edzniv\u00e9m po\u010das\u00ed venku v klidu vychutnat svou cigaretu, k\u00e1vu, nebo si promluvit s p\u0159\u00e1teli.<\/p>\n<p>Stolek je vybaven\u00fd <strong>109 cm vysokou podno\u017e\u00ed se 2 infratrubicemi<\/strong>, d\u00edky kter\u00fdm <strong>je mo\u017en\u00e9 regulovat intenzitu topen\u00ed<\/strong>.<\/p>\n<p>Host\u00e9 si tak d\u00edky zah\u0159\u00edv\u00e1n\u00ed naplno u\u017eij\u00ed pobyt venku p\u0159ed restaurac\u00ed, na p\u0159edzahr\u00e1dce \u010di terase.<\/p>\n<\/div>\n\n\t\n\t<form class=\"cart\" action=\"\" method=\"post\" enctype='multipart\/form-data'>\n\t\t\n\t\t<div class=\"quantity\">\n\t\t<label class=\"screen-reader-text\" for=\"quantity_69e354754b531\">quantit\u00e9 de Table chauffante BISTRO DUO<\/label>\n\t<input\n\t\ttype=\"number\"\n\t\t\t\tid=\"quantity_69e354754b531\"\n\t\tclass=\"input-text qty text\"\n\t\tname=\"quantity\"\n\t\tvalue=\"1\"\n\t\taria-label=\"Quantit\u00e9 de produits\"\n\t\t\t\tmin=\"1\"\n\t\t\t\t\t\t\tstep=\"1\"\n\t\t\tplaceholder=\"\"\n\t\t\tinputmode=\"numeric\"\n\t\t\tautocomplete=\"off\"\n\t\t\t\/>\n\t<\/div>\n\n\t\t<button type=\"submit\" name=\"add-to-cart\" value=\"11101\" class=\"single_add_to_cart_button button alt\">Ajouter au panier<\/button>\n\n\t\t\t<\/form>\n\n\t\n<div class=\"product_meta\">\n\n\t\n\t\n\t<span class=\"posted_in\">Cat\u00e9gorie\u00a0: <a href=\"https:\/\/galavito.cz\/fr\/sekce\/tables-chauffantes\/\" rel=\"tag\">Tables chauffantes<\/a><\/span>\n\t\n\t\n<\/div>\n\t<\/div>\n\n\t\n\t<div class=\"woocommerce-tabs wc-tabs-wrapper\">\n\t\t<ul class=\"tabs wc-tabs\" role=\"tablist\">\n\t\t\t\t\t\t\t<li role=\"presentation\" class=\"description_tab\" id=\"tab-title-description\">\n\t\t\t\t\t<a href=\"#tab-description\" role=\"tab\" aria-controls=\"tab-description\">\n\t\t\t\t\t\tDescription\t\t\t\t\t<\/a>\n\t\t\t\t<\/li>\n\t\t\t\t\t<\/ul>\n\t\t\t\t\t<div class=\"woocommerce-Tabs-panel woocommerce-Tabs-panel--description panel entry-content wc-tab\" id=\"tab-description\" role=\"tabpanel\" aria-labelledby=\"tab-title-description\">\n\t\t\t\t\n\t<h2>Description<\/h2>\n\n<p><strong>Bez stolov\u00e9 desky.<\/strong> Pro jej\u00ed v\u00fdb\u011br nav\u0161tivte pros\u00edm sekci <a href=\"https:\/\/galavito.cz\/stolove-desky\/\">Stolov\u00e9 desky<\/a>.<br \/>\nV\u00fd\u0161ka 109 cm a v\u00e1ha 25,5 kg.<br \/>\nZdroj energie: 230V\u00a0~50\u00a0Hz. V\u00fdkon topn\u00e9 z\u00e1\u0159ivky:\u00a02\u00d7\u00a01,2\u00a0kW<br \/>\nStupe\u0148 kryt\u00ed: IP44<\/p>\n\t\t\t<\/div>\n\t\t\n\t\t\t<\/div>\n\n\n\t<section class=\"related products\">\n\n\t\t\t\t\t<h2>Produits similaires<\/h2>\n\t\t\t\t<ul class=\"products columns-5\">\n\n\t\t\t\n\t\t\t\t\t<li class=\"product type-product post-11106 status-publish first instock product_cat-tables-chauffantes has-post-thumbnail taxable shipping-taxable purchasable product-type-simple\">\n\t<a href=\"https:\/\/galavito.cz\/fr\/produkt\/table-chauffante-resto\/\" class=\"woocommerce-LoopProduct-link woocommerce-loop-product__link\"><img loading=\"lazy\" decoding=\"async\" width=\"300\" height=\"300\" src=\"https:\/\/galavito.cz\/wp-content\/uploads\/2019\/03\/vyhrivany-stolek-RESTO_galavito-cz-300x300.jpg\" class=\"attachment-woocommerce_thumbnail size-woocommerce_thumbnail\" alt=\"Table chauffante RESTO\" srcset=\"https:\/\/galavito.cz\/wp-content\/uploads\/2019\/03\/vyhrivany-stolek-RESTO_galavito-cz-300x300.jpg 300w, https:\/\/galavito.cz\/wp-content\/uploads\/2019\/03\/vyhrivany-stolek-RESTO_galavito-cz-150x150.jpg 150w, https:\/\/galavito.cz\/wp-content\/uploads\/2019\/03\/vyhrivany-stolek-RESTO_galavito-cz-1024x1024.jpg 1024w, https:\/\/galavito.cz\/wp-content\/uploads\/2019\/03\/vyhrivany-stolek-RESTO_galavito-cz-350x350.jpg 350w, https:\/\/galavito.cz\/wp-content\/uploads\/2019\/03\/vyhrivany-stolek-RESTO_galavito-cz-600x600.jpg 600w, https:\/\/galavito.cz\/wp-content\/uploads\/2019\/03\/vyhrivany-stolek-RESTO_galavito-cz.jpg 1200w\" sizes=\"auto, (max-width: 300px) 100vw, 300px\" \/><h2 class=\"woocommerce-loop-product__title\">Table chauffante RESTO<\/h2>\n\t<span class=\"price\"><span class=\"woocommerce-Price-amount amount\"><bdi><span class=\"woocommerce-Price-currencySymbol\">&euro;<\/span>639.60<\/bdi><\/span> <small class=\"woocommerce-price-suffix\">+ DPH 21 %<\/small><\/span>\n<\/a><a href=\"\/fr\/wp-json\/wp\/v2\/pages\/11027?add-to-cart=11106\" aria-describedby=\"woocommerce_loop_add_to_cart_link_describedby_11106\" data-quantity=\"1\" class=\"button product_type_simple add_to_cart_button ajax_add_to_cart\" data-product_id=\"11106\" data-product_sku=\"\" aria-label=\"Ajouter au panier\u00a0: &ldquo;Table chauffante RESTO&rdquo;\" rel=\"nofollow\" data-success_message=\"\u00ab\u00a0Table chauffante RESTO\u00a0\u00bb a \u00e9t\u00e9 ajout\u00e9 \u00e0 votre panier\" role=\"button\"><i class=\"g-preloader type_1\"><\/i><span class=\"w-btn-label\">Ajouter au panier<\/span><\/a>\t<span id=\"woocommerce_loop_add_to_cart_link_describedby_11106\" class=\"screen-reader-text\">\n\t\t\t<\/span>\n<\/li>\n\n\t\t\t\n\t\t<\/ul>\n\n\t<\/section>\n\t<\/div>\n\n\t\t\t<\/div>\n\t\t\t<\/div><\/div><\/div><\/div><\/div><\/div><\/section><section class=\"l-section wpb_row height_small color_secondary\"><div class=\"l-section-h i-cf\"><div class=\"g-cols vc_row via_flex valign_top type_default stacking_default\"><div class=\"vc_col-sm-12 wpb_column vc_column_container\"><div class=\"vc_column-inner\"><div class=\"wpb_wrapper\"><div class=\"wpb_text_column\"><div class=\"wpb_wrapper\"><p style=\"text-align: center;\"><strong>Infratopen\u00ed Galavito Heating Table V\u00e1s <span class=\"st\">p\u0159ijde<\/span> jen na 6 K\u010d\/hod.<\/strong><br \/>\nKlasick\u00e9 plynov\u00e9 z\u00e1\u0159i\u010de V\u00e1s ale stoj\u00ed od 30 K\u010d\/hod,\u00a0<span class=\"st\">nut\u00ed<\/span> p\u0159ed hosty manipulovat s plynov\u00fdmi lahvemi a slo\u017eit\u011b zapalovat plynovou lampu\/z\u00e1\u0159i\u010d.<\/p>\n<\/div><\/div><div class=\"w-separator size_small\"><\/div><div class=\"w-btn-wrapper align_center\"><a class=\"w-btn us-btn-style_1\" title=\"Infratopen\u00ed Galavito Heating Table versus plynov\u00e1 topidla\" href=\"https:\/\/galavito.cz\/infratopeni-galavito-heating-table-versus-plynova-topidla\/\"><span class=\"w-btn-label\">Podrobn\u011bji<\/span><\/a><\/div><\/div><\/div><\/div><\/div><\/div><\/section>\n","protected":false},"excerpt":{"rendered":"Bez stolov\u00e9 desky. Pro jej\u00ed v\u00fdb\u011br nav\u0161tivte pros\u00edm sekci Stolov\u00e9 desky. V\u00fd\u0161ka 109 cm a v\u00e1ha 25,5 kg. Zdroj energie: 230V\u00a0~50\u00a0Hz. V\u00fdkon topn\u00e9 z\u00e1\u0159ivky:\u00a02\u00d7\u00a01,2\u00a0kW Stupe\u0148 kryt\u00ed: IP44","protected":false},"author":2,"featured_media":0,"parent":0,"menu_order":0,"comment_status":"closed","ping_status":"closed","template":"","meta":{"footnotes":""},"class_list":["post-11027","page","type-page","status-publish","hentry"],"aioseo_notices":[],"_links":{"self":[{"href":"https:\/\/galavito.cz\/fr\/wp-json\/wp\/v2\/pages\/11027","targetHints":{"allow":["GET"]}}],"collection":[{"href":"https:\/\/galavito.cz\/fr\/wp-json\/wp\/v2\/pages"}],"about":[{"href":"https:\/\/galavito.cz\/fr\/wp-json\/wp\/v2\/types\/page"}],"author":[{"embeddable":true,"href":"https:\/\/galavito.cz\/fr\/wp-json\/wp\/v2\/users\/2"}],"replies":[{"embeddable":true,"href":"https:\/\/galavito.cz\/fr\/wp-json\/wp\/v2\/comments?post=11027"}],"version-history":[{"count":0,"href":"https:\/\/galavito.cz\/fr\/wp-json\/wp\/v2\/pages\/11027\/revisions"}],"wp:attachment":[{"href":"https:\/\/galavito.cz\/fr\/wp-json\/wp\/v2\/media?parent=11027"}],"curies":[{"name":"wp","href":"https:\/\/api.w.org\/{rel}","templated":true}]}}