{"id":8213,"date":"2020-06-01T14:42:42","date_gmt":"2020-06-01T12:42:42","guid":{"rendered":"https:\/\/galavito.cz\/?post_type=product&#038;p=8213"},"modified":"2022-05-18T10:30:28","modified_gmt":"2022-05-18T08:30:28","slug":"zahradni-set-skladaci-stolek-a-dve-skladaci-zidle","status":"publish","type":"product","link":"https:\/\/galavito.cz\/en\/produkt\/zahradni-set-skladaci-stolek-a-dve-skladaci-zidle\/","title":{"rendered":"Zahradn\u00ed set: skl\u00e1dac\u00ed stolek a dv\u011b skl\u00e1dac\u00ed \u017eidle"},"content":{"rendered":"<p><strong>Obsahuje:<\/strong> 1 x skl\u00e1dac\u00ed st\u016fl, 2x skl\u00e1dac\u00ed \u017eidle<br \/>\n<strong>M\u00edsto pro:<\/strong> 2 osoby<br \/>\n<strong>Povrch: <\/strong>pr\u00e1\u0161kov\u00e1 barva (lak) a kompozitn\u00ed materi\u00e1l (imitace d\u0159eva)<br \/>\n<strong>Skladov\u00e1n\u00ed: <\/strong>skl\u00e1dac\u00ed<\/p>\n","protected":false},"excerpt":{"rendered":"<p>Zahradn\u00ed set obsahuj\u00edc\u00ed skl\u00e1dac\u00ed stolek a dv\u011b \u017eidle. R\u00e1m je kovov\u00fd a lakovan\u00fd. Stolov\u00e1 deska, sed\u00e1k a op\u011brky zad jsou z kompozitn\u00edho materi\u00e1lu imituj\u00edc\u00ed d\u0159evo.<\/p>\n<p>D\u00edky snadn\u00e9mu slo\u017een\u00ed se set hod\u00ed jak na zahradu, tak hlavn\u011b na balk\u00f3n, kde slo\u017een\u00fd zbyte\u010dn\u011b nezab\u00edr\u00e1 m\u00edsto. D\u00edky t\u00e9to sestav\u011b si m\u016f\u017eete ve dvou u\u017e\u00edvat \u010derstv\u00e9ho vzduchu a tak\u00e9 si dop\u0159\u00e1t \u010derstvou k\u00e1vu nebo n\u011bco dobr\u00e9ho k zakousnut\u00ed.<\/p>\n","protected":false},"featured_media":8214,"template":"","meta":[],"product_brand":[],"product_cat":[101,106],"product_tag":[111,112],"class_list":{"0":"post-8213","1":"product","2":"type-product","3":"status-publish","4":"has-post-thumbnail","6":"product_cat-venkovni-vybaveni-a-mobiliar","7":"product_cat-zahradni-a-venkovni-sestavy","8":"product_tag-sestava","9":"product_tag-skladaci","11":"first","12":"outofstock","13":"taxable","14":"shipping-taxable","15":"purchasable","16":"product-type-simple"},"aioseo_notices":[],"_links":{"self":[{"href":"https:\/\/galavito.cz\/en\/wp-json\/wp\/v2\/product\/8213","targetHints":{"allow":["GET"]}}],"collection":[{"href":"https:\/\/galavito.cz\/en\/wp-json\/wp\/v2\/product"}],"about":[{"href":"https:\/\/galavito.cz\/en\/wp-json\/wp\/v2\/types\/product"}],"wp:featuredmedia":[{"embeddable":true,"href":"https:\/\/galavito.cz\/en\/wp-json\/wp\/v2\/media\/8214"}],"wp:attachment":[{"href":"https:\/\/galavito.cz\/en\/wp-json\/wp\/v2\/media?parent=8213"}],"wp:term":[{"taxonomy":"product_brand","embeddable":true,"href":"https:\/\/galavito.cz\/en\/wp-json\/wp\/v2\/product_brand?post=8213"},{"taxonomy":"product_cat","embeddable":true,"href":"https:\/\/galavito.cz\/en\/wp-json\/wp\/v2\/product_cat?post=8213"},{"taxonomy":"product_tag","embeddable":true,"href":"https:\/\/galavito.cz\/en\/wp-json\/wp\/v2\/product_tag?post=8213"}],"curies":[{"name":"wp","href":"https:\/\/api.w.org\/{rel}","templated":true}]}}