{"id":8175,"date":"2020-05-22T12:49:15","date_gmt":"2020-05-22T10:49:15","guid":{"rendered":"https:\/\/galavito.cz\/?post_type=product&#038;p=8175"},"modified":"2022-04-19T23:37:34","modified_gmt":"2022-04-19T21:37:34","slug":"venkovni-kovova-zidle-z-tahokovu","status":"publish","type":"product","link":"https:\/\/galavito.cz\/en\/produkt\/venkovni-kovova-zidle-z-tahokovu\/","title":{"rendered":"Venkovn\u00ed kovov\u00e1 \u017eidle z tahokovu"},"content":{"rendered":"<p><strong>V\u00fd\u0161ka op\u011bradla:<\/strong> 90 cm<br \/>\n<strong>\u0160\u00ed\u0159ka sed\u00e1ku:<\/strong> 42 cm<br \/>\n<strong>Hloubka sed\u00e1ku:<\/strong> 48 cm<br \/>\n<strong>V\u00fd\u0161ka sed\u00e1ku:<\/strong> 44,5 cm<br \/>\n<strong>Povrch: <\/strong>pr\u00e1\u0161kov\u00e1 barva (lak)<br \/>\n<strong>V\u00e1ha:<\/strong> 4,85 kg<br \/>\n<strong>Skladov\u00e1n\u00ed:<\/strong> stohovateln\u00e1<\/p>\n","protected":false},"excerpt":{"rendered":"<p>Jednoduch\u00e1, a p\u0159itom velmi pohodln\u00e1 kovov\u00e1 \u017eidle vhodn\u00e1 pro restaura\u010dn\u00ed p\u0159edzahr\u00e1dky a terasy. Op\u011bradlo a sed\u00e1k jsou vyrobeny z tahokovu. Vhodn\u00e1 k celoro\u010dn\u00edmu pou\u017eit\u00ed venku na verand\u011b nebo balk\u00f3n\u011b.<\/p>\n<p>Uveden\u00e9 ceny jsou bez DPH a dopravy. Doprava dle PS\u010c. P\u0159i objedn\u00e1n\u00ed v\u00edce kus\u016f je mo\u017en\u00e1 mno\u017estevn\u00ed sleva. Po odesl\u00e1n\u00ed popt\u00e1vky za\u0161leme opravenou individu\u00e1ln\u00ed cenovou nab\u00eddku.<\/p>\n<p>Pro speci\u00e1ln\u00ed projekty je mo\u017en\u00e1 zvl\u00e1\u0161tn\u00ed domluva a spolupr\u00e1ce. Pi\u0161te na <a href=\"mailto:info@galavito.cz\">info@galavito.cz<\/a><\/p>\n","protected":false},"featured_media":8195,"template":"","meta":[],"product_brand":[],"product_cat":[101,102],"product_tag":[107,110],"class_list":{"0":"post-8175","1":"product","2":"type-product","3":"status-publish","4":"has-post-thumbnail","6":"product_cat-venkovni-vybaveni-a-mobiliar","7":"product_cat-zidle","8":"product_tag-kovove-zidle","9":"product_tag-zidle-bez-operek","11":"first","12":"instock","13":"taxable","14":"shipping-taxable","15":"purchasable","16":"product-type-simple"},"aioseo_notices":[],"_links":{"self":[{"href":"https:\/\/galavito.cz\/en\/wp-json\/wp\/v2\/product\/8175","targetHints":{"allow":["GET"]}}],"collection":[{"href":"https:\/\/galavito.cz\/en\/wp-json\/wp\/v2\/product"}],"about":[{"href":"https:\/\/galavito.cz\/en\/wp-json\/wp\/v2\/types\/product"}],"wp:featuredmedia":[{"embeddable":true,"href":"https:\/\/galavito.cz\/en\/wp-json\/wp\/v2\/media\/8195"}],"wp:attachment":[{"href":"https:\/\/galavito.cz\/en\/wp-json\/wp\/v2\/media?parent=8175"}],"wp:term":[{"taxonomy":"product_brand","embeddable":true,"href":"https:\/\/galavito.cz\/en\/wp-json\/wp\/v2\/product_brand?post=8175"},{"taxonomy":"product_cat","embeddable":true,"href":"https:\/\/galavito.cz\/en\/wp-json\/wp\/v2\/product_cat?post=8175"},{"taxonomy":"product_tag","embeddable":true,"href":"https:\/\/galavito.cz\/en\/wp-json\/wp\/v2\/product_tag?post=8175"}],"curies":[{"name":"wp","href":"https:\/\/api.w.org\/{rel}","templated":true}]}}