{"id":12015,"date":"2025-01-23T13:36:19","date_gmt":"2025-01-23T12:36:19","guid":{"rendered":"https:\/\/galavito.cz\/?post_type=product&#038;p=12015"},"modified":"2026-04-27T16:32:32","modified_gmt":"2026-04-27T14:32:32","slug":"vyhrivany-stolek-neo-hi","status":"publish","type":"product","link":"https:\/\/galavito.cz\/en\/produkt\/vyhrivany-stolek-neo-hi\/","title":{"rendered":"Vyh\u0159\u00edvan\u00fd stolek NEO Hi"},"content":{"rendered":"<p><strong>Bez stolov\u00e9 desky.<\/strong> Pro jej\u00ed v\u00fdb\u011br nav\u0161tivte pros\u00edm sekci <a href=\"https:\/\/galavito.cz\/stolove-desky\/\">Stolov\u00e9 desky<\/a>.<br \/>\nV\u00fd\u0161ka 109 cm a v\u00e1ha 25 kg.<br \/>\nZdroj energie: 230V ~50 Hz. V\u00fdkon topn\u00e9 z\u00e1\u0159ivky: 1,2 kW<br \/>\nStupe\u0148 kryt\u00ed: IP44<\/p>\n","protected":false},"excerpt":{"rendered":"<p>Elektricky vyh\u0159\u00edvan\u00fd stolek NEO Hi je d\u00edky zv\u00fd\u0161en\u00e9 z\u00e1kladn\u011b s celkovou v\u00fd\u0161kou 109 cm ide\u00e1ln\u00ed jako vy\u0161\u0161\u00ed st\u016fl s barov\u00fdmi \u017eidlemi, nebo pro stoj\u00edc\u00ed hosty. Ocen\u00ed jej zejm\u00e9na ku\u0159\u00e1ci post\u00e1vaj\u00edc\u00ed p\u0159ed restaurac\u00ed nebo kav\u00e1rnou. NEO Hi se tak\u00e9 hod\u00ed pro venkovn\u00ed p\u00e1rty a spole\u010densk\u00e9 akce.<\/p>\n<p>NEO Hi v sob\u011b skr\u00fdv\u00e1 v\u0161echny v\u00fdhody na\u0161ich vyh\u0159\u00edvan\u00fdch stolk\u016f Galavito Heating Table, kdy je infraz\u00e1\u0159i\u010d zabudov\u00e1n p\u0159\u00edmo ve stolov\u00e9 podno\u017ei. Jedn\u00e1 se tedy o st\u016fl a topen\u00ed v jednom. NEO Hi vyza\u0159uje p\u0159\u00edjemn\u00e9 \u010derven\u00e9 sv\u011btlo, kter\u00e9 dotv\u00e1\u0159\u00ed atmosf\u00e9ru a zd\u016fraz\u0148uje pocit tepla. D\u00edky mo\u017enosti volby z \u0161irok\u00e9 nab\u00eddky <a title=\"Stolov\u00e9 desky\" href=\"https:\/\/galavito.cz\/stolove-desky\/\" target=\"_blank\" rel=\"noopener\">stolov\u00fdch desek<\/a> snadno slad\u00edte tento elegantn\u00ed stolek s jak\u00fdmkoliv exteri\u00e9rem.<\/p>\n<p><strong>Kl\u00ed\u010dov\u00e9 p\u0159ednosti:<\/strong><\/p>\n<ul>\n<li>Zv\u00fd\u0161en\u00e1 z\u00e1kladna o celkov\u00e9 v\u00fd\u0161ce 109 cm, vhodn\u00e1 pro barov\u00e9 \u017eidle<\/li>\n<li>Integrovan\u00fd infraz\u00e1\u0159i\u010d v noze stolku<\/li>\n<li>P\u0159\u00edjemn\u00e9 h\u0159ejiv\u00e9 \u010derven\u00e9 sv\u011btlo pro dokonalou atmosf\u00e9ru<\/li>\n<li>Mo\u017enost \u0161irok\u00e9ho v\u00fdb\u011bru stolov\u00fdch desek pro slad\u011bn\u00ed s va\u0161\u00edm stylem<\/li>\n<li>Vhodn\u00fd pro dom\u00e1c\u00ed i komer\u010dn\u00ed vyu\u017eit\u00ed<\/li>\n<li>Bezpe\u010dn\u00e9 elektrick\u00e9 topen\u00ed certifikovan\u00e9 podle nejp\u0159\u00edsn\u011bj\u0161\u00edch EU norem<\/li>\n<\/ul>\n<p>U\u017eijte si teplo a komfort venkovn\u00edho posezen\u00ed v ka\u017ed\u00e9m ro\u010dn\u00edm obdob\u00ed. Perfektn\u00ed volba pro v\u0161echny, kte\u0159\u00ed cht\u011bj\u00ed vytvo\u0159it stylov\u00e9 a p\u0159\u00edjemn\u011b h\u0159ejiv\u00e9 prost\u0159ed\u00ed na sv\u00e9 terase, zahrad\u011b nebo venkovn\u00ed p\u0159edzahr\u00e1dce.<\/p>\n","protected":false},"featured_media":12273,"template":"","meta":[],"product_brand":[200],"product_cat":[17],"product_tag":[189],"class_list":{"0":"post-12015","1":"product","2":"type-product","3":"status-publish","4":"has-post-thumbnail","6":"product_brand-galavito-heating-table","7":"product_cat-vyhrivane-stolky","8":"product_tag-vyhrivane-stolky","10":"first","11":"instock","12":"taxable","13":"shipping-taxable","14":"purchasable","15":"product-type-simple"},"aioseo_notices":[],"_links":{"self":[{"href":"https:\/\/galavito.cz\/en\/wp-json\/wp\/v2\/product\/12015","targetHints":{"allow":["GET"]}}],"collection":[{"href":"https:\/\/galavito.cz\/en\/wp-json\/wp\/v2\/product"}],"about":[{"href":"https:\/\/galavito.cz\/en\/wp-json\/wp\/v2\/types\/product"}],"wp:featuredmedia":[{"embeddable":true,"href":"https:\/\/galavito.cz\/en\/wp-json\/wp\/v2\/media\/12273"}],"wp:attachment":[{"href":"https:\/\/galavito.cz\/en\/wp-json\/wp\/v2\/media?parent=12015"}],"wp:term":[{"taxonomy":"product_brand","embeddable":true,"href":"https:\/\/galavito.cz\/en\/wp-json\/wp\/v2\/product_brand?post=12015"},{"taxonomy":"product_cat","embeddable":true,"href":"https:\/\/galavito.cz\/en\/wp-json\/wp\/v2\/product_cat?post=12015"},{"taxonomy":"product_tag","embeddable":true,"href":"https:\/\/galavito.cz\/en\/wp-json\/wp\/v2\/product_tag?post=12015"}],"curies":[{"name":"wp","href":"https:\/\/api.w.org\/{rel}","templated":true}]}}