{"id":11854,"date":"2024-07-05T11:57:34","date_gmt":"2024-07-05T09:57:34","guid":{"rendered":"https:\/\/galavito.cz\/?post_type=product&#038;p=11854"},"modified":"2024-07-08T15:56:24","modified_gmt":"2024-07-08T13:56:24","slug":"designova-plastova-zidle-z-polypropylenu","status":"publish","type":"product","link":"https:\/\/galavito.cz\/en\/produkt\/designova-plastova-zidle-z-polypropylenu\/","title":{"rendered":"Designov\u00e1 plastov\u00e1 \u017eidle z polypropylenu"},"content":{"rendered":"<p><strong>V\u00fd\u0161ka op\u011bradla:<\/strong> 80 cm<br \/>\n<strong>\u0160\u00ed\u0159ka sed\u00e1ku:<\/strong> 50 cm<br \/>\n<strong>Hloubka sed\u00e1ku:<\/strong> 46 cm<br \/>\n<strong>D\u00e9lka nohy:<\/strong> 45 cm<br \/>\n<strong>Hmotnost:<\/strong> 4,58 kg<br \/>\n<strong>Skladov\u00e1n\u00ed:<\/strong> stohovateln\u00e1<\/p>\n","protected":false},"excerpt":{"rendered":"<p>Designov\u00e1 plastov\u00e1 \u017eidle z polypropylenu vynik\u00e1 sv\u00fdm modern\u00edm vzhledem, tak\u017ee o\u017eiv\u00ed ka\u017ed\u00fd designov\u00fd koncept. \u017didle je dostupn\u00e1 v n\u011bkolika barevn\u00fdch variant\u00e1ch (\u010dern\u00e1, sv\u011btle \u0161ed\u00e1, b\u00edl\u00e1). D\u00edky v\u011bt\u0161\u00edmu sed\u00e1ku se na ni pohodln\u011b sed\u00ed. \u017didle jsou snadno stohovateln\u00e9.<\/p>\n<p>\u017didle je vhodn\u00e1 jak pro dom\u00e1c\u00ed pou\u017eit\u00ed na balk\u00f3n\u011b nebo terase \u010di pod pergolu, ale tak\u00e9 pro pou\u017e\u00edv\u00e1n\u00ed v profesion\u00e1ln\u00edm gastronomick\u00e9m provozu. Plastov\u00e1 \u017eidle je vhodn\u00e1 pro celoro\u010dn\u00ed venkovn\u00ed posezen\u00ed, ale i vnit\u0159n\u00ed pou\u017e\u00edv\u00e1n\u00ed v interi\u00e9ru. Pevn\u00fd polypropylen je odoln\u00fd venkovn\u00edm pov\u011btrnostn\u00edm a klimatick\u00fdm podm\u00ednk\u00e1m.<\/p>\n<p>Uveden\u00e9 ceny jsou bez DPH a dopravy. Doprava dle PS\u010c. P\u0159i objedn\u00e1n\u00ed v\u00edce kus\u016f je mo\u017en\u00e1 mno\u017estevn\u00ed sleva. Po odesl\u00e1n\u00ed popt\u00e1vky za\u0161leme opravenou individu\u00e1ln\u00ed cenovou nab\u00eddku.<\/p>\n<p>Pro v\u011bt\u0161\u00ed projekty je mo\u017en\u00e1 zvl\u00e1\u0161tn\u00ed domluva a spolupr\u00e1ce. Pi\u0161te na <a href=\"mailto:info@galavito.cz\">info@galavito.cz<\/a>.<\/p>\n","protected":false},"featured_media":11858,"template":"","meta":[],"product_brand":[],"product_cat":[102],"product_tag":[198,110],"class_list":{"0":"post-11854","1":"product","2":"type-product","3":"status-publish","4":"has-post-thumbnail","6":"product_cat-zidle","7":"product_tag-plastove-zidle","8":"product_tag-zidle-bez-operek","10":"first","11":"instock","12":"taxable","13":"shipping-taxable","14":"purchasable","15":"product-type-variable"},"aioseo_notices":[],"_links":{"self":[{"href":"https:\/\/galavito.cz\/en\/wp-json\/wp\/v2\/product\/11854","targetHints":{"allow":["GET"]}}],"collection":[{"href":"https:\/\/galavito.cz\/en\/wp-json\/wp\/v2\/product"}],"about":[{"href":"https:\/\/galavito.cz\/en\/wp-json\/wp\/v2\/types\/product"}],"wp:featuredmedia":[{"embeddable":true,"href":"https:\/\/galavito.cz\/en\/wp-json\/wp\/v2\/media\/11858"}],"wp:attachment":[{"href":"https:\/\/galavito.cz\/en\/wp-json\/wp\/v2\/media?parent=11854"}],"wp:term":[{"taxonomy":"product_brand","embeddable":true,"href":"https:\/\/galavito.cz\/en\/wp-json\/wp\/v2\/product_brand?post=11854"},{"taxonomy":"product_cat","embeddable":true,"href":"https:\/\/galavito.cz\/en\/wp-json\/wp\/v2\/product_cat?post=11854"},{"taxonomy":"product_tag","embeddable":true,"href":"https:\/\/galavito.cz\/en\/wp-json\/wp\/v2\/product_tag?post=11854"}],"curies":[{"name":"wp","href":"https:\/\/api.w.org\/{rel}","templated":true}]}}