{"id":11447,"date":"2021-04-29T19:49:06","date_gmt":"2021-04-29T17:49:06","guid":{"rendered":"https:\/\/galavito.cz\/?post_type=product&#038;p=11447"},"modified":"2022-04-19T23:32:23","modified_gmt":"2022-04-19T21:32:23","slug":"kovovy-zahradni-stolek-s-kulatou-deskou-z-tahokovu","status":"publish","type":"product","link":"https:\/\/galavito.cz\/en\/produkt\/kovovy-zahradni-stolek-s-kulatou-deskou-z-tahokovu\/","title":{"rendered":"Kovov\u00fd zahradn\u00ed stolek s kulatou deskou z tahokovu"},"content":{"rendered":"<p><strong>Povrch:<\/strong> pr\u00e1\u0161kov\u00e1 barva (lak)<br \/>\n<strong>Barva:<\/strong> Antracit<br \/>\n<strong>Balen\u00ed:<\/strong> karton<\/p>\n<p><img decoding=\"async\" class=\"emoji\" role=\"img\" draggable=\"false\" src=\"https:\/\/s.w.org\/images\/core\/emoji\/13.0.1\/svg\/1f1e8-1f1ff.svg\" alt=\"\ud83c\udde8\ud83c\uddff\" \/> Vyrobeno v \u010cesk\u00e9 republice<\/p>\n","protected":false},"excerpt":{"rendered":"<p>Kovov\u00fd stolek s kulatou stolovou deskou z tahokovu se hod\u00ed jak na zahradu, terasu nebo balk\u00f3n pro dom\u00e1c\u00ed pou\u017eit\u00ed, ale ocen\u00ed jej tak\u00e9 provozovatel\u00e9 restaurac\u00ed a kav\u00e1ren pro venkovn\u00ed restaura\u010dn\u00ed p\u0159edzahr\u00e1dky. Stolek je chr\u00e1n\u011bn hladk\u00fdm pr\u00e1\u0161kov\u00fdm lakem, \u010d\u00edm\u017e se snadno udr\u017euje a odol\u00e1 jak n\u00e1ro\u010dnosti restaura\u010dn\u00edho provozu, tak i n\u00e1strah\u00e1m jak\u00e9hokoliv po\u010das\u00ed.<\/p>\n<p>Kovov\u00fd zahradn\u00ed st\u016fl se velmi snadno p\u0159en\u00e1\u0161\u00ed. M\u016f\u017eete jej snadno p\u0159em\u00edstit podle pot\u0159eby, co\u017e ocen\u00edte zejm\u00e9na b\u011bhem ka\u017edodenn\u00edho ukl\u00edzen\u00ed n\u00e1bytku z p\u0159edzahr\u00e1dky nebo zahrady.<\/p>\n<p>Ke kulat\u00e9mu stolku z tahokovu se hod\u00ed kovov\u00e9 <a href=\"https:\/\/galavito.cz\/sekce\/venkovni-vybaveni-a-mobiliar\/zidle\/\" target=\"_blank\" rel=\"noopener\">\u017eidle z na\u0161\u00ed nab\u00eddky<\/a> a m\u016f\u017eete si tak vytvo\u0159it jednotn\u00fd set stolku a \u017eidl\u00ed. Stolek se vyr\u00e1b\u00ed s r\u016fzn\u00fdmi pr\u016fm\u011bry stolov\u00fdch desek (90 cm nebo 105 cm). Ob\u011b velikosti stolku maj\u00ed v\u00fd\u0161ku 71,5 cm a 4 stolov\u00e9 nohy.<\/p>\n","protected":false},"featured_media":11448,"template":"","meta":[],"product_brand":[],"product_cat":[103],"product_tag":[190],"class_list":{"0":"post-11447","1":"product","2":"type-product","3":"status-publish","4":"has-post-thumbnail","6":"product_cat-stolky","7":"product_tag-kovovy-zahradni-stolek","9":"first","10":"instock","11":"taxable","12":"shipping-taxable","13":"purchasable","14":"product-type-variable"},"aioseo_notices":[],"_links":{"self":[{"href":"https:\/\/galavito.cz\/en\/wp-json\/wp\/v2\/product\/11447","targetHints":{"allow":["GET"]}}],"collection":[{"href":"https:\/\/galavito.cz\/en\/wp-json\/wp\/v2\/product"}],"about":[{"href":"https:\/\/galavito.cz\/en\/wp-json\/wp\/v2\/types\/product"}],"wp:featuredmedia":[{"embeddable":true,"href":"https:\/\/galavito.cz\/en\/wp-json\/wp\/v2\/media\/11448"}],"wp:attachment":[{"href":"https:\/\/galavito.cz\/en\/wp-json\/wp\/v2\/media?parent=11447"}],"wp:term":[{"taxonomy":"product_brand","embeddable":true,"href":"https:\/\/galavito.cz\/en\/wp-json\/wp\/v2\/product_brand?post=11447"},{"taxonomy":"product_cat","embeddable":true,"href":"https:\/\/galavito.cz\/en\/wp-json\/wp\/v2\/product_cat?post=11447"},{"taxonomy":"product_tag","embeddable":true,"href":"https:\/\/galavito.cz\/en\/wp-json\/wp\/v2\/product_tag?post=11447"}],"curies":[{"name":"wp","href":"https:\/\/api.w.org\/{rel}","templated":true}]}}