{"id":11291,"date":"2021-03-19T17:21:34","date_gmt":"2021-03-19T16:21:34","guid":{"rendered":"https:\/\/galavito.cz\/?post_type=product&#038;p=11291"},"modified":"2026-03-31T14:33:45","modified_gmt":"2026-03-31T12:33:45","slug":"kovova-zahradni-zidle-z-tahokovu-se-zaoblenymi-operkami-rukou","status":"publish","type":"product","link":"https:\/\/galavito.cz\/en\/produkt\/kovova-zahradni-zidle-z-tahokovu-se-zaoblenymi-operkami-rukou\/","title":{"rendered":"Kovov\u00e1 zahradn\u00ed \u017eidle z tahokovu se zaoblen\u00fdmi op\u011brkami rukou"},"content":{"rendered":"<p><strong>D\u00e9lka:<\/strong> 43 cm<br \/>\n<strong>\u0160\u00ed\u0159ka:<\/strong> 54 cm<br \/>\n<strong>V\u00fd\u0161ka:<\/strong> 80 cm<\/p>\n<p><strong>V\u00fd\u0161ka op\u011bradla:<\/strong> 44 cm<br \/>\n<strong>\u0160\u00ed\u0159ka sed\u00e1ku:<\/strong> 47 cm<br \/>\n<strong>Hloubka sed\u00e1ku:<\/strong> 42 cm<br \/>\n<strong>V\u00fd\u0161ka sed\u00e1ku:<\/strong> 43 cm<\/p>\n<p><strong>Hmotnost:<\/strong> 5,5 kg<br \/>\n<strong>Nosnost:<\/strong> 110kg<strong><br \/>\nPovrch:<\/strong> pr\u00e1\u0161kov\u00e1 barva (lak)<br \/>\n<strong>Barva:<\/strong> Antracit<br \/>\n<strong>Skladov\u00e1n\u00ed:<\/strong> stohovateln\u00e1<\/p>\n<p>\ud83c\udde8\ud83c\uddff Vyrobeno v \u010cesk\u00e9 republice<\/p>\n","protected":false},"excerpt":{"rendered":"<p>Elegantn\u00ed a kvalitn\u00ed kovov\u00e1 \u017eidle se sed\u00e1kem a op\u011brkou zad z tahokovu a zaoblen\u00fdmi op\u011brkami rukou. D\u00edky nad\u010dasov\u00e9mu designu se \u017eidle skv\u011ble hod\u00ed jak k hranat\u00fdm, tak kulat\u00fdm kovov\u00fdm stol\u016fm. Povrchov\u00e1 \u00faprava kovov\u00e9 \u017eidle je odoln\u00e1 proti mechanick\u00e9mu po\u0161kozen\u00ed a po\u0161kr\u00e1b\u00e1n\u00ed. Lak je hladk\u00fd a p\u0159\u00edjemn\u00fd na dotek.<\/p>\n<p>\u017didle z tahokovu najde sv\u00e9 uplatn\u011bn\u00ed jak v dom\u00e1c\u00edm pou\u017eit\u00ed na zahrad\u011b, balk\u00f3nu \u010di terase, tak i v profesion\u00e1ln\u00edm stravovac\u00edm provozu. \u017didle je vyrobena v \u010cesk\u00e9 republice a ocen\u00edte jej\u00ed vysokou kvalitu, odolnost a pohodln\u00e9 sezen\u00ed.<\/p>\n<p>Uveden\u00e9 ceny jsou bez DPH a dopravy. Doprava dle PS\u010c. P\u0159i objedn\u00e1n\u00ed v\u00edce kus\u016f je mo\u017en\u00e1 mno\u017estevn\u00ed sleva. Po odesl\u00e1n\u00ed popt\u00e1vky za\u0161leme opravenou individu\u00e1ln\u00ed cenovou nab\u00eddku.<\/p>\n<p>Pro speci\u00e1ln\u00ed projekty je mo\u017en\u00e1 zvl\u00e1\u0161tn\u00ed domluva a spolupr\u00e1ce. Pi\u0161te na <a href=\"mailto:info@galavito.cz\">info@galavito.cz<\/a><\/p>\n","protected":false},"featured_media":11292,"template":"","meta":[],"product_brand":[],"product_cat":[101,102],"product_tag":[107,109],"class_list":{"0":"post-11291","1":"product","2":"type-product","3":"status-publish","4":"has-post-thumbnail","6":"product_cat-venkovni-vybaveni-a-mobiliar","7":"product_cat-zidle","8":"product_tag-kovove-zidle","9":"product_tag-zidle-s-operkami","11":"first","12":"instock","13":"taxable","14":"shipping-taxable","15":"purchasable","16":"product-type-simple"},"aioseo_notices":[],"_links":{"self":[{"href":"https:\/\/galavito.cz\/en\/wp-json\/wp\/v2\/product\/11291","targetHints":{"allow":["GET"]}}],"collection":[{"href":"https:\/\/galavito.cz\/en\/wp-json\/wp\/v2\/product"}],"about":[{"href":"https:\/\/galavito.cz\/en\/wp-json\/wp\/v2\/types\/product"}],"wp:featuredmedia":[{"embeddable":true,"href":"https:\/\/galavito.cz\/en\/wp-json\/wp\/v2\/media\/11292"}],"wp:attachment":[{"href":"https:\/\/galavito.cz\/en\/wp-json\/wp\/v2\/media?parent=11291"}],"wp:term":[{"taxonomy":"product_brand","embeddable":true,"href":"https:\/\/galavito.cz\/en\/wp-json\/wp\/v2\/product_brand?post=11291"},{"taxonomy":"product_cat","embeddable":true,"href":"https:\/\/galavito.cz\/en\/wp-json\/wp\/v2\/product_cat?post=11291"},{"taxonomy":"product_tag","embeddable":true,"href":"https:\/\/galavito.cz\/en\/wp-json\/wp\/v2\/product_tag?post=11291"}],"curies":[{"name":"wp","href":"https:\/\/api.w.org\/{rel}","templated":true}]}}