{"id":11236,"date":"2021-03-03T19:09:02","date_gmt":"2021-03-03T18:09:02","guid":{"rendered":"https:\/\/galavito.cz\/?post_type=product&#038;p=11236"},"modified":"2022-04-19T23:41:51","modified_gmt":"2022-04-19T21:41:51","slug":"litinova-stolova-podnoz-lakovana-bronz","status":"publish","type":"product","link":"https:\/\/galavito.cz\/en\/produkt\/litinova-stolova-podnoz-lakovana-bronz\/","title":{"rendered":"Litinov\u00e1 stolov\u00e1 podno\u017e lakovan\u00e1 \u2013 Bronz"},"content":{"rendered":"<p><strong>V\u00fd\u0161ka stolov\u00e9 podno\u017ee:<\/strong> 71 cm<br \/>\n<strong>Po\u010det ramen v z\u00e1kladn\u011b:<\/strong> 4<br \/>\n<strong>Materi\u00e1l:<\/strong> litina<br \/>\n<strong>Povrch:<\/strong> pr\u00e1\u0161kov\u00e1 barva (lak)<br \/>\n<strong>V\u00e1ha:<\/strong> 12,5 kg<\/p>\n","protected":false},"excerpt":{"rendered":"<p>Litinov\u00e1 stolov\u00e1 podno\u017e s pr\u00e1\u0161kov\u00fdm lakem imituj\u00edc\u00ed bronz. D\u00edky nastaviteln\u00fdm rektifika\u010dn\u00edm patk\u00e1m je mo\u017en\u00e9 barovou podno\u017e vyrovnat i na nerovn\u00e9m povrchu. Stolov\u00e1 podno\u017e je vhodn\u00e1 pro pou\u017eit\u00ed v interi\u00e9ru.<\/p>\n<p>Stolov\u00e1 podno\u017e se hod\u00ed ke kulat\u00fdm nebo \u010dtvercov\u00fdm stolov\u00fdm desk\u00e1m. Kompletn\u00ed nab\u00eddku stolov\u00fdch desek najdete v sekci <a href=\"https:\/\/galavito.cz\/stolove-desky\/\" target=\"_blank\" rel=\"noopener\">stolov\u00e9 desky<\/a>. Tento typ podno\u017ee je vhodn\u00fd pro kav\u00e1rensk\u00fd nebo restaura\u010dn\u00ed stolek. D\u00edky sv\u00e9 hmotnosti (12,5 kg) je stolov\u00e1 podno\u017e velice stabiln\u00ed i masivn\u00ed stolovou deskou.<\/p>\n<p>Uveden\u00e9 ceny jsou bez DPH a dopravy. Doprava dle PS\u010c. P\u0159i objedn\u00e1n\u00ed v\u00edce kus\u016f je mo\u017en\u00e1 mno\u017estevn\u00ed sleva. Po odesl\u00e1n\u00ed popt\u00e1vky za\u0161leme opravenou individu\u00e1ln\u00ed cenovou nab\u00eddku.<\/p>\n<p>Pro speci\u00e1ln\u00ed projekty je mo\u017en\u00e1 zvl\u00e1\u0161tn\u00ed domluva a spolupr\u00e1ce. Pi\u0161te na <a href=\"mailto:info@galavito.cz\">info@galavito.cz<\/a><\/p>\n","protected":false},"featured_media":11237,"template":"","meta":[],"product_brand":[],"product_cat":[188,104],"product_tag":[186],"class_list":{"0":"post-11236","1":"product","2":"type-product","3":"status-publish","4":"has-post-thumbnail","6":"product_cat-litinove","7":"product_cat-stolove-podnoze","8":"product_tag-stolova-podnoz","10":"first","11":"instock","12":"taxable","13":"shipping-taxable","14":"purchasable","15":"product-type-simple"},"aioseo_notices":[],"_links":{"self":[{"href":"https:\/\/galavito.cz\/en\/wp-json\/wp\/v2\/product\/11236","targetHints":{"allow":["GET"]}}],"collection":[{"href":"https:\/\/galavito.cz\/en\/wp-json\/wp\/v2\/product"}],"about":[{"href":"https:\/\/galavito.cz\/en\/wp-json\/wp\/v2\/types\/product"}],"wp:featuredmedia":[{"embeddable":true,"href":"https:\/\/galavito.cz\/en\/wp-json\/wp\/v2\/media\/11237"}],"wp:attachment":[{"href":"https:\/\/galavito.cz\/en\/wp-json\/wp\/v2\/media?parent=11236"}],"wp:term":[{"taxonomy":"product_brand","embeddable":true,"href":"https:\/\/galavito.cz\/en\/wp-json\/wp\/v2\/product_brand?post=11236"},{"taxonomy":"product_cat","embeddable":true,"href":"https:\/\/galavito.cz\/en\/wp-json\/wp\/v2\/product_cat?post=11236"},{"taxonomy":"product_tag","embeddable":true,"href":"https:\/\/galavito.cz\/en\/wp-json\/wp\/v2\/product_tag?post=11236"}],"curies":[{"name":"wp","href":"https:\/\/api.w.org\/{rel}","templated":true}]}}