{"id":11195,"date":"2021-03-02T19:22:00","date_gmt":"2021-03-02T18:22:00","guid":{"rendered":"https:\/\/galavito.cz\/?post_type=product&#038;p=11195"},"modified":"2022-04-19T23:41:31","modified_gmt":"2022-04-19T21:41:31","slug":"montovana-trojramenna-stolova-podnoz-lakovana-cerna","status":"publish","type":"product","link":"https:\/\/galavito.cz\/en\/produkt\/montovana-trojramenna-stolova-podnoz-lakovana-cerna\/","title":{"rendered":"Montovan\u00e1 trojramenn\u00e1 stolov\u00e1 podno\u017e lakovan\u00e1 \u2013 \u010cern\u00e1"},"content":{"rendered":"<p><strong>V\u00fd\u0161ka stolov\u00e9 podno\u017ee:<\/strong> 70 cm<br \/>\n<strong>Po\u010det ramen v z\u00e1kladn\u011b:<\/strong> 3<br \/>\n<strong>Materi\u00e1l:<\/strong> hlin\u00edk<br \/>\n<strong>Povrch:<\/strong> pr\u00e1\u0161kov\u00e1 barva (lak)<br \/>\n<strong>V\u00e1ha:<\/strong> 4,95 kg<\/p>\n<p>Dod\u00e1v\u00e1no v demontovan\u00e9m stavu. Zabaleno jednotliv\u011b.<\/p>\n","protected":false},"excerpt":{"rendered":"<p>Montovan\u00e1 hlin\u00edkov\u00e1 stolov\u00e1 podno\u017e s \u010dern\u00fdm pr\u00e1\u0161kov\u00fdm lakem a nastaviteln\u00fdmi rektifika\u010dn\u00edmi patkami umo\u017e\u0148uj\u00edc\u00ed vyrovnat podno\u017e na hrbolat\u00e9m povrchu. Stolov\u00e1 podno\u017e m\u00e1 3 ramena v z\u00e1kladn\u011b a je tak vhodn\u00e1 pro men\u0161\u00ed kulat\u00e9 a \u010dtvercov\u00e9 stolov\u00e9 desky. Kompletn\u00ed nab\u00eddku stolov\u00fdch desek najdete v sekci <a href=\"https:\/\/galavito.cz\/stolove-desky\/\" target=\"_blank\" rel=\"noopener\">stolov\u00e9 desky<\/a>. Tento typ podno\u017ee se skv\u011ble hod\u00ed pro kav\u00e1rensk\u00fd stolek pro venkovn\u00ed pou\u017eit\u00ed.<\/p>\n<p>Uveden\u00e9 ceny jsou bez DPH a dopravy. Doprava dle PS\u010c. P\u0159i objedn\u00e1n\u00ed v\u00edce kus\u016f je mo\u017en\u00e1 mno\u017estevn\u00ed sleva. Po odesl\u00e1n\u00ed popt\u00e1vky za\u0161leme opravenou individu\u00e1ln\u00ed cenovou nab\u00eddku.<\/p>\n<p>Pro speci\u00e1ln\u00ed projekty je mo\u017en\u00e1 zvl\u00e1\u0161tn\u00ed domluva a spolupr\u00e1ce. Pi\u0161te na <a href=\"mailto:info@galavito.cz\">info@galavito.cz<\/a><\/p>\n","protected":false},"featured_media":11196,"template":"","meta":[],"product_brand":[],"product_cat":[185,104,101],"product_tag":[186],"class_list":{"0":"post-11195","1":"product","2":"type-product","3":"status-publish","4":"has-post-thumbnail","6":"product_cat-montovane","7":"product_cat-stolove-podnoze","8":"product_cat-venkovni-vybaveni-a-mobiliar","9":"product_tag-stolova-podnoz","11":"first","12":"instock","13":"taxable","14":"shipping-taxable","15":"purchasable","16":"product-type-simple"},"aioseo_notices":[],"_links":{"self":[{"href":"https:\/\/galavito.cz\/en\/wp-json\/wp\/v2\/product\/11195","targetHints":{"allow":["GET"]}}],"collection":[{"href":"https:\/\/galavito.cz\/en\/wp-json\/wp\/v2\/product"}],"about":[{"href":"https:\/\/galavito.cz\/en\/wp-json\/wp\/v2\/types\/product"}],"wp:featuredmedia":[{"embeddable":true,"href":"https:\/\/galavito.cz\/en\/wp-json\/wp\/v2\/media\/11196"}],"wp:attachment":[{"href":"https:\/\/galavito.cz\/en\/wp-json\/wp\/v2\/media?parent=11195"}],"wp:term":[{"taxonomy":"product_brand","embeddable":true,"href":"https:\/\/galavito.cz\/en\/wp-json\/wp\/v2\/product_brand?post=11195"},{"taxonomy":"product_cat","embeddable":true,"href":"https:\/\/galavito.cz\/en\/wp-json\/wp\/v2\/product_cat?post=11195"},{"taxonomy":"product_tag","embeddable":true,"href":"https:\/\/galavito.cz\/en\/wp-json\/wp\/v2\/product_tag?post=11195"}],"curies":[{"name":"wp","href":"https:\/\/api.w.org\/{rel}","templated":true}]}}