{"id":2417,"date":"2019-09-27T23:43:13","date_gmt":"2019-09-27T21:43:13","guid":{"rendered":"https:\/\/galavito.cz\/?page_id=2417"},"modified":"2020-03-31T15:00:09","modified_gmt":"2020-03-31T13:00:09","slug":"outdoor-heating-tables-with-innovative-infrared-heater-hidden-in-the-table-base","status":"publish","type":"page","link":"https:\/\/galavito.cz\/en\/","title":{"rendered":"Outdoor heating tables with innovative infrared heater hidden in the table base"},"content":{"rendered":"<section class=\"l-section wpb_row height_auto width_full\"><div class=\"l-section-h i-cf\"><div class=\"g-cols vc_row via_flex valign_top type_default stacking_default\"><div class=\"vc_col-sm-12 wpb_column vc_column_container\"><div class=\"vc_column-inner\"><div class=\"wpb_wrapper\"><div class=\"w-image align_center\"><div class=\"w-image-h\"><img decoding=\"async\" width=\"3840\" height=\"2301\" src=\"https:\/\/galavito.cz\/wp-content\/uploads\/2019\/09\/stolky-footer4k.jpg\" class=\"attachment-full size-full\" alt=\"\" loading=\"lazy\" srcset=\"https:\/\/galavito.cz\/wp-content\/uploads\/2019\/09\/stolky-footer4k.jpg 3840w, https:\/\/galavito.cz\/wp-content\/uploads\/2019\/09\/stolky-footer4k-300x180.jpg 300w, https:\/\/galavito.cz\/wp-content\/uploads\/2019\/09\/stolky-footer4k-1024x614.jpg 1024w, https:\/\/galavito.cz\/wp-content\/uploads\/2019\/09\/stolky-footer4k-600x360.jpg 600w\" sizes=\"auto, (max-width: 3840px) 100vw, 3840px\" \/><\/div><\/div><\/div><\/div><\/div><\/div><\/div><\/section><section class=\"l-section wpb_row height_small\"><div class=\"l-section-overlay\" style=\"background:#ffffff\"><\/div><div class=\"l-section-h i-cf\"><div class=\"g-cols vc_row via_flex valign_top type_default stacking_default\"><div class=\"vc_col-sm-8 vc_col-lg-8 vc_col-md-6 vc_col-xs-12 wpb_column vc_column_container\"><div class=\"vc_column-inner\"><div class=\"wpb_wrapper\"><div class=\"wpb_text_column\"><div class=\"wpb_wrapper\"><h1>Innovative Outdoor Heating Tables with infrared heater hidden in the table base.<\/h1>\n<p>Give your guests <strong>the pleasure of sitting outside<\/strong> by warming them up from tip to toe, even if it&#8217;s freezing outside. Heating tables are a perfect fit for the outdoors of restaurants and cafes, enabling you to utilise your outdoors capacity to its full potential.<\/p>\n<p>The heating table is also <strong>a great addition to your home<\/strong> that lets you maximise the relaxing time you spend outdoors, either on your terrace or pergola.<\/p>\n<\/div><\/div><\/div><\/div><\/div><div class=\"vc_col-sm-4 vc_col-lg-4 vc_col-md-6 vc_col-xs-12 wpb_column vc_column_container\"><div class=\"vc_column-inner\"><div class=\"wpb_wrapper\"><div class=\"w-image align_center\"><div class=\"w-image-h\"><img decoding=\"async\" width=\"900\" height=\"692\" src=\"https:\/\/galavito.cz\/wp-content\/uploads\/2019\/08\/stolky.jpg\" class=\"attachment-full size-full\" alt=\"vyh\u0159\u00edvan\u00fd stolek Galavito model RESTO a BISTRO DUO\" loading=\"lazy\" srcset=\"https:\/\/galavito.cz\/wp-content\/uploads\/2019\/08\/stolky.jpg 900w, https:\/\/galavito.cz\/wp-content\/uploads\/2019\/08\/stolky-300x231.jpg 300w, https:\/\/galavito.cz\/wp-content\/uploads\/2019\/08\/stolky-600x461.jpg 600w\" sizes=\"auto, (max-width: 900px) 100vw, 900px\" \/><\/div><\/div><div class=\"w-separator size_small\"><\/div><div class=\"w-btn-wrapper align_justify\"><a class=\"w-btn us-btn-style_1 icon_atleft\" href=\"\/en\/heating-table-resto\/\"><i class=\"fas fa-shopping-cart\"><\/i><span class=\"w-btn-label\">Heating table RESTO<\/span><\/a><\/div><div class=\"w-btn-wrapper align_justify\"><a class=\"w-btn us-btn-style_1 icon_atleft\" href=\"\/en\/heating-table-bistro-duo\/\"><i class=\"fas fa-shopping-cart\"><\/i><span class=\"w-btn-label\">Heating table BISTRO DUO<\/span><\/a><\/div><\/div><\/div><\/div><\/div><\/div><\/section><section class=\"l-section wpb_row height_medium color_secondary\"><div class=\"l-section-h i-cf\"><div class=\"g-cols vc_row via_flex valign_top type_default stacking_default\"><div class=\"vc_col-sm-12 wpb_column vc_column_container\"><div class=\"vc_column-inner\"><div class=\"wpb_wrapper\"><div class=\"wpb_text_column\"><div class=\"wpb_wrapper\"><p><strong>Terraces full of guests all year long<\/strong><br \/>\nEveryone likes staying outside, even during colder days. A heated and cozy terrace will boost your sales by filling up your terrace with customers.<\/p>\n<p><strong>Attractive experience that lures<\/strong><br \/>\nElegant design and great efficiency that gives your business the \u00a0competitive advantage it needs.<\/p>\n<p><strong>6 times more economical than gas heaters <\/strong>*<br \/>\nThe heater leverages infrared radiation &#8211; it heats people, not the air.<\/p>\n<p><strong>Operating costs starting from 6 CZK \/ hour <\/strong>(0.25 EUR \/ hour approx.)<br \/>\nThe investment in heating table returns within 6 weeks, , if used regularly (8 hours \/ day approx.).<\/p>\n<p><strong>Environmentally friendly operation<\/strong><br \/>\nHeating table does not release any gas or fumes as gas heaters do. It&#8217;s environment aware.<\/p>\n<p><strong>Certification and safety, IP44 protection for outdoors<\/strong><br \/>\nThe outdoor heater meets strict Czech and European safety standards. Waterproof and dust-proof, tested by Electrotechnical Institute in Prague.<\/p>\n<p><strong>Hand\u00a0assembled\u00a0Czech product<\/strong><br \/>\nEach heating \u00a0table is made of Czech parts and passes through impeccable hands.<\/p>\n<p><strong>Tailor-made design<\/strong><br \/>\nPossible to customise the appearance of the heater to cater your wishes: changing the colour, adding your logo or design pattern on the product base. Possible to choose your table top as well.<\/p>\n<\/div><\/div><\/div><\/div><\/div><\/div><\/div><\/section><section class=\"l-section wpb_row height_auto width_full color_primary\"><div class=\"l-section-h i-cf\"><div class=\"g-cols vc_row via_flex valign_top type_default stacking_default\"><div class=\"vc_col-sm-12 wpb_column vc_column_container\"><div class=\"vc_column-inner\"><div class=\"wpb_wrapper\"><div class=\"w-grid us_grid type_grid layout_portfolio_compact cols_6 valign_center preload_style_spinner ratio_1x1\" id=\"us_grid_1\" style=\"--columns:6;--item-ratio:1;\" data-filterable=\"true\"><style>@media (max-width:1024px){#us_grid_1{--columns:3!important}}@media (max-width:600px){#us_grid_1{--columns:2!important}}.layout_portfolio_compact .w-grid-item-h{}.layout_portfolio_compact .usg_vwrapper_1{transition-duration:0.3s;transform-origin:50% 50%;transform:scale(1) translate(0%,0%);opacity:0}.layout_portfolio_compact .w-grid-item-h:focus-within .usg_vwrapper_1,.layout_portfolio_compact .w-grid-item-h:hover .usg_vwrapper_1{transform:scale(1) translate(0%,0%);opacity:1}.layout_portfolio_compact .usg_post_image_1{position:absolute!important;top:0!important;right:0!important;bottom:0!important;left:0!important}.layout_portfolio_compact .usg_vwrapper_1{position:absolute!important;top:0!important;right:0!important;bottom:0!important;left:0!important;padding:0.5rem!important;background:rgba(0,0,0,0.8)!important}.layout_portfolio_compact .usg_post_title_1{color:#fff!important;font-size:11px!important;line-height:1.4!important}<\/style><div class=\"w-grid-list\">\t<article class=\"w-grid-item size_1x1 post-9895 us_portfolio type-us_portfolio status-publish has-post-thumbnail hentry\" data-id=\"9895\">\r\n\t\t<div class=\"w-grid-item-h\">\r\n\t\t\t\t\t\t<div class=\"w-post-elm post_image usg_post_image_1 stretched\"><img loading=\"lazy\" decoding=\"async\" width=\"350\" height=\"350\" src=\"https:\/\/galavito.cz\/wp-content\/uploads\/2019\/08\/IMG_9346s-350x350.jpg\" class=\"attachment-us_350_350_crop size-us_350_350_crop wp-post-image\" alt=\"\" srcset=\"https:\/\/galavito.cz\/wp-content\/uploads\/2019\/08\/IMG_9346s-350x350.jpg 350w, https:\/\/galavito.cz\/wp-content\/uploads\/2019\/08\/IMG_9346s-150x150.jpg 150w, https:\/\/galavito.cz\/wp-content\/uploads\/2019\/08\/IMG_9346s-300x300.jpg 300w, https:\/\/galavito.cz\/wp-content\/uploads\/2019\/08\/IMG_9346s-1024x1024.jpg 1024w, https:\/\/galavito.cz\/wp-content\/uploads\/2019\/08\/IMG_9346s-600x600.jpg 600w, https:\/\/galavito.cz\/wp-content\/uploads\/2019\/08\/IMG_9346s.jpg 1600w\" sizes=\"auto, (max-width: 350px) 100vw, 350px\" \/><\/div><div class=\"w-vwrapper usg_vwrapper_1 align_center valign_middle\"><div class=\"w-post-elm post_title usg_post_title_1 has_text_color entry-title color_link_inherit\">Spring outdoor venue<\/div><\/div>\t\t<\/div>\r\n\t\t\t<\/article>\r\n\t<article class=\"w-grid-item size_1x1 post-2451 us_portfolio type-us_portfolio status-publish has-post-thumbnail hentry\" data-id=\"2451\">\r\n\t\t<div class=\"w-grid-item-h\">\r\n\t\t\t\t\t\t<div class=\"w-post-elm post_image usg_post_image_1 stretched\"><img loading=\"lazy\" decoding=\"async\" width=\"350\" height=\"350\" src=\"https:\/\/galavito.cz\/wp-content\/uploads\/2019\/05\/IMG_5417-350x350.jpg\" class=\"attachment-us_350_350_crop size-us_350_350_crop wp-post-image\" alt=\"Svatba Dany a Mojm\u00edra\" srcset=\"https:\/\/galavito.cz\/wp-content\/uploads\/2019\/05\/IMG_5417-350x350.jpg 350w, https:\/\/galavito.cz\/wp-content\/uploads\/2019\/05\/IMG_5417-150x150.jpg 150w, https:\/\/galavito.cz\/wp-content\/uploads\/2019\/05\/IMG_5417-300x300.jpg 300w, https:\/\/galavito.cz\/wp-content\/uploads\/2019\/05\/IMG_5417-1024x1024.jpg 1024w, https:\/\/galavito.cz\/wp-content\/uploads\/2019\/05\/IMG_5417-600x600.jpg 600w, https:\/\/galavito.cz\/wp-content\/uploads\/2019\/05\/IMG_5417.jpg 1200w\" sizes=\"auto, (max-width: 350px) 100vw, 350px\" \/><\/div><div class=\"w-vwrapper usg_vwrapper_1 align_center valign_middle\"><div class=\"w-post-elm post_title usg_post_title_1 has_text_color entry-title color_link_inherit\">Dana and Mojm\u00edr&#8217;s wedding<\/div><\/div>\t\t<\/div>\r\n\t\t\t<\/article>\r\n\t<article class=\"w-grid-item size_1x1 post-2457 us_portfolio type-us_portfolio status-publish has-post-thumbnail hentry\" data-id=\"2457\">\r\n\t\t<div class=\"w-grid-item-h\">\r\n\t\t\t\t\t\t<div class=\"w-post-elm post_image usg_post_image_1 stretched\"><img loading=\"lazy\" decoding=\"async\" width=\"350\" height=\"350\" src=\"https:\/\/galavito.cz\/wp-content\/uploads\/2018\/03\/Reference_White_Hourse_Old_Town-350x350.jpg\" class=\"attachment-us_350_350_crop size-us_350_350_crop wp-post-image\" alt=\"\" srcset=\"https:\/\/galavito.cz\/wp-content\/uploads\/2018\/03\/Reference_White_Hourse_Old_Town-350x350.jpg 350w, https:\/\/galavito.cz\/wp-content\/uploads\/2018\/03\/Reference_White_Hourse_Old_Town-150x150.jpg 150w, https:\/\/galavito.cz\/wp-content\/uploads\/2018\/03\/Reference_White_Hourse_Old_Town-600x600.jpg 600w, https:\/\/galavito.cz\/wp-content\/uploads\/2018\/03\/Reference_White_Hourse_Old_Town-300x300.jpg 300w\" sizes=\"auto, (max-width: 350px) 100vw, 350px\" \/><\/div><div class=\"w-vwrapper usg_vwrapper_1 align_center valign_middle\"><div class=\"w-post-elm post_title usg_post_title_1 has_text_color entry-title color_link_inherit\">White Horse restaurant in Prague<\/div><\/div>\t\t<\/div>\r\n\t\t\t<\/article>\r\n\t<article class=\"w-grid-item size_1x1 post-2459 us_portfolio type-us_portfolio status-publish has-post-thumbnail hentry\" data-id=\"2459\">\r\n\t\t<div class=\"w-grid-item-h\">\r\n\t\t\t\t\t\t<div class=\"w-post-elm post_image usg_post_image_1 stretched\"><img loading=\"lazy\" decoding=\"async\" width=\"350\" height=\"350\" src=\"https:\/\/galavito.cz\/wp-content\/uploads\/2019\/04\/princ-1-1200x750-350x350.jpg\" class=\"attachment-us_350_350_crop size-us_350_350_crop wp-post-image\" alt=\"\" srcset=\"https:\/\/galavito.cz\/wp-content\/uploads\/2019\/04\/princ-1-1200x750-350x350.jpg 350w, https:\/\/galavito.cz\/wp-content\/uploads\/2019\/04\/princ-1-1200x750-150x150.jpg 150w, https:\/\/galavito.cz\/wp-content\/uploads\/2019\/04\/princ-1-1200x750-600x600.jpg 600w, https:\/\/galavito.cz\/wp-content\/uploads\/2019\/04\/princ-1-1200x750-300x300.jpg 300w\" sizes=\"auto, (max-width: 350px) 100vw, 350px\" \/><\/div><div class=\"w-vwrapper usg_vwrapper_1 align_center valign_middle\"><div class=\"w-post-elm post_title usg_post_title_1 has_text_color entry-title color_link_inherit\">U Prince hotel in Prague<\/div><\/div>\t\t<\/div>\r\n\t\t\t<\/article>\r\n\t<article class=\"w-grid-item size_1x1 post-2449 us_portfolio type-us_portfolio status-publish has-post-thumbnail hentry\" data-id=\"2449\">\r\n\t\t<div class=\"w-grid-item-h\">\r\n\t\t\t\t\t\t<div class=\"w-post-elm post_image usg_post_image_1 stretched\"><img loading=\"lazy\" decoding=\"async\" width=\"350\" height=\"350\" src=\"https:\/\/galavito.cz\/wp-content\/uploads\/2019\/08\/IMG_9325s-350x350.jpg\" class=\"attachment-us_350_350_crop size-us_350_350_crop wp-post-image\" alt=\"\" srcset=\"https:\/\/galavito.cz\/wp-content\/uploads\/2019\/08\/IMG_9325s-350x350.jpg 350w, https:\/\/galavito.cz\/wp-content\/uploads\/2019\/08\/IMG_9325s-150x150.jpg 150w, https:\/\/galavito.cz\/wp-content\/uploads\/2019\/08\/IMG_9325s-300x300.jpg 300w, https:\/\/galavito.cz\/wp-content\/uploads\/2019\/08\/IMG_9325s-1024x1024.jpg 1024w, https:\/\/galavito.cz\/wp-content\/uploads\/2019\/08\/IMG_9325s-600x600.jpg 600w, https:\/\/galavito.cz\/wp-content\/uploads\/2019\/08\/IMG_9325s.jpg 1600w\" sizes=\"auto, (max-width: 350px) 100vw, 350px\" \/><\/div><div class=\"w-vwrapper usg_vwrapper_1 align_center valign_middle\"><div class=\"w-post-elm post_title usg_post_title_1 has_text_color entry-title color_link_inherit\">Mlad\u00e1 Boleslav air field<\/div><\/div>\t\t<\/div>\r\n\t\t\t<\/article>\r\n\t<article class=\"w-grid-item size_1x1 post-2455 us_portfolio type-us_portfolio status-publish has-post-thumbnail hentry\" data-id=\"2455\">\r\n\t\t<div class=\"w-grid-item-h\">\r\n\t\t\t\t\t\t<div class=\"w-post-elm post_image usg_post_image_1 stretched\"><img loading=\"lazy\" decoding=\"async\" width=\"350\" height=\"350\" src=\"https:\/\/galavito.cz\/wp-content\/uploads\/2019\/03\/galavito_heating_table_karlovy_vary_pizzeria_petr-350x350.jpg\" class=\"attachment-us_350_350_crop size-us_350_350_crop wp-post-image\" alt=\"\" srcset=\"https:\/\/galavito.cz\/wp-content\/uploads\/2019\/03\/galavito_heating_table_karlovy_vary_pizzeria_petr-350x350.jpg 350w, https:\/\/galavito.cz\/wp-content\/uploads\/2019\/03\/galavito_heating_table_karlovy_vary_pizzeria_petr-300x300.jpg 300w, https:\/\/galavito.cz\/wp-content\/uploads\/2019\/03\/galavito_heating_table_karlovy_vary_pizzeria_petr-150x150.jpg 150w, https:\/\/galavito.cz\/wp-content\/uploads\/2019\/03\/galavito_heating_table_karlovy_vary_pizzeria_petr-600x600.jpg 600w\" sizes=\"auto, (max-width: 350px) 100vw, 350px\" \/><\/div><div class=\"w-vwrapper usg_vwrapper_1 align_center valign_middle\"><div class=\"w-post-elm post_title usg_post_title_1 has_text_color entry-title color_link_inherit\">Pizzeria Petr v Karlov\u00fdch Varech<\/div><\/div>\t\t<\/div>\r\n\t\t\t<\/article>\r\n<\/div>\t<div class=\"w-grid-preloader\">\r\n\t\t<div class=\"g-preloader type_1\">\r\n\t\t\t<div><\/div>\r\n\t\t<\/div>\r\n\t<\/div>\r\n\t\t<div class=\"w-grid-json hidden\" onclick='return {&quot;action&quot;:&quot;us_ajax_grid&quot;,&quot;infinite_scroll&quot;:0,&quot;max_num_pages&quot;:1,&quot;pagination&quot;:&quot;none&quot;,&quot;template_vars&quot;:{&quot;columns&quot;:&quot;6&quot;,&quot;exclude_items&quot;:&quot;none&quot;,&quot;img_size&quot;:&quot;us_350_350_crop&quot;,&quot;ignore_items_size&quot;:0,&quot;items_layout&quot;:&quot;portfolio_compact&quot;,&quot;items_offset&quot;:&quot;1&quot;,&quot;load_animation&quot;:&quot;none&quot;,&quot;overriding_link&quot;:&quot;{\\&quot;url\\&quot;:\\&quot;\\&quot;}&quot;,&quot;post_id&quot;:0,&quot;query_args&quot;:{&quot;post_type&quot;:[&quot;us_portfolio&quot;],&quot;post_status&quot;:[&quot;publish&quot;],&quot;posts_per_page&quot;:&quot;6&quot;},&quot;orderby_query_args&quot;:{&quot;orderby&quot;:{&quot;date&quot;:&quot;DESC&quot;}},&quot;type&quot;:&quot;grid&quot;,&quot;us_grid_post_type&quot;:&quot;us_portfolio&quot;,&quot;us_grid_ajax_index&quot;:1,&quot;us_grid_filter_query_string&quot;:null,&quot;us_grid_index&quot;:1,&quot;page_args&quot;:[],&quot;lang&quot;:&quot;en&quot;}}'><\/div>\r\n\t<\/div><\/div><\/div><\/div><\/div><\/div><\/section><section class=\"l-section wpb_row height_small\"><div class=\"l-section-h i-cf\"><div class=\"g-cols vc_row via_flex valign_top type_default stacking_default\"><div class=\"vc_col-sm-12 wpb_column vc_column_container\"><div class=\"vc_column-inner\"><div class=\"wpb_wrapper\"><div class=\"wpb_text_column\"><div class=\"wpb_wrapper\"><h2>References<\/h2>\n<\/div><\/div><div class=\"w-separator size_medium\"><\/div><div class=\"w-grid us_grid type_masonry layout_testimonial_6 cols_3 preload_style_spinner with_isotope\" id=\"us_grid_2\" style=\"--columns:3;--gap:2.0rem;\" data-filterable=\"true\"><style>@media (max-width:1024px){#us_grid_2{--columns:2!important}}@media (max-width:600px){#us_grid_2{--columns:1!important}}.layout_testimonial_6 .w-grid-item-h{}.layout_testimonial_6 .usg_hwrapper_1{padding-top:1.5rem!important;padding-right:2.5rem!important;padding-left:2.5rem!important}.layout_testimonial_6 .usg_post_image_1{width:4rem!important;margin-left:0!important;margin-right:1rem!important}.layout_testimonial_6 .usg_post_custom_field_1{font-weight:700!important;line-height:1.5!important;margin-bottom:0!important}.layout_testimonial_6 .usg_post_custom_field_2{color:var(--color-content-faded)!important;font-size:0.9rem!important;line-height:1.5!important}.layout_testimonial_6 .usg_vwrapper_2{color:var(--color-content-text)!important;border-radius:var(--site-border-radius)!important;background:var(--color-content-bg-alt)!important;padding:2rem 2.5rem 2rem 2.5rem!important}.layout_testimonial_6 .usg_post_custom_field_3{color:#fb0!important}<\/style><div class=\"w-grid-list\">\t<article class=\"w-grid-item size_1x1 post-2424 us_testimonial type-us_testimonial status-publish hentry\" data-id=\"2424\">\r\n\t\t<div class=\"w-grid-item-h\">\r\n\t\t\t\t\t\t<div class=\"w-vwrapper usg_vwrapper_2 grid_arrow_bottom has_text_color align_none valign_top\"><div class=\"w-post-elm post_content usg_post_content_1\"><p>Thanks to Galavito Heating Tables <strong>we prolonged our outdoor season<\/strong>, which was appreciated not only by our guests, but also by us in the restaurant. <strong>The operational costs<\/strong> for the Heating Tables <strong>are minimal, compared to gas heaters<\/strong>. There is no need to use and store gas tanks anymore at our restaurant. Thanks to Galavito Heating Tables, we can provide our guests a nice stay at our outdoor spaces even in colder months.<\/p>\n<\/div><\/div><div class=\"w-hwrapper usg_hwrapper_1 align_none valign_middle\"><div class=\"w-vwrapper usg_vwrapper_1 align_none valign_top\"><div class=\"w-post-elm post_custom_field usg_post_custom_field_1 type_text us_testimonial_author\"><span class=\"w-post-elm-value\"><\/span><\/div><div class=\"w-post-elm post_custom_field usg_post_custom_field_2 has_text_color type_text us_testimonial_role color_link_inherit\"><span class=\"w-post-elm-value\">Manager of steak restaurant Beef & Beer, Uhersk\u00e9 Hradi\u0161t\u011b<\/span><\/div><\/div><\/div>\t\t<\/div>\r\n\t\t\t<\/article>\r\n\t<article class=\"w-grid-item size_1x1 post-2423 us_testimonial type-us_testimonial status-publish hentry\" data-id=\"2423\">\r\n\t\t<div class=\"w-grid-item-h\">\r\n\t\t\t\t\t\t<div class=\"w-vwrapper usg_vwrapper_2 grid_arrow_bottom has_text_color align_none valign_top\"><div class=\"w-post-elm post_content usg_post_content_1\"><p>Galavito Heating Tables made our New Year\u2019s party for our employees much better. <strong>It was freezing outside<\/strong> and Heating Tables were not only good for the smokers, but also for the people waiting for the food truck meals. <strong>Since the very beginning all Heating Tables were full.<\/strong><\/p>\n<\/div><\/div><div class=\"w-hwrapper usg_hwrapper_1 align_none valign_middle\"><div class=\"w-vwrapper usg_vwrapper_1 align_none valign_top\"><div class=\"w-post-elm post_custom_field usg_post_custom_field_1 type_text us_testimonial_author\"><span class=\"w-post-elm-value\"><\/span><\/div><div class=\"w-post-elm post_custom_field usg_post_custom_field_2 has_text_color type_text us_testimonial_role color_link_inherit\"><span class=\"w-post-elm-value\">Marketing Specialist in CzechInvest<\/span><\/div><\/div><\/div>\t\t<\/div>\r\n\t\t\t<\/article>\r\n\t<article class=\"w-grid-item size_1x1 post-2425 us_testimonial type-us_testimonial status-publish hentry\" data-id=\"2425\">\r\n\t\t<div class=\"w-grid-item-h\">\r\n\t\t\t\t\t\t<div class=\"w-vwrapper usg_vwrapper_2 grid_arrow_bottom has_text_color align_none valign_top\"><div class=\"w-post-elm post_content usg_post_content_1\"><p>The investment in heating tables <strong>pays off after just a few days<\/strong>. Not only guests enjoy comfort during the cold evenings, but the visibility of our restaurant is much more higher. The quality of the products is unquestionable and I am glad that we have cooperated with you. I am proud that there is a company on the Czech market with high quality products and services that I will not be afraid to recommend to other colleagues.<\/p>\n<\/div><\/div><div class=\"w-hwrapper usg_hwrapper_1 align_none valign_middle\"><div class=\"w-vwrapper usg_vwrapper_1 align_none valign_top\"><div class=\"w-post-elm post_custom_field usg_post_custom_field_1 type_text us_testimonial_author\"><span class=\"w-post-elm-value\"><\/span><\/div><div class=\"w-post-elm post_custom_field usg_post_custom_field_2 has_text_color type_text us_testimonial_role color_link_inherit\"><span class=\"w-post-elm-value\">Manager of Dominican Hotel<\/span><\/div><\/div><\/div>\t\t<\/div>\r\n\t\t\t<\/article>\r\n<\/div>\t<div class=\"w-grid-preloader\">\r\n\t\t<div class=\"g-preloader type_1\">\r\n\t\t\t<div><\/div>\r\n\t\t<\/div>\r\n\t<\/div>\r\n\t\t<div class=\"w-grid-json hidden\" onclick='return {&quot;action&quot;:&quot;us_ajax_grid&quot;,&quot;infinite_scroll&quot;:0,&quot;max_num_pages&quot;:1,&quot;pagination&quot;:&quot;none&quot;,&quot;template_vars&quot;:{&quot;columns&quot;:&quot;3&quot;,&quot;exclude_items&quot;:&quot;none&quot;,&quot;img_size&quot;:&quot;default&quot;,&quot;ignore_items_size&quot;:0,&quot;items_layout&quot;:&quot;testimonial_6&quot;,&quot;items_offset&quot;:&quot;1&quot;,&quot;load_animation&quot;:&quot;none&quot;,&quot;overriding_link&quot;:&quot;{\\&quot;url\\&quot;:\\&quot;\\&quot;}&quot;,&quot;post_id&quot;:0,&quot;query_args&quot;:{&quot;post_type&quot;:[&quot;us_testimonial&quot;],&quot;post_status&quot;:[&quot;publish&quot;],&quot;posts_per_page&quot;:&quot;5&quot;},&quot;orderby_query_args&quot;:{&quot;orderby&quot;:{&quot;date&quot;:&quot;ASC&quot;}},&quot;type&quot;:&quot;masonry&quot;,&quot;us_grid_post_type&quot;:&quot;us_testimonial&quot;,&quot;us_grid_ajax_index&quot;:2,&quot;us_grid_filter_query_string&quot;:null,&quot;us_grid_index&quot;:2,&quot;page_args&quot;:[],&quot;lang&quot;:&quot;en&quot;}}'><\/div>\r\n\t<\/div><div class=\"w-separator size_small\"><\/div><div class=\"w-btn-wrapper align_center\"><a class=\"w-btn us-btn-style_1\" title=\"Reference\" href=\"https:\/\/galavito.cz\/en\/references\/\"><span class=\"w-btn-label\">More references<\/span><\/a><\/div><\/div><\/div><\/div><\/div><\/div><\/section><section class=\"l-section wpb_row height_medium color_secondary with_img\" id=\"story\"><div class=\"l-section-img\" role=\"img\" aria-label=\"Image\" data-img-width=\"1600\" data-img-height=\"1067\" style=\"background-image: url(https:\/\/galavito.cz\/wp-content\/uploads\/2019\/10\/bottom-story-background.jpg);background-repeat: no-repeat;\"><\/div><div class=\"l-section-overlay\" style=\"background:rgba(0,0,0,0.55)\"><\/div><div class=\"l-section-h i-cf\"><div class=\"g-cols vc_row via_flex valign_bottom type_default stacking_default\"><div class=\"vc_col-sm-12 wpb_column vc_column_container\"><div class=\"vc_column-inner\"><div class=\"wpb_wrapper\"><div class=\"wpb_text_column\"><div class=\"wpb_wrapper\"><div class=\"wpb_text_column wpb_content_element \">\n<div class=\"wpb_wrapper\">\n<h2 class=\"widget-sub-title dfd-sub-title \">A cold and rainy winter night gave us the idea<\/h2>\n<div class=\"wpb_text_column wpb_content_element \">\n<div class=\"wpb_wrapper\">\n<p>The year was 2013. <strong>We were sitting in \u0130stanbul, looking at the symbolic Galata Tower from the 14th century and we were freezing.<\/strong> Raindrops were falling on our heads and the cold was changing the nice moment into an unpleasant one. We wished for something that would warm us up and at the same time not force us to leave our place outside. At that moment our dream began to materialise.<\/p>\n<p>It was the symbol of \u0130stanbul, the Galata Tower, that gave the name to our creative idea, determination and business dream: electric heating designed to enable people enjoying comfortable time outside.<\/p>\n<p>We invented <a href=\"https:\/\/galavito.cz\/galavito-heating-table\/\">Galavito Heating Table<\/a> to <strong>function reliably under all conditions<\/strong>, to be safe and to provide pleasant time to its users. It combines oriental elegance with European practicality.<\/p>\n<p><strong>The first steps in development<\/strong> were made together with the Czech Technical University (CTU) in Prague. All our activities, from manufacturing to recycling of the products is done with consideration of the environment and with the intention of minimizing the environmental impact.<\/p>\n<p>Our outdoor electrical heatier, placed in the table base is used by many companies and households. Thanks to their feedback we continue the development in order <strong>to make our customers more and more happy<\/strong>.<\/p>\n<p><strong>Ece Erg\u00fcney\u00a0<\/strong><b>Hn\u00e1tkov\u00e1<\/b>\u00a0and <strong>Milan Hn\u00e1tek<\/strong><\/p>\n<\/div>\n<\/div>\n<\/div>\n<\/div>\n<\/div><\/div><\/div><\/div><\/div><\/div><\/div><\/section>\n","protected":false},"excerpt":{"rendered":"The investment in heating tables pays off after just a few days. Not only guests enjoy comfort during the cold evenings, but the visibility of our restaurant is much more higher. The quality of the products is unquestionable and I am glad that we have cooperated with you. I am proud that there is a...","protected":false},"author":2,"featured_media":0,"parent":0,"menu_order":0,"comment_status":"closed","ping_status":"closed","template":"","meta":{"footnotes":""},"class_list":["post-2417","page","type-page","status-publish","hentry"],"aioseo_notices":[],"_links":{"self":[{"href":"https:\/\/galavito.cz\/en\/wp-json\/wp\/v2\/pages\/2417","targetHints":{"allow":["GET"]}}],"collection":[{"href":"https:\/\/galavito.cz\/en\/wp-json\/wp\/v2\/pages"}],"about":[{"href":"https:\/\/galavito.cz\/en\/wp-json\/wp\/v2\/types\/page"}],"author":[{"embeddable":true,"href":"https:\/\/galavito.cz\/en\/wp-json\/wp\/v2\/users\/2"}],"replies":[{"embeddable":true,"href":"https:\/\/galavito.cz\/en\/wp-json\/wp\/v2\/comments?post=2417"}],"version-history":[{"count":0,"href":"https:\/\/galavito.cz\/en\/wp-json\/wp\/v2\/pages\/2417\/revisions"}],"wp:attachment":[{"href":"https:\/\/galavito.cz\/en\/wp-json\/wp\/v2\/media?parent=2417"}],"curies":[{"name":"wp","href":"https:\/\/api.w.org\/{rel}","templated":true}]}}