{"id":8546,"date":"2019-05-20T22:29:03","date_gmt":"2021-01-04T15:10:28","guid":{"rendered":"https:\/\/galavito.cz\/?post_type=product&#038;p=8546"},"modified":"2021-01-04T16:13:33","modified_gmt":"2021-01-04T15:13:33","slug":"messina-oak-tischplatten-topalit","status":"publish","type":"product","link":"https:\/\/galavito.cz\/de\/produkt\/messina-oak-tischplatten-topalit\/","title":{"rendered":"Messina Oak \u2013 Tischplatten&nbsp;Topalit"},"content":{"rendered":"","protected":false},"excerpt":{"rendered":"<p>Zwei Modelle \u2013 Smartline (kantenloses Profil) und Classicline.<br \/>\nIn Kreis-, Quadrat und Rechteckausf\u00fchrungen.<\/p>\n<p>Preise f\u00fcr Tischplatten verstehen sich ohne MwSt. und Versand. Die Transportkosten sind vom Bestimmungsort abh\u00e4ngig. Bei Bestellung von mehr als 4 St\u00fcck ist ein Mengenrabatt m\u00f6glich \u2013 nach dem Absenden der Anfrage senden wir Ihnen ein korrigiertes individuelles Preisangebot.<\/p>\n<p>Bei Fragen und individuellen W\u00fcnschen schreiben Sie auf <a href=\"mailto:info@galavito.cz\">info@galavito.cz<\/a> oder rufen Sie uns unter +420\u00a0736\u00a0177\u00a0368 an.<\/p>\n<p>&nbsp;<\/p>\n","protected":false},"featured_media":7995,"template":"","meta":[],"product_brand":[],"product_cat":[114,113],"product_tag":[116,115,160,118],"class_list":{"0":"post-8546","1":"product","2":"type-product","3":"status-publish","4":"has-post-thumbnail","6":"product_cat-design-holz","7":"product_cat-tischplatten-topalit","8":"product_tag-classicline-de","9":"product_tag-smartline-de","10":"product_tag-topalit-de","11":"product_tag-wood-decors-de","13":"first","14":"instock","15":"taxable","16":"shipping-taxable","17":"purchasable","18":"product-type-variable"},"aioseo_notices":[],"_links":{"self":[{"href":"https:\/\/galavito.cz\/de\/wp-json\/wp\/v2\/product\/8546","targetHints":{"allow":["GET"]}}],"collection":[{"href":"https:\/\/galavito.cz\/de\/wp-json\/wp\/v2\/product"}],"about":[{"href":"https:\/\/galavito.cz\/de\/wp-json\/wp\/v2\/types\/product"}],"wp:featuredmedia":[{"embeddable":true,"href":"https:\/\/galavito.cz\/de\/wp-json\/wp\/v2\/media\/7995"}],"wp:attachment":[{"href":"https:\/\/galavito.cz\/de\/wp-json\/wp\/v2\/media?parent=8546"}],"wp:term":[{"taxonomy":"product_brand","embeddable":true,"href":"https:\/\/galavito.cz\/de\/wp-json\/wp\/v2\/product_brand?post=8546"},{"taxonomy":"product_cat","embeddable":true,"href":"https:\/\/galavito.cz\/de\/wp-json\/wp\/v2\/product_cat?post=8546"},{"taxonomy":"product_tag","embeddable":true,"href":"https:\/\/galavito.cz\/de\/wp-json\/wp\/v2\/product_tag?post=8546"}],"curies":[{"name":"wp","href":"https:\/\/api.w.org\/{rel}","templated":true}]}}