{"id":8219,"date":"2020-06-09T12:22:47","date_gmt":"2020-06-09T10:22:47","guid":{"rendered":"https:\/\/galavito.cz\/?post_type=product&#038;p=8219"},"modified":"2022-04-19T23:33:46","modified_gmt":"2022-04-19T21:33:46","slug":"venkovni-hlinikovy-ctvercovy-stul","status":"publish","type":"product","link":"https:\/\/galavito.cz\/de\/produkt\/venkovni-hlinikovy-ctvercovy-stul\/","title":{"rendered":"Venkovn\u00ed hlin\u00edkov\u00fd \u010dtvercov\u00fd st\u016fl"},"content":{"rendered":"<p><strong>Rozm\u011br stolov\u00e9 desky:<\/strong> 80 x 80 cm<br \/>\n<strong>V\u00fd\u0161ka:<\/strong> 76 cm<br \/>\n<strong>Hmotnost:<\/strong> 11,0 kg<br \/>\n<strong>Povrch:<\/strong> brou\u0161en\u00fd hlin\u00edk a stolov\u00e1 deska z kompozitn\u00edho materi\u00e1lu<br \/>\n<strong>M\u00edsto pro:<\/strong> 4 osoby<\/p>\n","protected":false},"excerpt":{"rendered":"<p>Hlin\u00edkov\u00fd j\u00eddeln\u00ed st\u016fl pro venkovn\u00ed posezen\u00ed na terase nebo zahrad\u011b. St\u016fl je zcela bez\u00fadr\u017ebov\u00fd a odoln\u00fd pov\u011btrnostn\u00edm vliv\u016fm. D\u00edky 4 stolov\u00fdm noh\u00e1m je stabiln\u00ed a odoln\u00fd. Dlouh\u00e1 \u017eivotnost.<\/p>\n<p>Mo\u017enost dod\u00e1n\u00ed v setu s hlin\u00edkov\u00fdmi \u017eidlemi.<\/p>\n<p>Uveden\u00e9 ceny jsou bez DPH a dopravy. Doprava dle PS\u010c. P\u0159i objedn\u00e1n\u00ed v\u00edce kus\u016f je mo\u017en\u00e1 mno\u017estevn\u00ed sleva. Po odesl\u00e1n\u00ed popt\u00e1vky za\u0161leme opravenou individu\u00e1ln\u00ed cenovou nab\u00eddku.<\/p>\n<p>Pro speci\u00e1ln\u00ed projekty je mo\u017en\u00e1 zvl\u00e1\u0161tn\u00ed domluva a spolupr\u00e1ce. Pi\u0161te na <a href=\"mailto:info@galavito.cz\">info@galavito.cz<\/a><\/p>\n","protected":false},"featured_media":8220,"template":"","meta":[],"product_brand":[],"product_cat":[103,101],"product_tag":[],"class_list":{"0":"post-8219","1":"product","2":"type-product","3":"status-publish","4":"has-post-thumbnail","6":"product_cat-stolky","7":"product_cat-venkovni-vybaveni-a-mobiliar","9":"first","10":"outofstock","11":"taxable","12":"shipping-taxable","13":"purchasable","14":"product-type-simple"},"aioseo_notices":[],"_links":{"self":[{"href":"https:\/\/galavito.cz\/de\/wp-json\/wp\/v2\/product\/8219","targetHints":{"allow":["GET"]}}],"collection":[{"href":"https:\/\/galavito.cz\/de\/wp-json\/wp\/v2\/product"}],"about":[{"href":"https:\/\/galavito.cz\/de\/wp-json\/wp\/v2\/types\/product"}],"wp:featuredmedia":[{"embeddable":true,"href":"https:\/\/galavito.cz\/de\/wp-json\/wp\/v2\/media\/8220"}],"wp:attachment":[{"href":"https:\/\/galavito.cz\/de\/wp-json\/wp\/v2\/media?parent=8219"}],"wp:term":[{"taxonomy":"product_brand","embeddable":true,"href":"https:\/\/galavito.cz\/de\/wp-json\/wp\/v2\/product_brand?post=8219"},{"taxonomy":"product_cat","embeddable":true,"href":"https:\/\/galavito.cz\/de\/wp-json\/wp\/v2\/product_cat?post=8219"},{"taxonomy":"product_tag","embeddable":true,"href":"https:\/\/galavito.cz\/de\/wp-json\/wp\/v2\/product_tag?post=8219"}],"curies":[{"name":"wp","href":"https:\/\/api.w.org\/{rel}","templated":true}]}}