{"id":8209,"date":"2020-06-01T14:18:15","date_gmt":"2020-06-01T12:18:15","guid":{"rendered":"https:\/\/galavito.cz\/?post_type=product&#038;p=8209"},"modified":"2021-10-13T21:38:13","modified_gmt":"2021-10-13T19:38:13","slug":"venkovni-sestava-kovoveho-skladaciho-stolku-a-dvou-zidli","status":"publish","type":"product","link":"https:\/\/galavito.cz\/de\/produkt\/venkovni-sestava-kovoveho-skladaciho-stolku-a-dvou-zidli\/","title":{"rendered":"Venkovn\u00ed sestava kovov\u00e9ho skl\u00e1dac\u00edho stolku a dvou \u017eidl\u00ed"},"content":{"rendered":"<p><strong>Barevn\u00e9 varianty: <\/strong>b\u00edl\u00e1, \u010derven\u00e1, modr\u00e1, zelen\u00e1, \u010dern\u00e1 (antracit)<br \/>\n<strong>Obsahuje:<\/strong> 1 x skl\u00e1dac\u00ed st\u016fl, 2x skl\u00e1dac\u00ed \u017eidle<br \/>\n<strong>M\u00edsto pro:<\/strong> 2 osoby<br \/>\n<strong>Povrch: <\/strong>pr\u00e1\u0161kov\u00e1 barva (lak)<br \/>\n<strong>Skladov\u00e1n\u00ed: <\/strong>skl\u00e1dac\u00ed<\/p>\n","protected":false},"excerpt":{"rendered":"<p>Sestava pro venkovn\u00ed posezen\u00ed. Tento praktick\u00fd set obsahuje kovov\u00fd skl\u00e1dac\u00ed stolek a dv\u011b skl\u00e1dac\u00ed \u017eidle. T\u0159\u00edd\u00edln\u00e1 sada se hod\u00ed na balkon nebo men\u0161\u00ed zahradu, kde si m\u016f\u017eete vytvo\u0159it p\u0159\u00edjemn\u00e9 m\u00edsto pro relax a k\u00e1vu na \u010derstv\u00e9m vzduchu. Skl\u00e1dac\u00ed set se snadno uskladn\u00ed a nezab\u00edr\u00e1 m\u00edsto, kdy\u017e jej zrovna nepou\u017e\u00edv\u00e1te.<\/p>\n<p>Nad\u010dasov\u00fd design skl\u00e1dac\u00edho kav\u00e1rensk\u00e9ho stoku a skl\u00e1dac\u00edch \u017eidl\u00ed se hod\u00ed ke ka\u017ed\u00e9mu stylu a je mo\u017en\u00e9 jej kombinovat s ka\u017ed\u00fdm jin\u00fdm designem.<\/p>\n<p>V nab\u00eddkou jsou r\u016fzn\u00e9 barevn\u00e9 varianty. Napi\u0161te n\u00e1m na <a href=\"mailto:info@galavito.cz\">info@galavito.cz<\/a> a r\u00e1di v\u00e1m pom\u016f\u017eeme a porad\u00edme s v\u00fdb\u011brem.<\/p>\n<p>Uveden\u00e9 ceny jsou bez DPH a dopravy. Doprava dle PS\u010c. P\u0159i objedn\u00e1n\u00ed v\u00edce kus\u016f je mo\u017en\u00e1 mno\u017estevn\u00ed sleva. Po odesl\u00e1n\u00ed popt\u00e1vky za\u0161leme opravenou individu\u00e1ln\u00ed cenovou nab\u00eddku.<\/p>\n","protected":false},"featured_media":8210,"template":"","meta":[],"product_brand":[],"product_cat":[101,106],"product_tag":[111,112],"class_list":{"0":"post-8209","1":"product","2":"type-product","3":"status-publish","4":"has-post-thumbnail","6":"product_cat-venkovni-vybaveni-a-mobiliar","7":"product_cat-zahradni-a-venkovni-sestavy","8":"product_tag-sestava","9":"product_tag-skladaci","11":"first","12":"outofstock","13":"taxable","14":"shipping-taxable","15":"purchasable","16":"product-type-simple"},"aioseo_notices":[],"_links":{"self":[{"href":"https:\/\/galavito.cz\/de\/wp-json\/wp\/v2\/product\/8209","targetHints":{"allow":["GET"]}}],"collection":[{"href":"https:\/\/galavito.cz\/de\/wp-json\/wp\/v2\/product"}],"about":[{"href":"https:\/\/galavito.cz\/de\/wp-json\/wp\/v2\/types\/product"}],"wp:featuredmedia":[{"embeddable":true,"href":"https:\/\/galavito.cz\/de\/wp-json\/wp\/v2\/media\/8210"}],"wp:attachment":[{"href":"https:\/\/galavito.cz\/de\/wp-json\/wp\/v2\/media?parent=8209"}],"wp:term":[{"taxonomy":"product_brand","embeddable":true,"href":"https:\/\/galavito.cz\/de\/wp-json\/wp\/v2\/product_brand?post=8209"},{"taxonomy":"product_cat","embeddable":true,"href":"https:\/\/galavito.cz\/de\/wp-json\/wp\/v2\/product_cat?post=8209"},{"taxonomy":"product_tag","embeddable":true,"href":"https:\/\/galavito.cz\/de\/wp-json\/wp\/v2\/product_tag?post=8209"}],"curies":[{"name":"wp","href":"https:\/\/api.w.org\/{rel}","templated":true}]}}