{"id":8203,"date":"2020-05-22T19:39:41","date_gmt":"2020-05-22T17:39:41","guid":{"rendered":"https:\/\/galavito.cz\/?post_type=product&#038;p=8203"},"modified":"2022-04-19T23:38:40","modified_gmt":"2022-04-19T21:38:40","slug":"venkovni-hlinikova-zidle-s-operkami-a-svarovanym-ramem","status":"publish","type":"product","link":"https:\/\/galavito.cz\/de\/produkt\/venkovni-hlinikova-zidle-s-operkami-a-svarovanym-ramem\/","title":{"rendered":"Venkovn\u00ed hlin\u00edkov\u00e1 \u017eidle s op\u011brkami a sva\u0159ovan\u00fdm r\u00e1mem"},"content":{"rendered":"<p><strong>V\u00fd\u0161ka op\u011bradla:<\/strong> 77 cm<br \/>\n<strong>\u0160\u00ed\u0159ka sed\u00e1ku:<\/strong> 48 cm<br \/>\n<strong>Hloubka sed\u00e1ku:<\/strong> 42 cm<br \/>\n<strong>V\u00fd\u0161ka sed\u00e1ku:<\/strong> 44 cm<br \/>\n<strong>Hmotnost:<\/strong> 2,30 kg<br \/>\n<strong>Skladov\u00e1n\u00ed:<\/strong> stohovateln\u00e1<\/p>\n","protected":false},"excerpt":{"rendered":"<p>Hlin\u00edkov\u00e1 \u017eidle se sva\u0159ovan\u00fdm r\u00e1mem a op\u011brkami pro ruce. R\u00e1m \u017eidle tvo\u0159\u00ed eloxovan\u00e9 hlin\u00edkov\u00e9 trubky o pr\u016fm\u011bru 25 cm a s\u00edle 1,5 cm. Hlin\u00edkov\u00e1 \u017eidle v\u00e1s p\u0159ekvap\u00ed svou lehkost\u00ed (jen 2,30 kg) a pevnost\u00ed.<\/p>\n<p>\u017didle je vhodn\u00e1 k celoro\u010dn\u00edmu pou\u017eit\u00ed venku na restaura\u010dn\u00edch p\u0159edzahr\u00e1dk\u00e1ch, zahradn\u00edch restaurac\u00ed, teras\u00e1ch, ale i doma na verand\u011b. \u017didle z eloxovan\u00e9ho klin\u00edku je odoln\u00e1 v\u016f\u010di klimatick\u00fdm a pov\u011btrnostn\u00edm vliv\u016fm a nerezav\u00ed.<\/p>\n<p>\u017didli je mo\u017en\u00e9 pou\u017e\u00edvat jak v exteri\u00e9ru, tak i v interi\u00e9ru. \u017didle je nen\u00e1ro\u010dn\u00e1 \u00fadr\u017ebu a pohodln\u011b se na ni sed\u00ed.<\/p>\n<p>Uveden\u00e9 ceny jsou bez DPH a dopravy. Doprava dle PS\u010c. P\u0159i objedn\u00e1n\u00ed v\u00edce kus\u016f je mo\u017en\u00e1 mno\u017estevn\u00ed sleva. Po odesl\u00e1n\u00ed popt\u00e1vky za\u0161leme opravenou individu\u00e1ln\u00ed cenovou nab\u00eddku.<\/p>\n<p>Pro speci\u00e1ln\u00ed projekty je mo\u017en\u00e1 zvl\u00e1\u0161tn\u00ed domluva a spolupr\u00e1ce. Pi\u0161te na <a href=\"mailto:info@galavito.cz\">info@galavito.cz<\/a><\/p>\n","protected":false},"featured_media":8204,"template":"","meta":[],"product_brand":[],"product_cat":[101,102],"product_tag":[108,109],"class_list":{"0":"post-8203","1":"product","2":"type-product","3":"status-publish","4":"has-post-thumbnail","6":"product_cat-venkovni-vybaveni-a-mobiliar","7":"product_cat-zidle","8":"product_tag-hlinikove-zidle","9":"product_tag-zidle-s-operkami","11":"first","12":"instock","13":"taxable","14":"shipping-taxable","15":"purchasable","16":"product-type-simple"},"aioseo_notices":[],"_links":{"self":[{"href":"https:\/\/galavito.cz\/de\/wp-json\/wp\/v2\/product\/8203","targetHints":{"allow":["GET"]}}],"collection":[{"href":"https:\/\/galavito.cz\/de\/wp-json\/wp\/v2\/product"}],"about":[{"href":"https:\/\/galavito.cz\/de\/wp-json\/wp\/v2\/types\/product"}],"wp:featuredmedia":[{"embeddable":true,"href":"https:\/\/galavito.cz\/de\/wp-json\/wp\/v2\/media\/8204"}],"wp:attachment":[{"href":"https:\/\/galavito.cz\/de\/wp-json\/wp\/v2\/media?parent=8203"}],"wp:term":[{"taxonomy":"product_brand","embeddable":true,"href":"https:\/\/galavito.cz\/de\/wp-json\/wp\/v2\/product_brand?post=8203"},{"taxonomy":"product_cat","embeddable":true,"href":"https:\/\/galavito.cz\/de\/wp-json\/wp\/v2\/product_cat?post=8203"},{"taxonomy":"product_tag","embeddable":true,"href":"https:\/\/galavito.cz\/de\/wp-json\/wp\/v2\/product_tag?post=8203"}],"curies":[{"name":"wp","href":"https:\/\/api.w.org\/{rel}","templated":true}]}}