{"id":8181,"date":"2020-05-22T13:01:45","date_gmt":"2020-05-22T11:01:45","guid":{"rendered":"https:\/\/galavito.cz\/?post_type=product&#038;p=8181"},"modified":"2024-07-08T15:53:17","modified_gmt":"2024-07-08T13:53:17","slug":"venkovni-kovova-zidle-z-tahokovu-s-operkami","status":"publish","type":"product","link":"https:\/\/galavito.cz\/de\/produkt\/venkovni-kovova-zidle-z-tahokovu-s-operkami\/","title":{"rendered":"Venkovn\u00ed kovov\u00e1 \u017eidle z tahokovu s op\u011brkami"},"content":{"rendered":"<p><strong>V\u00fd\u0161ka op\u011bradla:<\/strong> 90 cm<br \/>\n<strong>\u0160\u00ed\u0159ka sed\u00e1ku:<\/strong> 42 cm<br \/>\n<strong>Hloubka sed\u00e1ku:<\/strong> 48 cm<br \/>\n<strong>V\u00fd\u0161ka sed\u00e1ku:<\/strong> 44,5 cm<br \/>\n<strong>Hmotnost:<\/strong> 4,70 kg<br \/>\n<strong>Povrch: <\/strong>pr\u00e1\u0161kov\u00e1 barva (lak)<br \/>\n<strong>Skladov\u00e1n\u00ed:<\/strong> stohovateln\u00e1<\/p>\n","protected":false},"excerpt":{"rendered":"<p>Celokovov\u00e1 \u017eidle s op\u011brkami pro ruce vhodn\u00e1 pro pou\u017eit\u00ed venku na restaura\u010dn\u00edch p\u0159edzahr\u00e1dk\u00e1ch nebo teras\u00e1ch. Op\u011bradlo a sed\u00e1k jsou vyrobeny z tahokovu. Op\u011brky jsou kovov\u00e9. \u017didle je vhodn\u00e1 pro pou\u017eit\u00ed venku na terase nebo verand\u011b b\u011bhem cel\u00e9ho roku.<\/p>\n<p>Uveden\u00e9 ceny jsou bez DPH a dopravy. Doprava dle PS\u010c. P\u0159i objedn\u00e1n\u00ed v\u00edce kus\u016f je mo\u017en\u00e1 mno\u017estevn\u00ed sleva. Po odesl\u00e1n\u00ed popt\u00e1vky za\u0161leme opravenou individu\u00e1ln\u00ed cenovou nab\u00eddku.<\/p>\n<p>Pro speci\u00e1ln\u00ed projekty je mo\u017en\u00e1 zvl\u00e1\u0161tn\u00ed domluva a spolupr\u00e1ce. Pi\u0161te na <a href=\"mailto:info@galavito.cz\">info@galavito.cz<\/a><\/p>\n","protected":false},"featured_media":8199,"template":"","meta":[],"product_brand":[],"product_cat":[101,102],"product_tag":[107,109],"class_list":{"0":"post-8181","1":"product","2":"type-product","3":"status-publish","4":"has-post-thumbnail","6":"product_cat-venkovni-vybaveni-a-mobiliar","7":"product_cat-zidle","8":"product_tag-kovove-zidle","9":"product_tag-zidle-s-operkami","11":"first","12":"instock","13":"taxable","14":"shipping-taxable","15":"purchasable","16":"product-type-simple"},"aioseo_notices":[],"_links":{"self":[{"href":"https:\/\/galavito.cz\/de\/wp-json\/wp\/v2\/product\/8181","targetHints":{"allow":["GET"]}}],"collection":[{"href":"https:\/\/galavito.cz\/de\/wp-json\/wp\/v2\/product"}],"about":[{"href":"https:\/\/galavito.cz\/de\/wp-json\/wp\/v2\/types\/product"}],"wp:featuredmedia":[{"embeddable":true,"href":"https:\/\/galavito.cz\/de\/wp-json\/wp\/v2\/media\/8199"}],"wp:attachment":[{"href":"https:\/\/galavito.cz\/de\/wp-json\/wp\/v2\/media?parent=8181"}],"wp:term":[{"taxonomy":"product_brand","embeddable":true,"href":"https:\/\/galavito.cz\/de\/wp-json\/wp\/v2\/product_brand?post=8181"},{"taxonomy":"product_cat","embeddable":true,"href":"https:\/\/galavito.cz\/de\/wp-json\/wp\/v2\/product_cat?post=8181"},{"taxonomy":"product_tag","embeddable":true,"href":"https:\/\/galavito.cz\/de\/wp-json\/wp\/v2\/product_tag?post=8181"}],"curies":[{"name":"wp","href":"https:\/\/api.w.org\/{rel}","templated":true}]}}