{"id":6613,"date":"2019-03-19T20:55:09","date_gmt":"2020-02-05T21:59:25","guid":{"rendered":"https:\/\/galavito.cz\/?post_type=product&#038;p=6613"},"modified":"2020-02-20T15:43:16","modified_gmt":"2020-02-20T14:43:16","slug":"beheizter-tisch-bistro-duo","status":"publish","type":"product","link":"https:\/\/galavito.cz\/de\/produkt\/beheizter-tisch-bistro-duo\/","title":{"rendered":"Beheizter Tisch BISTRO DUO"},"content":{"rendered":"<p><strong>Ohne Tischplatte.<\/strong> Um sie auszuw\u00e4hlen, besuchen Sie bitte die <a href=\"https:\/\/galavito.cz\/de\/tischplatten\/\">Sektion Tischplatten<\/a>.<br \/>\nH\u00f6he 72 cm und Gewicht 15 kg.<br \/>\nAbmessungen der Tischbasis: 45 \u00d7 45 cm<br \/>\nStromversorgung: 230V ~50 Hz. Leistung der Heizlampe: 2 x 1,2 kW<br \/>\nSchutzklasse: IP44<\/p>\n","protected":false},"excerpt":{"rendered":"<p>Der beheizte Tisch BISTRO DUO f\u00fcr den Au\u00dfenbereich dient zum Aufw\u00e4rmen der stehenden G\u00e4ste, die drau\u00dfen auch bei ung\u00fcnstigem Wetter in aller Ruhe ihre Zigarette oder ihren Kaffee genie\u00dfen, oder ein wenig mit Freunden plaudern m\u00f6chten.<\/p>\n<p>Der Tisch ist mit einem 109 cm hohen Fu\u00dfgestell samt 2 Infrarotr\u00f6hren ausgestattet, dank deren es m\u00f6glich ist, die Heizintensit\u00e4t zu regulieren.<\/p>\n<p>Die G\u00e4ste k\u00f6nnen so dank dem Erw\u00e4rmen ihr Verbleiben vor dem Restaurant, im Vorgarten oder auf der Terrasse voll genie\u00dfen.<\/p>\n","protected":false},"featured_media":6615,"template":"","meta":[],"product_brand":[],"product_cat":[92],"product_tag":[],"class_list":{"0":"post-6613","1":"product","2":"type-product","3":"status-publish","4":"has-post-thumbnail","6":"product_cat-beheizte-tische","8":"first","9":"instock","10":"taxable","11":"shipping-taxable","12":"purchasable","13":"product-type-simple"},"aioseo_notices":[],"_links":{"self":[{"href":"https:\/\/galavito.cz\/de\/wp-json\/wp\/v2\/product\/6613","targetHints":{"allow":["GET"]}}],"collection":[{"href":"https:\/\/galavito.cz\/de\/wp-json\/wp\/v2\/product"}],"about":[{"href":"https:\/\/galavito.cz\/de\/wp-json\/wp\/v2\/types\/product"}],"wp:featuredmedia":[{"embeddable":true,"href":"https:\/\/galavito.cz\/de\/wp-json\/wp\/v2\/media\/6615"}],"wp:attachment":[{"href":"https:\/\/galavito.cz\/de\/wp-json\/wp\/v2\/media?parent=6613"}],"wp:term":[{"taxonomy":"product_brand","embeddable":true,"href":"https:\/\/galavito.cz\/de\/wp-json\/wp\/v2\/product_brand?post=6613"},{"taxonomy":"product_cat","embeddable":true,"href":"https:\/\/galavito.cz\/de\/wp-json\/wp\/v2\/product_cat?post=6613"},{"taxonomy":"product_tag","embeddable":true,"href":"https:\/\/galavito.cz\/de\/wp-json\/wp\/v2\/product_tag?post=6613"}],"curies":[{"name":"wp","href":"https:\/\/api.w.org\/{rel}","templated":true}]}}