{"id":6610,"date":"2019-03-19T20:42:09","date_gmt":"2019-03-19T19:42:09","guid":{"rendered":"https:\/\/galavito.cz\/eshop\/vyhrivany-stolek-resto\/"},"modified":"2020-02-20T15:42:57","modified_gmt":"2020-02-20T14:42:57","slug":"beheizter-tisch-resto","status":"publish","type":"product","link":"https:\/\/galavito.cz\/de\/produkt\/beheizter-tisch-resto\/","title":{"rendered":"Beheizter Tisch RESTO"},"content":{"rendered":"<p><strong>Ohne Tischplatte.<\/strong> Um sie auszuw\u00e4hlen, besuchen Sie bitte die <a href=\"https:\/\/galavito.cz\/de\/tischplatten\/\">Sektion Tischplatten<\/a>.<br \/>\nH\u00f6he 72 cm und Gewicht 15 kg.<br \/>\nAbmessungen der Tischbasis: 45 \u00d7 45 cm<br \/>\nStromversorgung: 230V ~50 Hz. Leistung der Heizlampe: 1,2 kW<br \/>\nSchutzklasse: IP44<\/p>\n","protected":false},"excerpt":{"rendered":"<p>Befriedigen Sie die Bed\u00fcrfnisse von G\u00e4sten, die auch bei k\u00e4lterem Wetter ihre Zeit im Freien genie\u00dfen m\u00f6chten. Verl\u00e4ngern Sie die Freiluftsaison, locken Sie mehr G\u00e4ste, steigern Sie den Gewinn und zahlen Sie Ihre Investition innerhalb eines einzigen Monats zur\u00fcck.<\/p>\n<p>Der umweltfreundliche Infrarotstrahler f\u00fcr den Au\u00dfenbereich ist f\u00fcr ungest\u00f6rtes Sitzen der G\u00e4ste in den Vorg\u00e4rten von Restaurants und Caf\u00e9s bei kaltem Wetter konzipiert. Bei Kaffee oder Mittagessen genie\u00dfen sie auf diese Art und Weise unterst\u00fctzt von Strahlungsheizung die im Freien verbrachte Zeit. Der beheizte Tisch RESTO ist auch f\u00fcr den nichtkommerziellen Gebrauch beliebt &#8211; zu Hause auf der Terrasse, Pergola, Veranda oder im Garten.<\/p>\n","protected":false},"featured_media":5968,"template":"","meta":[],"product_brand":[],"product_cat":[92],"product_tag":[],"class_list":{"0":"post-6610","1":"product","2":"type-product","3":"status-publish","4":"has-post-thumbnail","6":"product_cat-beheizte-tische","8":"first","9":"instock","10":"taxable","11":"shipping-taxable","12":"purchasable","13":"product-type-simple"},"aioseo_notices":[],"_links":{"self":[{"href":"https:\/\/galavito.cz\/de\/wp-json\/wp\/v2\/product\/6610","targetHints":{"allow":["GET"]}}],"collection":[{"href":"https:\/\/galavito.cz\/de\/wp-json\/wp\/v2\/product"}],"about":[{"href":"https:\/\/galavito.cz\/de\/wp-json\/wp\/v2\/types\/product"}],"wp:featuredmedia":[{"embeddable":true,"href":"https:\/\/galavito.cz\/de\/wp-json\/wp\/v2\/media\/5968"}],"wp:attachment":[{"href":"https:\/\/galavito.cz\/de\/wp-json\/wp\/v2\/media?parent=6610"}],"wp:term":[{"taxonomy":"product_brand","embeddable":true,"href":"https:\/\/galavito.cz\/de\/wp-json\/wp\/v2\/product_brand?post=6610"},{"taxonomy":"product_cat","embeddable":true,"href":"https:\/\/galavito.cz\/de\/wp-json\/wp\/v2\/product_cat?post=6610"},{"taxonomy":"product_tag","embeddable":true,"href":"https:\/\/galavito.cz\/de\/wp-json\/wp\/v2\/product_tag?post=6610"}],"curies":[{"name":"wp","href":"https:\/\/api.w.org\/{rel}","templated":true}]}}