{"id":12020,"date":"2025-02-26T13:33:21","date_gmt":"2025-02-26T12:33:21","guid":{"rendered":"https:\/\/galavito.cz\/?post_type=product&#038;p=12020"},"modified":"2025-02-26T14:46:33","modified_gmt":"2025-02-26T13:46:33","slug":"kovova-lakovana-zidle","status":"publish","type":"product","link":"https:\/\/galavito.cz\/de\/produkt\/kovova-lakovana-zidle\/","title":{"rendered":"Kovov\u00e1 lakovan\u00e1 \u017eidle"},"content":{"rendered":"<p><strong>V\u00fd\u0161ka op\u011bradla:<\/strong> 83 cm<br \/>\n<strong>\u0160\u00ed\u0159ka sed\u00e1ku:<\/strong> 39 cm<br \/>\n<strong>Hloubka sed\u00e1ku:<\/strong> 39 cm<br \/>\n<strong>D\u00e9lka nohy:<\/strong> 44 cm<br \/>\n<strong>Hmotnost:<\/strong> 4,80 kg<br \/>\n<strong>Skladov\u00e1n\u00ed:<\/strong> stohovateln\u00e1<\/p>\n<p>\ud83c\uddee\ud83c\uddf9 Vyrobeno v It\u00e1lii<\/p>\n","protected":false},"excerpt":{"rendered":"<p>Jednoduch\u00e1 kovov\u00e1 \u017eidle s lakovan\u00fdm povrchem vynik\u00e1 svou pevnost\u00ed a nad\u010dasov\u00fdm designem. Tato kovov\u00e1 \u017eidle se hod\u00ed pro pou\u017eit\u00ed jak v profesion\u00e1ln\u00edm gastro provozu, tak i pro dom\u00e1c\u00ed pou\u017e\u00edv\u00e1n\u00ed na terase, balk\u00f3n\u011b nebo pod pergolu.<\/p>\n<p>Kovov\u00e1 \u017eidle je vhodn\u00e1 pro celoro\u010dn\u00ed venkovn\u00ed posezen\u00ed, ale je mo\u017eno ji pou\u017e\u00edt i v interi\u00e9ru. Kovov\u00e1 konstrukce lakovan\u00e1 pr\u00e1\u0161kovou barvou je odoln\u00e1 venkovn\u00edm pov\u011btrnostn\u00edm a klimatick\u00fdm podm\u00ednk\u00e1m.<\/p>\n<p>\u017didle je mo\u017en\u00e9 stohovat a jsou dostupn\u00ed v n\u011bkolika barevn\u00fdch variant\u00e1ch: \u010dern\u00e1, b\u00edl\u00e1, a tupe (\u0161edo-hn\u011bd\u00e1), tak\u017ee zapadne do ka\u017ed\u00e9ho designov\u00e9ho konceptu.<\/p>\n<p>Uveden\u00e9 ceny jsou bez DPH a dopravy. Doprava dle PS\u010c. P\u0159i objedn\u00e1n\u00ed v\u00edce kus\u016f je mo\u017en\u00e1 mno\u017estevn\u00ed sleva. Po odesl\u00e1n\u00ed popt\u00e1vky za\u0161leme opravenou individu\u00e1ln\u00ed cenovou nab\u00eddku.<\/p>\n<p>Pro speci\u00e1ln\u00ed projekty je mo\u017en\u00e1 zvl\u00e1\u0161tn\u00ed domluva a spolupr\u00e1ce. Pi\u0161te na <a href=\"mailto:info@galavito.cz\">info@galavito.cz<\/a>.<\/p>\n","protected":false},"featured_media":12024,"template":"","meta":[],"product_brand":[],"product_cat":[102],"product_tag":[107,110],"class_list":{"0":"post-12020","1":"product","2":"type-product","3":"status-publish","4":"has-post-thumbnail","6":"product_cat-zidle","7":"product_tag-kovove-zidle","8":"product_tag-zidle-bez-operek","10":"first","11":"instock","12":"taxable","13":"shipping-taxable","14":"purchasable","15":"product-type-variable"},"aioseo_notices":[],"_links":{"self":[{"href":"https:\/\/galavito.cz\/de\/wp-json\/wp\/v2\/product\/12020","targetHints":{"allow":["GET"]}}],"collection":[{"href":"https:\/\/galavito.cz\/de\/wp-json\/wp\/v2\/product"}],"about":[{"href":"https:\/\/galavito.cz\/de\/wp-json\/wp\/v2\/types\/product"}],"wp:featuredmedia":[{"embeddable":true,"href":"https:\/\/galavito.cz\/de\/wp-json\/wp\/v2\/media\/12024"}],"wp:attachment":[{"href":"https:\/\/galavito.cz\/de\/wp-json\/wp\/v2\/media?parent=12020"}],"wp:term":[{"taxonomy":"product_brand","embeddable":true,"href":"https:\/\/galavito.cz\/de\/wp-json\/wp\/v2\/product_brand?post=12020"},{"taxonomy":"product_cat","embeddable":true,"href":"https:\/\/galavito.cz\/de\/wp-json\/wp\/v2\/product_cat?post=12020"},{"taxonomy":"product_tag","embeddable":true,"href":"https:\/\/galavito.cz\/de\/wp-json\/wp\/v2\/product_tag?post=12020"}],"curies":[{"name":"wp","href":"https:\/\/api.w.org\/{rel}","templated":true}]}}