{"id":11962,"date":"2024-07-12T18:47:37","date_gmt":"2024-07-12T16:47:37","guid":{"rendered":"https:\/\/galavito.cz\/?post_type=product&#038;p=11962"},"modified":"2024-07-12T19:31:14","modified_gmt":"2024-07-12T17:31:14","slug":"polypropylenova-plastova-zidle-vyztuzena-skelnym-vlaknem","status":"publish","type":"product","link":"https:\/\/galavito.cz\/de\/produkt\/polypropylenova-plastova-zidle-vyztuzena-skelnym-vlaknem\/","title":{"rendered":"Polypropylenov\u00e1 plastov\u00e1 \u017eidle vyztu\u017een\u00e1 skeln\u00fdm vl\u00e1knem"},"content":{"rendered":"<p><strong>V\u00fd\u0161ka op\u011bradla:<\/strong> 79 cm<br \/>\n<strong>\u0160\u00ed\u0159ka sed\u00e1ku:<\/strong> 46 cm<br \/>\n<strong>Hloubka sed\u00e1ku:<\/strong> 45 cm<br \/>\n<strong>D\u00e9lka nohy:<\/strong> 46,5 cm<br \/>\n<strong>Hmotnost:<\/strong> 4,65 kg<br \/>\n<strong>Skladov\u00e1n\u00ed:<\/strong> stohovateln\u00e1<\/p>\n","protected":false},"excerpt":{"rendered":"<p>Jednoduch\u00e1 plastov\u00e1 \u017eidle z polypropylenu vyztu\u017een\u00e1 skeln\u00fdm vl\u00e1knem vynik\u00e1 dvou pevnost\u00ed a nad\u010dasov\u00fdm vzhledem. Tato plastov\u00e1 \u017eidle se hod\u00ed pro pou\u017eit\u00ed jak v profesion\u00e1ln\u00edm gastro provozu, tak i pro dom\u00e1c\u00ed pou\u017e\u00edv\u00e1n\u00ed na terase, balk\u00f3n\u011b nebo pod pergolu.<\/p>\n<p>Plastov\u00e1 \u017eidle je vhodn\u00e1 pro celoro\u010dn\u00ed venkovn\u00ed posezen\u00ed, ale je mo\u017eno ji pou\u017e\u00edt i v interi\u00e9ru. Pevn\u00fd plast je odoln\u00fd venkovn\u00edm pov\u011btrnostn\u00edm a klimatick\u00fdm podm\u00ednk\u00e1m.<\/p>\n<p>D\u00edky v\u011bt\u0161\u00edmu sed\u00e1ku se na \u017eidli pohodln\u011b sed\u00ed. \u017didle je dostupn\u00e1 v n\u011bkolika barevn\u00fdch variant\u00e1ch (\u0161ed\u00e1, \u010dern\u00e1, b\u00edl\u00e1, \u0161ed\u00e1 a dal\u0161\u00ed) tak\u017ee zapadne do ka\u017ed\u00e9ho designov\u00e9ho konceptu.<\/p>\n<p>Uveden\u00e9 ceny jsou bez DPH a dopravy. Doprava dle PS\u010c. P\u0159i objedn\u00e1n\u00ed v\u00edce kus\u016f je mo\u017en\u00e1 mno\u017estevn\u00ed sleva. Po odesl\u00e1n\u00ed popt\u00e1vky za\u0161leme opravenou individu\u00e1ln\u00ed cenovou nab\u00eddku.<\/p>\n<p>Pro speci\u00e1ln\u00ed projekty je mo\u017en\u00e1 zvl\u00e1\u0161tn\u00ed domluva a spolupr\u00e1ce. Pi\u0161te na <a href=\"mailto:info@galavito.cz\">info@galavito.cz<\/a>.<\/p>\n","protected":false},"featured_media":11985,"template":"","meta":[],"product_brand":[],"product_cat":[102],"product_tag":[198,110],"class_list":{"0":"post-11962","1":"product","2":"type-product","3":"status-publish","4":"has-post-thumbnail","6":"product_cat-zidle","7":"product_tag-plastove-zidle","8":"product_tag-zidle-bez-operek","10":"first","11":"instock","12":"taxable","13":"shipping-taxable","14":"purchasable","15":"product-type-variable"},"aioseo_notices":[],"_links":{"self":[{"href":"https:\/\/galavito.cz\/de\/wp-json\/wp\/v2\/product\/11962","targetHints":{"allow":["GET"]}}],"collection":[{"href":"https:\/\/galavito.cz\/de\/wp-json\/wp\/v2\/product"}],"about":[{"href":"https:\/\/galavito.cz\/de\/wp-json\/wp\/v2\/types\/product"}],"wp:featuredmedia":[{"embeddable":true,"href":"https:\/\/galavito.cz\/de\/wp-json\/wp\/v2\/media\/11985"}],"wp:attachment":[{"href":"https:\/\/galavito.cz\/de\/wp-json\/wp\/v2\/media?parent=11962"}],"wp:term":[{"taxonomy":"product_brand","embeddable":true,"href":"https:\/\/galavito.cz\/de\/wp-json\/wp\/v2\/product_brand?post=11962"},{"taxonomy":"product_cat","embeddable":true,"href":"https:\/\/galavito.cz\/de\/wp-json\/wp\/v2\/product_cat?post=11962"},{"taxonomy":"product_tag","embeddable":true,"href":"https:\/\/galavito.cz\/de\/wp-json\/wp\/v2\/product_tag?post=11962"}],"curies":[{"name":"wp","href":"https:\/\/api.w.org\/{rel}","templated":true}]}}