{"id":11892,"date":"2024-07-08T14:39:47","date_gmt":"2024-07-08T12:39:47","guid":{"rendered":"https:\/\/galavito.cz\/?post_type=product&#038;p=11892"},"modified":"2024-07-08T15:56:08","modified_gmt":"2024-07-08T13:56:08","slug":"designova-plastova-zidle-z-polypropylenu-s-operkami-rukou","status":"publish","type":"product","link":"https:\/\/galavito.cz\/de\/produkt\/designova-plastova-zidle-z-polypropylenu-s-operkami-rukou\/","title":{"rendered":"Designov\u00e1 plastov\u00e1 \u017eidle z polypropylenu s op\u011brkami rukou"},"content":{"rendered":"<p><strong>V\u00fd\u0161ka op\u011bradla:<\/strong> 80 cm<br \/>\n<strong>\u0160\u00ed\u0159ka sed\u00e1ku:<\/strong> 50 cm<br \/>\n<strong>Hloubka sed\u00e1ku:<\/strong> 46 cm<br \/>\n<strong>D\u00e9lka nohy:<\/strong> 45 cm<br \/>\n<strong>Hmotnost:<\/strong> 4,58 kg<br \/>\n<strong>Skladov\u00e1n\u00ed:<\/strong> stohovateln\u00e1<\/p>\n","protected":false},"excerpt":{"rendered":"<p>Designov\u00e1 polypropylenov\u00e1 \u017eidle p\u0159in\u00e1\u0161\u00ed modern\u00ed vzhled a praktick\u00e9 vlastnosti, kter\u00e9 ocen\u00edte v interi\u00e9ru nebo exteri\u00e9ru. Elegantn\u00ed vzhled \u017eidle s op\u011brkami zapadne do ka\u017ed\u00e9ho designov\u00e9ho konceptu. \u017didle je dostupn\u00e1 v \u017elut\u00e9, \u010dern\u00e9, b\u00edl\u00e9, sv\u011btle \u0161ed\u00e9 a petrolejov\u00e9 barv\u011b.<\/p>\n<p>Tato modern\u00ed \u017eidle je perfektn\u00ed volbou pro restaurace, kav\u00e1rny a dal\u0161\u00ed gastronomick\u00e9 provozy. Sou\u010dasn\u011b skv\u011ble poslou\u017e\u00ed doma na terase nebo balk\u00f3n\u011b. D\u00edky v\u011bt\u0161\u00edmu sed\u00e1ku a op\u011brk\u00e1m rukou poskytuje maxim\u00e1ln\u00ed pohodl\u00ed.<\/p>\n<p>\u017didle je odoln\u00e1 a zvl\u00e1dne venkovn\u00ed i vnit\u0159n\u00ed pou\u017eit\u00ed bez ohledu na po\u010das\u00ed.<\/p>\n<p>Uveden\u00e9 ceny jsou bez DPH a dopravy. Doprava dle PS\u010c. P\u0159i objedn\u00e1n\u00ed v\u00edce kus\u016f je mo\u017en\u00e1 mno\u017estevn\u00ed sleva. Po odesl\u00e1n\u00ed popt\u00e1vky za\u0161leme opravenou individu\u00e1ln\u00ed cenovou nab\u00eddku.<\/p>\n<p>Pro v\u011bt\u0161\u00ed projekty je mo\u017en\u00e1 zvl\u00e1\u0161tn\u00ed domluva a spolupr\u00e1ce. Pi\u0161te na <a href=\"mailto:info@galavito.cz\">info@galavito.cz<\/a>.<\/p>\n","protected":false},"featured_media":11896,"template":"","meta":[],"product_brand":[],"product_cat":[102],"product_tag":[198,109],"class_list":{"0":"post-11892","1":"product","2":"type-product","3":"status-publish","4":"has-post-thumbnail","6":"product_cat-zidle","7":"product_tag-plastove-zidle","8":"product_tag-zidle-s-operkami","10":"first","11":"instock","12":"taxable","13":"shipping-taxable","14":"purchasable","15":"product-type-variable"},"aioseo_notices":[],"_links":{"self":[{"href":"https:\/\/galavito.cz\/de\/wp-json\/wp\/v2\/product\/11892","targetHints":{"allow":["GET"]}}],"collection":[{"href":"https:\/\/galavito.cz\/de\/wp-json\/wp\/v2\/product"}],"about":[{"href":"https:\/\/galavito.cz\/de\/wp-json\/wp\/v2\/types\/product"}],"wp:featuredmedia":[{"embeddable":true,"href":"https:\/\/galavito.cz\/de\/wp-json\/wp\/v2\/media\/11896"}],"wp:attachment":[{"href":"https:\/\/galavito.cz\/de\/wp-json\/wp\/v2\/media?parent=11892"}],"wp:term":[{"taxonomy":"product_brand","embeddable":true,"href":"https:\/\/galavito.cz\/de\/wp-json\/wp\/v2\/product_brand?post=11892"},{"taxonomy":"product_cat","embeddable":true,"href":"https:\/\/galavito.cz\/de\/wp-json\/wp\/v2\/product_cat?post=11892"},{"taxonomy":"product_tag","embeddable":true,"href":"https:\/\/galavito.cz\/de\/wp-json\/wp\/v2\/product_tag?post=11892"}],"curies":[{"name":"wp","href":"https:\/\/api.w.org\/{rel}","templated":true}]}}