{"id":11741,"date":"2024-06-29T15:32:03","date_gmt":"2024-06-29T13:32:03","guid":{"rendered":"https:\/\/galavito.cz\/?post_type=product&#038;p=11741"},"modified":"2024-06-29T15:59:23","modified_gmt":"2024-06-29T13:59:23","slug":"lakovana-hlinikova-zidle-s-vypletem-operky-zad-a-sedaku-z-polyethylenu","status":"publish","type":"product","link":"https:\/\/galavito.cz\/de\/produkt\/lakovana-hlinikova-zidle-s-vypletem-operky-zad-a-sedaku-z-polyethylenu\/","title":{"rendered":"Lakovan\u00e1 hlin\u00edkov\u00e1 \u017eidle s v\u00fdpletem op\u011brky zad a sed\u00e1ku z polyethylenu"},"content":{"rendered":"<p><strong>V\u00fd\u0161ka op\u011bradla:<\/strong> 76 cm<br \/>\n<strong>\u0160\u00ed\u0159ka sed\u00e1ku:<\/strong> 49 cm<br \/>\n<strong>Hloubka sed\u00e1ku:<\/strong> 45 cm<br \/>\n<strong>D\u00e9lka nohy:<\/strong> 45 cm<br \/>\n<strong>Hmotnost:<\/strong> 3,75 kg<br \/>\n<strong>Skladov\u00e1n\u00ed:<\/strong> stohovateln\u00e1<\/p>\n","protected":false},"excerpt":{"rendered":"<p>Odoln\u00e1 hlin\u00edkov\u00e1 \u017eidle s v\u00fdpletem op\u011brky zad a sed\u00e1ku z pevn\u00e9ho <span class=\"HwtZe\" lang=\"cs\"><span class=\"jCAhz JxVs2d ChMk0b\"><span class=\"ryNqvb\">polyethylen<\/span><\/span><\/span>u. Op\u011brka zad plynule p\u0159ech\u00e1z\u00ed v podru\u010dky a vytv\u00e1\u0159\u00ed velice kompaktn\u00ed a elegantn\u00ed vzhled. \u017didle je dostupn\u00e1 v \u010dern\u00e9 a sv\u011btle \u0161ed\u00e9 barevn\u00e9 variant\u011b r\u00e1mu. Hlin\u00edkov\u00fd r\u00e1m je lakovan\u00fd kvalitn\u00ed pr\u00e1\u0161kovou barvou.<\/p>\n<p>Tato designov\u00e1 \u017eidle se hod\u00ed pro ka\u017ed\u00e9 venkovn\u00ed posezen\u00ed. V\u00fdplet z <span class=\"HwtZe\" lang=\"cs\"><span class=\"jCAhz JxVs2d ChMk0b\"><span class=\"ryNqvb\">polyethylenu je doln\u00fd v\u016f\u010di pov\u011btrnostn\u00edm vliv\u016fm a \u017e<\/span><\/span><\/span>idle je vhodn\u00e1 k celoro\u010dn\u00edmu pou\u017eit\u00ed venku na terase nebo balk\u00f3n\u011b.<\/p>\n<p>Uveden\u00e9 ceny jsou bez DPH a dopravy. Doprava dle PS\u010c. P\u0159i objedn\u00e1n\u00ed v\u00edce kus\u016f je mo\u017en\u00e1 mno\u017estevn\u00ed sleva. Po odesl\u00e1n\u00ed popt\u00e1vky za\u0161leme opravenou individu\u00e1ln\u00ed cenovou nab\u00eddku.<\/p>\n<p>Pro speci\u00e1ln\u00ed projekty je mo\u017en\u00e1 zvl\u00e1\u0161tn\u00ed domluva a spolupr\u00e1ce. Pi\u0161te na <a href=\"mailto:info@galavito.cz\">info@galavito.cz<\/a>.<\/p>\n","protected":false},"featured_media":11744,"template":"","meta":[],"product_brand":[],"product_cat":[102],"product_tag":[108,109],"class_list":{"0":"post-11741","1":"product","2":"type-product","3":"status-publish","4":"has-post-thumbnail","6":"product_cat-zidle","7":"product_tag-hlinikove-zidle","8":"product_tag-zidle-s-operkami","10":"first","11":"instock","12":"taxable","13":"shipping-taxable","14":"purchasable","15":"product-type-variable"},"aioseo_notices":[],"_links":{"self":[{"href":"https:\/\/galavito.cz\/de\/wp-json\/wp\/v2\/product\/11741","targetHints":{"allow":["GET"]}}],"collection":[{"href":"https:\/\/galavito.cz\/de\/wp-json\/wp\/v2\/product"}],"about":[{"href":"https:\/\/galavito.cz\/de\/wp-json\/wp\/v2\/types\/product"}],"wp:featuredmedia":[{"embeddable":true,"href":"https:\/\/galavito.cz\/de\/wp-json\/wp\/v2\/media\/11744"}],"wp:attachment":[{"href":"https:\/\/galavito.cz\/de\/wp-json\/wp\/v2\/media?parent=11741"}],"wp:term":[{"taxonomy":"product_brand","embeddable":true,"href":"https:\/\/galavito.cz\/de\/wp-json\/wp\/v2\/product_brand?post=11741"},{"taxonomy":"product_cat","embeddable":true,"href":"https:\/\/galavito.cz\/de\/wp-json\/wp\/v2\/product_cat?post=11741"},{"taxonomy":"product_tag","embeddable":true,"href":"https:\/\/galavito.cz\/de\/wp-json\/wp\/v2\/product_tag?post=11741"}],"curies":[{"name":"wp","href":"https:\/\/api.w.org\/{rel}","templated":true}]}}