{"id":11718,"date":"2024-06-29T14:56:17","date_gmt":"2024-06-29T12:56:17","guid":{"rendered":"https:\/\/galavito.cz\/?post_type=product&#038;p=11718"},"modified":"2024-06-29T15:31:31","modified_gmt":"2024-06-29T13:31:31","slug":"lakovana-hlinikova-zidle-s-textilnim-vypletem-operky-zad","status":"publish","type":"product","link":"https:\/\/galavito.cz\/de\/produkt\/lakovana-hlinikova-zidle-s-textilnim-vypletem-operky-zad\/","title":{"rendered":"Lakovan\u00e1 hlin\u00edkov\u00e1 \u017eidle s textiln\u00edm v\u00fdpletem op\u011brky zad"},"content":{"rendered":"<p><strong>V\u00fd\u0161ka op\u011bradla:<\/strong> 77 cm<br \/>\n<strong>\u0160\u00ed\u0159ka sed\u00e1ku:<\/strong> 43 cm<br \/>\n<strong>Hloubka sed\u00e1ku:<\/strong> 44 cm<br \/>\n<strong>D\u00e9lka nohy:<\/strong> 46 cm<br \/>\n<strong>Hmotnost:<\/strong> 3,70 kg<br \/>\n<strong>Skladov\u00e1n\u00ed:<\/strong> stohovateln\u00e1<\/p>\n","protected":false},"excerpt":{"rendered":"<p>Odoln\u00e1 a pohodln\u00e1 hlin\u00edkov\u00e1 \u017eidle s v\u00fdpletem op\u011brky zad z pevn\u00e9 textilie. Sou\u010d\u00e1st\u00ed sva\u017eovan\u00e9 \u017eidle je vod\u011bodoln\u00fd podsed\u00e1k, d\u00edky kter\u00e9mu je posezen\u00ed na \u017eidli velmi pohodln\u00e9. \u017didle je dostupn\u00e1 v \u010dern\u00e9 a b\u00edl\u00e9 barevn\u00e9 variant\u011b. Hlin\u00edkov\u00fd r\u00e1m je lakovan\u00fd pr\u00e1\u0161kovou barvou. Textiln\u00ed v\u00fdplet a podsed\u00e1k je \u0161ed\u00fd.<\/p>\n<p>\u017didle je vhodn\u00e1 k celoro\u010dn\u00edmu pou\u017eit\u00ed venku na terase nebo balk\u00f3n\u011b. \u017didle je d\u00edky pr\u00e1\u0161kov\u00e9mu laku odoln\u00e1 v\u016f\u010di pov\u011btrnostn\u00edm a klimatick\u00fdm vliv\u016fm. Textiln\u00ed sed\u00e1k je vod\u011bodoln\u00fd.<\/p>\n<p>Uveden\u00e9 ceny jsou bez DPH a dopravy. Doprava dle PS\u010c. P\u0159i objedn\u00e1n\u00ed v\u00edce kus\u016f je mo\u017en\u00e1 mno\u017estevn\u00ed sleva. Po odesl\u00e1n\u00ed popt\u00e1vky za\u0161leme opravenou individu\u00e1ln\u00ed cenovou nab\u00eddku.<\/p>\n<p>Pro speci\u00e1ln\u00ed projekty je mo\u017en\u00e1 zvl\u00e1\u0161tn\u00ed domluva a spolupr\u00e1ce. Pi\u0161te na <a href=\"mailto:info@galavito.cz\">info@galavito.cz<\/a> a p\u0159iprav\u00edme v\u00e1m individu\u00e1ln\u00ed cenovou nab\u00eddku v\u010detn\u011b dopravy p\u0159\u00edmo k v\u00e1m.<\/p>\n","protected":false},"featured_media":11719,"template":"","meta":[],"product_brand":[],"product_cat":[102],"product_tag":[108,110],"class_list":{"0":"post-11718","1":"product","2":"type-product","3":"status-publish","4":"has-post-thumbnail","6":"product_cat-zidle","7":"product_tag-hlinikove-zidle","8":"product_tag-zidle-bez-operek","10":"first","11":"instock","12":"taxable","13":"shipping-taxable","14":"purchasable","15":"product-type-variable"},"aioseo_notices":[],"_links":{"self":[{"href":"https:\/\/galavito.cz\/de\/wp-json\/wp\/v2\/product\/11718","targetHints":{"allow":["GET"]}}],"collection":[{"href":"https:\/\/galavito.cz\/de\/wp-json\/wp\/v2\/product"}],"about":[{"href":"https:\/\/galavito.cz\/de\/wp-json\/wp\/v2\/types\/product"}],"wp:featuredmedia":[{"embeddable":true,"href":"https:\/\/galavito.cz\/de\/wp-json\/wp\/v2\/media\/11719"}],"wp:attachment":[{"href":"https:\/\/galavito.cz\/de\/wp-json\/wp\/v2\/media?parent=11718"}],"wp:term":[{"taxonomy":"product_brand","embeddable":true,"href":"https:\/\/galavito.cz\/de\/wp-json\/wp\/v2\/product_brand?post=11718"},{"taxonomy":"product_cat","embeddable":true,"href":"https:\/\/galavito.cz\/de\/wp-json\/wp\/v2\/product_cat?post=11718"},{"taxonomy":"product_tag","embeddable":true,"href":"https:\/\/galavito.cz\/de\/wp-json\/wp\/v2\/product_tag?post=11718"}],"curies":[{"name":"wp","href":"https:\/\/api.w.org\/{rel}","templated":true}]}}