{"id":11342,"date":"2021-04-20T12:05:45","date_gmt":"2021-04-20T10:05:45","guid":{"rendered":"https:\/\/galavito.cz\/?post_type=product&#038;p=11342"},"modified":"2025-12-18T13:40:51","modified_gmt":"2025-12-18T12:40:51","slug":"vyhrivany-stolek-neo","status":"publish","type":"product","link":"https:\/\/galavito.cz\/de\/produkt\/vyhrivany-stolek-neo\/","title":{"rendered":"Vyh\u0159\u00edvan\u00fd stolek NEO"},"content":{"rendered":"<p><strong>Bez stolov\u00e9 desky.<\/strong> Pro jej\u00ed v\u00fdb\u011br nav\u0161tivte pros\u00edm sekci <a href=\"https:\/\/galavito.cz\/stolove-desky\/\">Stolov\u00e9 desky<\/a>.<br \/>\nDoporu\u010den\u00e1 velikost stolov\u00e9 desky je 70&#215;70 cm nebo kruh o pr\u016fm\u011bru 70 cm.<\/p>\n<ul>\n<li>V\u00fd\u0161ka 72 cm a v\u00e1ha 15,7 kg.<\/li>\n<li>Rozm\u011bry stolov\u00e9 z\u00e1kladny: 43 x 43 cm<\/li>\n<li>Zdroj energie: 230V ~50 Hz. V\u00fdkon topn\u00e9 z\u00e1\u0159ivky: 1,2 kW<\/li>\n<li>Stupe\u0148 kryt\u00ed: IP44<\/li>\n<\/ul>\n<p><img decoding=\"async\" class=\"emoji\" role=\"img\" draggable=\"false\" src=\"https:\/\/s.w.org\/images\/core\/emoji\/15.1.0\/svg\/1f1e8-1f1ff.svg\" alt=\"\ud83c\udde8\ud83c\uddff\" \/> Vyrobeno v \u010cesk\u00e9 republice<\/p>\n","protected":false},"excerpt":{"rendered":"<p>S elektricky vyh\u0159\u00edvan\u00fdm stolkem NEO p\u0159em\u011bn\u00edte svou terasu, balk\u00f3n nebo zahradu na h\u0159ejivou o\u00e1zu pohody. NEO je dokonalou kombinac\u00ed elegance a funk\u010dnosti. Tento inovativn\u00ed stolek a venkovn\u00ed topen\u00ed v jednom v\u00e1m umo\u017en\u00ed u\u017e\u00edvat si venkovn\u00ed posezen\u00ed po cel\u00fd rok, a to i b\u011bhem chladn\u00fdch ve\u010der\u016f nebo sychrav\u00fdch dn\u00ed.<\/p>\n<p>NEO je stolov\u00e1 podno\u017e se zabudovan\u00fdm elektrick\u00fdm infraz\u00e1\u0159i\u010dem. D\u00edky \u0161irok\u00e9mu v\u00fdb\u011bru <a title=\"Stolov\u00e9 desky\" href=\"https:\/\/galavito.cz\/stolove-desky\/\" target=\"_blank\" rel=\"noopener\">stolov\u00fdch desek<\/a> z\u00edsk\u00e1te elegantn\u00ed stolek, kter\u00fd sv\u00fdm designem podtrhne kr\u00e1su va\u0161eho venkovn\u00edho posezen\u00ed. Vyh\u0159\u00edvan\u00fd stolek z\u00e1\u0159\u00ed h\u0159ejivou \u010dervenou barvou, kter\u00e1 pocit tepla je\u0161t\u011b v\u00edce zv\u00fdrazn\u00ed.<\/p>\n<p><strong>Kl\u00ed\u010dov\u00e9 p\u0159ednosti:<\/strong><\/p>\n<ul>\n<li>Integrovan\u00fd elektrick\u00fd infraz\u00e1\u0159i\u010d v noze stolku<\/li>\n<li>P\u0159\u00edjemn\u00e9 h\u0159ejiv\u00e9 \u010derven\u00e9 sv\u011btlo pro dokonalou atmosf\u00e9ru<\/li>\n<li>Mo\u017enost \u0161irok\u00e9ho v\u00fdb\u011bru stolov\u00fdch desek pro slad\u011bn\u00ed s va\u0161\u00edm stylem<\/li>\n<li>Vhodn\u00fd pro dom\u00e1c\u00ed i komer\u010dn\u00ed vyu\u017eit\u00ed<\/li>\n<li>Bezpe\u010dn\u00e9 elektrick\u00e9 topen\u00ed certifikovan\u00e9 podle nejp\u0159\u00edsn\u011bj\u0161\u00edch EU norem<\/li>\n<\/ul>\n<p>U\u017eijte si pohodl\u00ed a teplo v ka\u017ed\u00e9m ro\u010dn\u00edm obdob\u00ed. NEO nab\u00edz\u00ed dokonal\u00e9 \u0159e\u0161en\u00ed pro v\u0161echny, kte\u0159\u00ed cht\u011bj\u00ed prodlou\u017eit sez\u00f3nu venkovn\u00edho posezen\u00ed a vytvo\u0159it p\u0159\u00edjemnou atmosf\u00e9ru na sv\u00e9 terase nebo balkon\u011b.<\/p>\n","protected":false},"featured_media":11423,"template":"","meta":[],"product_brand":[200],"product_cat":[17],"product_tag":[189],"class_list":{"0":"post-11342","1":"product","2":"type-product","3":"status-publish","4":"has-post-thumbnail","6":"product_brand-galavito-heating-table","7":"product_cat-vyhrivane-stolky","8":"product_tag-vyhrivane-stolky","10":"first","11":"instock","12":"taxable","13":"shipping-taxable","14":"purchasable","15":"product-type-simple"},"aioseo_notices":[],"_links":{"self":[{"href":"https:\/\/galavito.cz\/de\/wp-json\/wp\/v2\/product\/11342","targetHints":{"allow":["GET"]}}],"collection":[{"href":"https:\/\/galavito.cz\/de\/wp-json\/wp\/v2\/product"}],"about":[{"href":"https:\/\/galavito.cz\/de\/wp-json\/wp\/v2\/types\/product"}],"wp:featuredmedia":[{"embeddable":true,"href":"https:\/\/galavito.cz\/de\/wp-json\/wp\/v2\/media\/11423"}],"wp:attachment":[{"href":"https:\/\/galavito.cz\/de\/wp-json\/wp\/v2\/media?parent=11342"}],"wp:term":[{"taxonomy":"product_brand","embeddable":true,"href":"https:\/\/galavito.cz\/de\/wp-json\/wp\/v2\/product_brand?post=11342"},{"taxonomy":"product_cat","embeddable":true,"href":"https:\/\/galavito.cz\/de\/wp-json\/wp\/v2\/product_cat?post=11342"},{"taxonomy":"product_tag","embeddable":true,"href":"https:\/\/galavito.cz\/de\/wp-json\/wp\/v2\/product_tag?post=11342"}],"curies":[{"name":"wp","href":"https:\/\/api.w.org\/{rel}","templated":true}]}}