{"id":11300,"date":"2021-03-19T17:40:56","date_gmt":"2021-03-19T16:40:56","guid":{"rendered":"https:\/\/galavito.cz\/?post_type=product&#038;p=11300"},"modified":"2022-04-19T23:27:27","modified_gmt":"2022-04-19T21:27:27","slug":"jednoducha-kovova-zahradni-zidle-s-operkami-rukou-nizka","status":"publish","type":"product","link":"https:\/\/galavito.cz\/de\/produkt\/jednoducha-kovova-zahradni-zidle-s-operkami-rukou-nizka\/","title":{"rendered":"Jednoduch\u00e1 kovov\u00e1 zahradn\u00ed \u017eidle s op\u011brkami rukou \u2013 n\u00edzk\u00e1"},"content":{"rendered":"<p><strong>V\u00fd\u0161ka op\u011bradla:<\/strong><br \/>\n<strong>\u0160\u00ed\u0159ka sed\u00e1ku:<\/strong><br \/>\n<strong>Hloubka sed\u00e1ku:<\/strong><br \/>\n<strong>V\u00fd\u0161ka sed\u00e1ku:<\/strong><br \/>\n<strong>Hmotnost:<\/strong> 5,5 kg<br \/>\n<strong>Povrch:<\/strong> pr\u00e1\u0161kov\u00e1 barva (lak)<br \/>\n<strong>Barva:<\/strong> Antracit<br \/>\n<strong>Skladov\u00e1n\u00ed:<\/strong> stohovateln\u00e1<\/p>\n<p><img decoding=\"async\" class=\"emoji\" role=\"img\" draggable=\"false\" src=\"https:\/\/s.w.org\/images\/core\/emoji\/13.0.1\/svg\/1f1e8-1f1ff.svg\" alt=\"\ud83c\udde8\ud83c\uddff\" \/> Vyrobeno v \u010cesk\u00e9 republice<\/p>\n","protected":false},"excerpt":{"rendered":"<p>Jednoduch\u00e1, a p\u0159itom elegantn\u00ed kovov\u00e1 \u017eidle s op\u011brkami rukou. Sed\u00e1k a op\u011brka zad jsou vyrobeny z tahokovu a tvo\u0159\u00ed jeden celek. Nohy \u017eidle elegantn\u011b p\u0159ech\u00e1z\u00ed v op\u011brky rukou. Tento jednoduch\u00fd, a p\u0159itom elegantn\u00ed design umo\u017e\u0148uje snadn\u00e9 skladov\u00e1n\u00ed.<\/p>\n<p>Pr\u00e1\u0161kov\u00fd lak kovov\u00e9 \u017eidle je odoln\u00fd proti po\u0161kr\u00e1b\u00e1n\u00ed a mechanick\u00e9mu po\u0161kozen\u00ed. Povrch je hladk\u00fd a p\u0159\u00edjemn\u00fd na dotek. \u017didle je vyrobena v \u010cesk\u00e9 republice, tak\u017ee se m\u016f\u017eete spolehnout na jej\u00ed vysokou kvalitu a odolnost.<\/p>\n<p>Uveden\u00e9 ceny jsou bez DPH a dopravy. Doprava dle PS\u010c. P\u0159i objedn\u00e1n\u00ed v\u00edce kus\u016f je mo\u017en\u00e1 mno\u017estevn\u00ed sleva. Po odesl\u00e1n\u00ed popt\u00e1vky za\u0161leme opravenou individu\u00e1ln\u00ed cenovou nab\u00eddku.<\/p>\n<p>Pro speci\u00e1ln\u00ed projekty je mo\u017en\u00e1 zvl\u00e1\u0161tn\u00ed domluva a spolupr\u00e1ce. Pi\u0161te na <a href=\"mailto:info@galavito.cz\">info@galavito.cz<\/a><\/p>\n","protected":false},"featured_media":11301,"template":"","meta":[],"product_brand":[],"product_cat":[101,102],"product_tag":[107,109],"class_list":{"0":"post-11300","1":"product","2":"type-product","3":"status-publish","4":"has-post-thumbnail","6":"product_cat-venkovni-vybaveni-a-mobiliar","7":"product_cat-zidle","8":"product_tag-kovove-zidle","9":"product_tag-zidle-s-operkami","11":"first","12":"instock","13":"taxable","14":"shipping-taxable","15":"purchasable","16":"product-type-simple"},"aioseo_notices":[],"_links":{"self":[{"href":"https:\/\/galavito.cz\/de\/wp-json\/wp\/v2\/product\/11300","targetHints":{"allow":["GET"]}}],"collection":[{"href":"https:\/\/galavito.cz\/de\/wp-json\/wp\/v2\/product"}],"about":[{"href":"https:\/\/galavito.cz\/de\/wp-json\/wp\/v2\/types\/product"}],"wp:featuredmedia":[{"embeddable":true,"href":"https:\/\/galavito.cz\/de\/wp-json\/wp\/v2\/media\/11301"}],"wp:attachment":[{"href":"https:\/\/galavito.cz\/de\/wp-json\/wp\/v2\/media?parent=11300"}],"wp:term":[{"taxonomy":"product_brand","embeddable":true,"href":"https:\/\/galavito.cz\/de\/wp-json\/wp\/v2\/product_brand?post=11300"},{"taxonomy":"product_cat","embeddable":true,"href":"https:\/\/galavito.cz\/de\/wp-json\/wp\/v2\/product_cat?post=11300"},{"taxonomy":"product_tag","embeddable":true,"href":"https:\/\/galavito.cz\/de\/wp-json\/wp\/v2\/product_tag?post=11300"}],"curies":[{"name":"wp","href":"https:\/\/api.w.org\/{rel}","templated":true}]}}