{"id":11223,"date":"2021-03-03T15:57:50","date_gmt":"2021-03-03T14:57:50","guid":{"rendered":"https:\/\/galavito.cz\/?post_type=product&#038;p=11223"},"modified":"2022-04-19T23:42:09","modified_gmt":"2022-04-19T21:42:09","slug":"barova-litinova-stolova-podnoz-lakovana-bronz","status":"publish","type":"product","link":"https:\/\/galavito.cz\/de\/produkt\/barova-litinova-stolova-podnoz-lakovana-bronz\/","title":{"rendered":"Barov\u00e1 litinov\u00e1 stolov\u00e1 podno\u017e lakovan\u00e1 \u2013 Bronz"},"content":{"rendered":"<p><strong>V\u00fd\u0161ka stolov\u00e9 podno\u017ee:<\/strong> 108 cm<br \/>\n<strong>Po\u010det ramen v z\u00e1kladn\u011b:<\/strong> 4<br \/>\n<strong>Materi\u00e1l:<\/strong> litina<br \/>\n<strong>Povrch:<\/strong> pr\u00e1\u0161kov\u00e1 barva (lak) imituj\u00edc\u00ed bronz<br \/>\n<strong>V\u00e1ha:<\/strong> 15 kg<\/p>\n","protected":false},"excerpt":{"rendered":"<p>Vysok\u00e1 barov\u00e1 litinov\u00e1 stolov\u00e1 podno\u017e lakovan\u00e1 pr\u00e1\u0161kov\u00fdm lakem imituj\u00edc\u00ed bronzov\u00fd vzhled. D\u00edky nastaviteln\u00fdm rektifika\u010dn\u00edm patk\u00e1m je mo\u017en\u00e9 barovou podno\u017e vyrovnat i na hrbolat\u00e9m povrchu. Stolov\u00e1 podno\u017e je v\u0161ak vhodn\u00e1 pro pou\u017eit\u00ed v interi\u00e9ru.<\/p>\n<p>Takto vysok\u00e1 podno\u017e je vhodn\u00e1 pro barov\u00e9 stolky. Doporu\u010dujeme pou\u017e\u00edt kulat\u00e9 stolov\u00e9 desky, ale podno\u017e se skv\u011ble hod\u00ed tak\u00e9 k men\u0161\u00edm \u010dtvercov\u00fdm stolov\u00fdm desk\u00e1m. Kompletn\u00ed nab\u00eddku stolov\u00fdch desek najdete v sekci <a href=\"https:\/\/galavito.cz\/stolove-desky\/\" target=\"_blank\" rel=\"noopener\">stolov\u00e9 desky<\/a>. D\u00edky sv\u00e9 hmotnosti (15 kg) je stolov\u00e1 podno\u017e velice stabiln\u00ed.<\/p>\n<p>Uveden\u00e9 ceny jsou bez DPH a dopravy. Doprava dle PS\u010c. P\u0159i objedn\u00e1n\u00ed v\u00edce kus\u016f je mo\u017en\u00e1 mno\u017estevn\u00ed sleva. Po odesl\u00e1n\u00ed popt\u00e1vky za\u0161leme opravenou individu\u00e1ln\u00ed cenovou nab\u00eddku.<\/p>\n<p>Pro speci\u00e1ln\u00ed projekty je mo\u017en\u00e1 zvl\u00e1\u0161tn\u00ed domluva a spolupr\u00e1ce. Pi\u0161te na <a href=\"mailto:info@galavito.cz\">info@galavito.cz<\/a><\/p>\n","protected":false},"featured_media":11224,"template":"","meta":[],"product_brand":[],"product_cat":[188,104],"product_tag":[187],"class_list":{"0":"post-11223","1":"product","2":"type-product","3":"status-publish","4":"has-post-thumbnail","6":"product_cat-litinove","7":"product_cat-stolove-podnoze","8":"product_tag-barova-stolova-podnoz","10":"first","11":"instock","12":"taxable","13":"shipping-taxable","14":"purchasable","15":"product-type-simple"},"aioseo_notices":[],"_links":{"self":[{"href":"https:\/\/galavito.cz\/de\/wp-json\/wp\/v2\/product\/11223","targetHints":{"allow":["GET"]}}],"collection":[{"href":"https:\/\/galavito.cz\/de\/wp-json\/wp\/v2\/product"}],"about":[{"href":"https:\/\/galavito.cz\/de\/wp-json\/wp\/v2\/types\/product"}],"wp:featuredmedia":[{"embeddable":true,"href":"https:\/\/galavito.cz\/de\/wp-json\/wp\/v2\/media\/11224"}],"wp:attachment":[{"href":"https:\/\/galavito.cz\/de\/wp-json\/wp\/v2\/media?parent=11223"}],"wp:term":[{"taxonomy":"product_brand","embeddable":true,"href":"https:\/\/galavito.cz\/de\/wp-json\/wp\/v2\/product_brand?post=11223"},{"taxonomy":"product_cat","embeddable":true,"href":"https:\/\/galavito.cz\/de\/wp-json\/wp\/v2\/product_cat?post=11223"},{"taxonomy":"product_tag","embeddable":true,"href":"https:\/\/galavito.cz\/de\/wp-json\/wp\/v2\/product_tag?post=11223"}],"curies":[{"name":"wp","href":"https:\/\/api.w.org\/{rel}","templated":true}]}}