{"id":11144,"date":"2021-03-01T15:26:41","date_gmt":"2021-03-01T14:26:41","guid":{"rendered":"https:\/\/galavito.cz\/?post_type=product&#038;p=11144"},"modified":"2021-03-03T18:48:04","modified_gmt":"2021-03-03T17:48:04","slug":"hlinikovy-venkovni-stolek-s-centralni-podnozi-a-ctvercovou-drevenou-stolovou-deskou","status":"publish","type":"product","link":"https:\/\/galavito.cz\/de\/produkt\/hlinikovy-venkovni-stolek-s-centralni-podnozi-a-ctvercovou-drevenou-stolovou-deskou\/","title":{"rendered":"Hlin\u00edkov\u00fd venkovn\u00ed stolek s centr\u00e1ln\u00ed podno\u017e\u00ed a \u010dtvercovou d\u0159ev\u011bnou stolovou deskou"},"content":{"rendered":"<p><strong>V\u00fd\u0161ka:<\/strong> 73 cm<br \/>\n<strong>Stolov\u00e1 deska:<\/strong> \u010dtvercov\u00e1, tvo\u0159ena d\u0159ev\u011bn\u00fdmi rovn\u00fdmi lat\u011bmi a hlin\u00edkov\u00fdm r\u00e1mem<\/p>\n<p>Dod\u00e1v\u00e1no v demontovan\u00e9m stavu.<\/p>\n","protected":false},"excerpt":{"rendered":"<p>Hlin\u00edkov\u00fd stolek s centr\u00e1ln\u00ed podno\u017e\u00ed m\u00e1 v\u00fd\u0161ku 73 cm a k tomu si m\u016f\u017eete zvolit velikost d\u0159ev\u011bn\u00e9 stolov\u00e9 desky s hlin\u00edkov\u00fdm r\u00e1mem. V nab\u00eddce jsou rozm\u011bry stolov\u00e9 desky: 60&#215;60 cm, 70&#215;70 cm a 80&#215;80 cm.<\/p>\n<p>Stolek se hod\u00ed jak pro gastronomick\u00e9ho provozu, tak jako zahradn\u00ed stolek na zahradu \u010di terasu. Jeho nad\u010dasov\u00fd a jednoduch\u00fd design v\u00e1s neomrz\u00ed a hod\u00ed se do ka\u017ed\u00e9ho konceptu.<\/p>\n<p>Uveden\u00e9 ceny jsou bez DPH a dopravy. Doprava dle PS\u010c. P\u0159i objedn\u00e1n\u00ed v\u00edce kus\u016f je mo\u017en\u00e1 mno\u017estevn\u00ed sleva. Po odesl\u00e1n\u00ed popt\u00e1vky za\u0161leme opravenou individu\u00e1ln\u00ed cenovou nab\u00eddku.<\/p>\n<p>Pro speci\u00e1ln\u00ed projekty je mo\u017en\u00e1 zvl\u00e1\u0161tn\u00ed domluva a spolupr\u00e1ce. Pi\u0161te na <a href=\"mailto:info@galavito.cz\">info@galavito.cz<\/a><\/p>\n","protected":false},"featured_media":11153,"template":"","meta":[],"product_brand":[],"product_cat":[103,184,101],"product_tag":[],"class_list":{"0":"post-11144","1":"product","2":"type-product","3":"status-publish","4":"has-post-thumbnail","6":"product_cat-stolky","7":"product_cat-stolky-s-centralni-podnozi","8":"product_cat-venkovni-vybaveni-a-mobiliar","10":"first","11":"instock","12":"taxable","13":"shipping-taxable","14":"product-type-variable"},"aioseo_notices":[],"_links":{"self":[{"href":"https:\/\/galavito.cz\/de\/wp-json\/wp\/v2\/product\/11144","targetHints":{"allow":["GET"]}}],"collection":[{"href":"https:\/\/galavito.cz\/de\/wp-json\/wp\/v2\/product"}],"about":[{"href":"https:\/\/galavito.cz\/de\/wp-json\/wp\/v2\/types\/product"}],"wp:featuredmedia":[{"embeddable":true,"href":"https:\/\/galavito.cz\/de\/wp-json\/wp\/v2\/media\/11153"}],"wp:attachment":[{"href":"https:\/\/galavito.cz\/de\/wp-json\/wp\/v2\/media?parent=11144"}],"wp:term":[{"taxonomy":"product_brand","embeddable":true,"href":"https:\/\/galavito.cz\/de\/wp-json\/wp\/v2\/product_brand?post=11144"},{"taxonomy":"product_cat","embeddable":true,"href":"https:\/\/galavito.cz\/de\/wp-json\/wp\/v2\/product_cat?post=11144"},{"taxonomy":"product_tag","embeddable":true,"href":"https:\/\/galavito.cz\/de\/wp-json\/wp\/v2\/product_tag?post=11144"}],"curies":[{"name":"wp","href":"https:\/\/api.w.org\/{rel}","templated":true}]}}