{"id":6369,"date":"2020-01-26T19:10:43","date_gmt":"2020-01-26T18:10:43","guid":{"rendered":"https:\/\/galavito.cz\/?page_id=6369"},"modified":"2026-01-21T13:02:21","modified_gmt":"2026-01-21T12:02:21","slug":"kontakt","status":"publish","type":"page","link":"https:\/\/galavito.cz\/de\/kontakt\/","title":{"rendered":"Kontakt"},"content":{"rendered":"<section class=\"l-section wpb_row height_small\"><div class=\"l-section-h i-cf\"><div class=\"g-cols vc_row via_flex valign_top type_default stacking_default\"><div class=\"vc_col-sm-12 wpb_column vc_column_container\"><div class=\"vc_column-inner\"><div class=\"wpb_wrapper\"><div class=\"wpb_text_column\"><div class=\"wpb_wrapper\"><h1>Kontakt\/Request<\/h1>\n<\/div><\/div><\/div><\/div><\/div><\/div><\/div><\/section><section class=\"l-section wpb_row height_small\"><div class=\"l-section-h i-cf\"><div class=\"g-cols vc_row via_flex valign_top type_default stacking_default\"><div class=\"vc_col-sm-6 wpb_column vc_column_container us_animate_afl\"><div class=\"vc_column-inner\"><div class=\"wpb_wrapper\"><form class=\"w-form  us-field-style_1 layout_ver show_message_after_sending for_cform us_form_1\" action=\"https:\/\/galavito.cz\/de\/wp-json\/wp\/v2\/pages\/6369\" method=\"post\"><div class=\"w-form-h\"><div class=\"w-form-row for_email required\">\r\n\t\t<div class=\"w-form-row-field\">\r\n\t\t\t\t\t\t<input aria-label=\"Email\" type=\"email\" name=\"us_form_1_email_1\" value placeholder=\"Email *\" data-required=\"true\" aria-required=\"true\"\/>\r\n\t\t\t<\/div>\r\n\t\t<div class=\"w-form-row-state\">Bitte gib eine g\u00fcltige E-Mail-Adresse ein.<\/div>\r\n<\/div>\r\n<div class=\"w-form-row for_textarea\">\r\n\t\t<div class=\"w-form-row-field\">\r\n\t\t\t\t\t\t<textarea aria-label=\"Text\" name=\"us_form_1_textarea_1\" placeholder=\"Text\"><\/textarea>\r\n\t\t\t<\/div>\r\n\t\t<div class=\"w-form-row-state\">Bitte f\u00fcllen Sie dieses Feld aus.<\/div>\r\n<\/div>\r\n<div class=\"w-form-row for_text\">\r\n\t\t<div class=\"w-form-row-field\">\r\n\t\t\t\t\t\t<input aria-label=\"Phone number\" type=\"text\" name=\"us_form_1_text_1\" value placeholder=\"Phone number\"\/>\r\n\t\t\t<\/div>\r\n\t\t<div class=\"w-form-row-state\">Bitte f\u00fcllen Sie dieses Feld aus.<\/div>\r\n<\/div>\r\n<input type=\"hidden\" name=\"action\" value=\"us_ajax_cform\" \/>\r\n<input type=\"hidden\" name=\"post_id\" value=\"0\" \/>\r\n<input type=\"hidden\" name=\"form_index\" value=\"1\" \/>\r\n<div class=\"w-form-row for_submit align_none\"><button class=\"w-btn us-btn-style_1\" type=\"submit\" aria-label=\"Send\"><span class=\"g-preloader type_1\"><\/span><span class=\"w-btn-label\">Send<\/span><\/button><\/div><\/div><div class=\"w-form-message\"><\/div><div class=\"w-form-json hidden\" onclick='return {&quot;ajaxurl&quot;:&quot;https:\\\/\\\/galavito.cz\\\/wp-admin\\\/admin-ajax.php&quot;,&quot;messages&quot;:{&quot;err_empty&quot;:&quot;Bitte f\\u00fcllen Sie dieses Feld aus.&quot;,&quot;err_size&quot;:&quot;Die Dateigr\\u00f6\\u00dfe darf %s MB nicht \\u00fcberschreiten&quot;,&quot;err_extension&quot;:&quot;Dateityp %s ist nicht zul\\u00e4ssig&quot;,&quot;err_recaptcha_keys&quot;:&quot;reCAPTCHA-Schl\\u00fcssel sind fehlerhaft&quot;}}'><\/div><\/form><div class=\"w-separator size_medium\"><\/div><\/div><\/div><\/div><div class=\"vc_col-sm-6 wpb_column vc_column_container us_animate_afr\"><div class=\"vc_column-inner\"><div class=\"wpb_wrapper\"><div class=\"wpb_text_column\"><div class=\"wpb_wrapper\"><div class=\"wpb_text_column wpb_content_element \">\n<div class=\"wpb_wrapper\">\n<p><strong>Galavito s.r.o.<br \/>\n<\/strong><a href=\"mailto:info@galavito.cz\">info@galavito.cz<\/a><br \/>\n<a href=\"tel:736177368\">+420 736 177 368<\/a><\/p>\n<p><strong>Adresse:<\/strong><br \/>\nFe\u0159tekova 562\/24, 181 00 Praha 8 &#8211; Bohnice, Tschechien<\/p>\n<p><strong>Registration number:<\/strong> 01776703, <strong>VAT payer number:<\/strong> CZ01776703<\/p>\n<p><em>Galavito s.r.o. is registered in the business registry, governed by Municipal court in Prague, section C, part 211581.<\/em><\/p>\n<\/div>\n<\/div>\n<\/div><\/div><\/div><\/div><\/div><\/div><\/div><\/section><section class=\"l-section wpb_row height_small color_alternate\" id=\"distributors\"><div class=\"l-section-h i-cf\"><div class=\"g-cols vc_row via_flex valign_top type_default stacking_default\"><div class=\"vc_col-sm-12 wpb_column vc_column_container\"><div class=\"vc_column-inner\"><div class=\"wpb_wrapper\"><div class=\"wpb_text_column\"><div class=\"wpb_wrapper\"><h2>Foreign distributors<\/h2>\n<\/div><\/div><\/div><\/div><\/div><\/div><\/div><\/section><section class=\"l-section wpb_row height_small color_alternate\"><div class=\"l-section-h i-cf\"><div class=\"g-cols vc_row via_flex valign_top type_default stacking_default\"><div class=\"vc_col-sm-3 wpb_column vc_column_container us_animate_afr\"><div class=\"vc_column-inner\"><div class=\"wpb_wrapper\"><div class=\"wpb_text_column\"><div class=\"wpb_wrapper\"><p><strong>Belgium<br \/>\n<\/strong>WellnessStore<br \/>\nLodewijk de raetlaan 23<br \/>\n3900 Pelt<br \/>\nBelgium<\/p>\n<p>Tel.: +32 475897176<br \/>\nEmail: <a href=\"mailto:info@wellnessstore.be\">info@wellnessstore.be<\/a><br \/>\nWebsite: <a href=\"www.wellnessstore.be\" target=\"_blank\" rel=\"noopener\">www.wellnessstore.be<\/a><\/p>\n<\/div><\/div><\/div><\/div><\/div><div class=\"vc_col-sm-3 wpb_column vc_column_container\"><div class=\"vc_column-inner\"><div class=\"wpb_wrapper\"><\/div><\/div><\/div><div class=\"vc_col-sm-3 wpb_column vc_column_container\"><div class=\"vc_column-inner\"><div class=\"wpb_wrapper\"><\/div><\/div><\/div><div class=\"vc_col-sm-3 wpb_column vc_column_container\"><div class=\"vc_column-inner\"><div class=\"wpb_wrapper\"><\/div><\/div><\/div><\/div><\/div><\/section>\n","protected":false},"excerpt":{"rendered":"Kontakt\/Request Bitte gib eine g\u00fcltige E-Mail-Adresse ein. Bitte f\u00fcllen Sie dieses Feld aus. Bitte f\u00fcllen Sie dieses Feld aus. Send Galavito s.r.o. info@galavito.cz +420 736 177 368 Adresse: Fe\u0159tekova 562\/24, 181 00 Praha 8 &#8211; Bohnice, Tschechien Registration number: 01776703, VAT payer number: CZ01776703 Galavito s.r.o. is registered in the business registry, governed by Municipal...","protected":false},"author":2,"featured_media":0,"parent":0,"menu_order":0,"comment_status":"closed","ping_status":"closed","template":"","meta":{"footnotes":""},"class_list":["post-6369","page","type-page","status-publish","hentry"],"aioseo_notices":[],"_links":{"self":[{"href":"https:\/\/galavito.cz\/de\/wp-json\/wp\/v2\/pages\/6369","targetHints":{"allow":["GET"]}}],"collection":[{"href":"https:\/\/galavito.cz\/de\/wp-json\/wp\/v2\/pages"}],"about":[{"href":"https:\/\/galavito.cz\/de\/wp-json\/wp\/v2\/types\/page"}],"author":[{"embeddable":true,"href":"https:\/\/galavito.cz\/de\/wp-json\/wp\/v2\/users\/2"}],"replies":[{"embeddable":true,"href":"https:\/\/galavito.cz\/de\/wp-json\/wp\/v2\/comments?post=6369"}],"version-history":[{"count":2,"href":"https:\/\/galavito.cz\/de\/wp-json\/wp\/v2\/pages\/6369\/revisions"}],"predecessor-version":[{"id":12148,"href":"https:\/\/galavito.cz\/de\/wp-json\/wp\/v2\/pages\/6369\/revisions\/12148"}],"wp:attachment":[{"href":"https:\/\/galavito.cz\/de\/wp-json\/wp\/v2\/media?parent=6369"}],"curies":[{"name":"wp","href":"https:\/\/api.w.org\/{rel}","templated":true}]}}