{"id":6363,"date":"2020-01-26T19:06:20","date_gmt":"2020-01-26T18:06:20","guid":{"rendered":"https:\/\/galavito.cz\/?page_id=6363"},"modified":"2020-02-17T15:54:52","modified_gmt":"2020-02-17T14:54:52","slug":"beheizter-tisch-bistro-duo","status":"publish","type":"page","link":"https:\/\/galavito.cz\/de\/beheizter-tisch-bistro-duo\/","title":{"rendered":"Beheizter Tisch BISTRO DUO"},"content":{"rendered":"<section class=\"l-section wpb_row height_small\"><div class=\"l-section-h i-cf\"><div class=\"g-cols vc_row via_flex valign_top type_default stacking_default\"><div class=\"vc_col-sm-12 wpb_column vc_column_container\"><div class=\"vc_column-inner\"><div class=\"wpb_wrapper\"><div class=\"woocommerce\">\t\t\t<div class=\"single-product\" data-product-page-preselected-id=\"0\">\n\t\t\t\t<div class=\"woocommerce-notices-wrapper\"><\/div><div id=\"product-6613\" class=\"product type-product post-6613 status-publish first instock product_cat-beheizte-tische has-post-thumbnail taxable shipping-taxable purchasable product-type-simple\">\n\n\t<div class=\"woocommerce-product-gallery woocommerce-product-gallery--with-images woocommerce-product-gallery--columns-4 images type_slider thumbpos_bottom\" data-columns=\"4\" style=\"opacity: 0; transition: opacity .25s ease-in-out;\">\n\t<div class=\"woocommerce-product-gallery__wrapper\">\n\t\t<div data-thumb=\"https:\/\/galavito.cz\/wp-content\/uploads\/2019\/03\/vyhrivany-stolek-BISTRO-DUO_galavito-cz-300x300.jpg\" data-thumb-alt=\"Beheizter Tisch BISTRO DUO\" data-thumb-srcset=\"https:\/\/galavito.cz\/wp-content\/uploads\/2019\/03\/vyhrivany-stolek-BISTRO-DUO_galavito-cz-300x300.jpg 300w, https:\/\/galavito.cz\/wp-content\/uploads\/2019\/03\/vyhrivany-stolek-BISTRO-DUO_galavito-cz-150x150.jpg 150w, https:\/\/galavito.cz\/wp-content\/uploads\/2019\/03\/vyhrivany-stolek-BISTRO-DUO_galavito-cz-1024x1024.jpg 1024w, https:\/\/galavito.cz\/wp-content\/uploads\/2019\/03\/vyhrivany-stolek-BISTRO-DUO_galavito-cz-350x350.jpg 350w, https:\/\/galavito.cz\/wp-content\/uploads\/2019\/03\/vyhrivany-stolek-BISTRO-DUO_galavito-cz-600x600.jpg 600w, https:\/\/galavito.cz\/wp-content\/uploads\/2019\/03\/vyhrivany-stolek-BISTRO-DUO_galavito-cz.jpg 1200w\"  data-thumb-sizes=\"(max-width: 300px) 100vw, 300px\" class=\"woocommerce-product-gallery__image\"><a href=\"https:\/\/galavito.cz\/wp-content\/uploads\/2019\/03\/vyhrivany-stolek-BISTRO-DUO_galavito-cz.jpg\"><img loading=\"lazy\" decoding=\"async\" width=\"600\" height=\"600\" src=\"https:\/\/galavito.cz\/wp-content\/uploads\/2019\/03\/vyhrivany-stolek-BISTRO-DUO_galavito-cz-600x600.jpg\" class=\"wp-post-image\" alt=\"Beheizter Tisch BISTRO DUO\" data-caption=\"\" data-src=\"https:\/\/galavito.cz\/wp-content\/uploads\/2019\/03\/vyhrivany-stolek-BISTRO-DUO_galavito-cz.jpg\" data-large_image=\"https:\/\/galavito.cz\/wp-content\/uploads\/2019\/03\/vyhrivany-stolek-BISTRO-DUO_galavito-cz.jpg\" data-large_image_width=\"1200\" data-large_image_height=\"1200\" srcset=\"https:\/\/galavito.cz\/wp-content\/uploads\/2019\/03\/vyhrivany-stolek-BISTRO-DUO_galavito-cz-600x600.jpg 600w, https:\/\/galavito.cz\/wp-content\/uploads\/2019\/03\/vyhrivany-stolek-BISTRO-DUO_galavito-cz-150x150.jpg 150w, https:\/\/galavito.cz\/wp-content\/uploads\/2019\/03\/vyhrivany-stolek-BISTRO-DUO_galavito-cz-300x300.jpg 300w, https:\/\/galavito.cz\/wp-content\/uploads\/2019\/03\/vyhrivany-stolek-BISTRO-DUO_galavito-cz-1024x1024.jpg 1024w, https:\/\/galavito.cz\/wp-content\/uploads\/2019\/03\/vyhrivany-stolek-BISTRO-DUO_galavito-cz-350x350.jpg 350w, https:\/\/galavito.cz\/wp-content\/uploads\/2019\/03\/vyhrivany-stolek-BISTRO-DUO_galavito-cz.jpg 1200w\" sizes=\"auto, (max-width: 600px) 100vw, 600px\" \/><\/a><\/div><div data-thumb=\"https:\/\/galavito.cz\/wp-content\/uploads\/2019\/03\/vyhrivany_stolek_galavito_bistro_duo_infra_venkovni_topeni_heating_table-300x300.jpg\" data-thumb-alt=\"Vyh\u0159\u00edvan\u00fd stolek BISTRO DUO\" data-thumb-srcset=\"https:\/\/galavito.cz\/wp-content\/uploads\/2019\/03\/vyhrivany_stolek_galavito_bistro_duo_infra_venkovni_topeni_heating_table-300x300.jpg 300w, https:\/\/galavito.cz\/wp-content\/uploads\/2019\/03\/vyhrivany_stolek_galavito_bistro_duo_infra_venkovni_topeni_heating_table-1024x1024.jpg 1024w, https:\/\/galavito.cz\/wp-content\/uploads\/2019\/03\/vyhrivany_stolek_galavito_bistro_duo_infra_venkovni_topeni_heating_table-150x150.jpg 150w, https:\/\/galavito.cz\/wp-content\/uploads\/2019\/03\/vyhrivany_stolek_galavito_bistro_duo_infra_venkovni_topeni_heating_table-350x350.jpg 350w, https:\/\/galavito.cz\/wp-content\/uploads\/2019\/03\/vyhrivany_stolek_galavito_bistro_duo_infra_venkovni_topeni_heating_table-600x600.jpg 600w, https:\/\/galavito.cz\/wp-content\/uploads\/2019\/03\/vyhrivany_stolek_galavito_bistro_duo_infra_venkovni_topeni_heating_table-1140x1140.jpg 1140w, https:\/\/galavito.cz\/wp-content\/uploads\/2019\/03\/vyhrivany_stolek_galavito_bistro_duo_infra_venkovni_topeni_heating_table.jpg 1800w\"  data-thumb-sizes=\"(max-width: 300px) 100vw, 300px\" class=\"woocommerce-product-gallery__image\"><a href=\"https:\/\/galavito.cz\/wp-content\/uploads\/2019\/03\/vyhrivany_stolek_galavito_bistro_duo_infra_venkovni_topeni_heating_table.jpg\"><img loading=\"lazy\" decoding=\"async\" width=\"600\" height=\"600\" src=\"https:\/\/galavito.cz\/wp-content\/uploads\/2019\/03\/vyhrivany_stolek_galavito_bistro_duo_infra_venkovni_topeni_heating_table-600x600.jpg\" class=\"\" alt=\"Vyh\u0159\u00edvan\u00fd stolek BISTRO DUO\" data-caption=\"\" data-src=\"https:\/\/galavito.cz\/wp-content\/uploads\/2019\/03\/vyhrivany_stolek_galavito_bistro_duo_infra_venkovni_topeni_heating_table.jpg\" data-large_image=\"https:\/\/galavito.cz\/wp-content\/uploads\/2019\/03\/vyhrivany_stolek_galavito_bistro_duo_infra_venkovni_topeni_heating_table.jpg\" data-large_image_width=\"1800\" data-large_image_height=\"1800\" srcset=\"https:\/\/galavito.cz\/wp-content\/uploads\/2019\/03\/vyhrivany_stolek_galavito_bistro_duo_infra_venkovni_topeni_heating_table-600x600.jpg 600w, https:\/\/galavito.cz\/wp-content\/uploads\/2019\/03\/vyhrivany_stolek_galavito_bistro_duo_infra_venkovni_topeni_heating_table-300x300.jpg 300w, https:\/\/galavito.cz\/wp-content\/uploads\/2019\/03\/vyhrivany_stolek_galavito_bistro_duo_infra_venkovni_topeni_heating_table-1024x1024.jpg 1024w, https:\/\/galavito.cz\/wp-content\/uploads\/2019\/03\/vyhrivany_stolek_galavito_bistro_duo_infra_venkovni_topeni_heating_table-150x150.jpg 150w, https:\/\/galavito.cz\/wp-content\/uploads\/2019\/03\/vyhrivany_stolek_galavito_bistro_duo_infra_venkovni_topeni_heating_table-350x350.jpg 350w, https:\/\/galavito.cz\/wp-content\/uploads\/2019\/03\/vyhrivany_stolek_galavito_bistro_duo_infra_venkovni_topeni_heating_table-1140x1140.jpg 1140w, https:\/\/galavito.cz\/wp-content\/uploads\/2019\/03\/vyhrivany_stolek_galavito_bistro_duo_infra_venkovni_topeni_heating_table.jpg 1800w\" sizes=\"auto, (max-width: 600px) 100vw, 600px\" \/><\/a><\/div><div data-thumb=\"https:\/\/galavito.cz\/wp-content\/uploads\/2019\/10\/bottom-story-background-300x300.jpg\" data-thumb-alt=\"Beheizter Tisch BISTRO DUO \u2013 Bild 3\" data-thumb-srcset=\"https:\/\/galavito.cz\/wp-content\/uploads\/2019\/10\/bottom-story-background-300x300.jpg 300w, https:\/\/galavito.cz\/wp-content\/uploads\/2019\/10\/bottom-story-background-150x150.jpg 150w, https:\/\/galavito.cz\/wp-content\/uploads\/2019\/10\/bottom-story-background-350x350.jpg 350w, https:\/\/galavito.cz\/wp-content\/uploads\/2019\/10\/bottom-story-background-600x600.jpg 600w\"  data-thumb-sizes=\"(max-width: 300px) 100vw, 300px\" class=\"woocommerce-product-gallery__image\"><a href=\"https:\/\/galavito.cz\/wp-content\/uploads\/2019\/10\/bottom-story-background.jpg\"><img loading=\"lazy\" decoding=\"async\" width=\"600\" height=\"400\" src=\"https:\/\/galavito.cz\/wp-content\/uploads\/2019\/10\/bottom-story-background-600x400.jpg\" class=\"\" alt=\"Beheizter Tisch BISTRO DUO \u2013 Bild 3\" data-caption=\"\" data-src=\"https:\/\/galavito.cz\/wp-content\/uploads\/2019\/10\/bottom-story-background.jpg\" data-large_image=\"https:\/\/galavito.cz\/wp-content\/uploads\/2019\/10\/bottom-story-background.jpg\" data-large_image_width=\"1600\" data-large_image_height=\"1067\" srcset=\"https:\/\/galavito.cz\/wp-content\/uploads\/2019\/10\/bottom-story-background-600x400.jpg 600w, https:\/\/galavito.cz\/wp-content\/uploads\/2019\/10\/bottom-story-background-300x200.jpg 300w, https:\/\/galavito.cz\/wp-content\/uploads\/2019\/10\/bottom-story-background-1024x683.jpg 1024w, https:\/\/galavito.cz\/wp-content\/uploads\/2019\/10\/bottom-story-background.jpg 1600w\" sizes=\"auto, (max-width: 600px) 100vw, 600px\" \/><\/a><\/div><div data-thumb=\"https:\/\/galavito.cz\/wp-content\/uploads\/2019\/05\/IMG_5417-300x300.jpg\" data-thumb-alt=\"Svatba Dany a Mojm\u00edra\" data-thumb-srcset=\"https:\/\/galavito.cz\/wp-content\/uploads\/2019\/05\/IMG_5417-300x300.jpg 300w, https:\/\/galavito.cz\/wp-content\/uploads\/2019\/05\/IMG_5417-150x150.jpg 150w, https:\/\/galavito.cz\/wp-content\/uploads\/2019\/05\/IMG_5417-1024x1024.jpg 1024w, https:\/\/galavito.cz\/wp-content\/uploads\/2019\/05\/IMG_5417-350x350.jpg 350w, https:\/\/galavito.cz\/wp-content\/uploads\/2019\/05\/IMG_5417-600x600.jpg 600w, https:\/\/galavito.cz\/wp-content\/uploads\/2019\/05\/IMG_5417.jpg 1200w\"  data-thumb-sizes=\"(max-width: 300px) 100vw, 300px\" class=\"woocommerce-product-gallery__image\"><a href=\"https:\/\/galavito.cz\/wp-content\/uploads\/2019\/05\/IMG_5417.jpg\"><img loading=\"lazy\" decoding=\"async\" width=\"600\" height=\"600\" src=\"https:\/\/galavito.cz\/wp-content\/uploads\/2019\/05\/IMG_5417-600x600.jpg\" class=\"\" alt=\"Svatba Dany a Mojm\u00edra\" data-caption=\"\" data-src=\"https:\/\/galavito.cz\/wp-content\/uploads\/2019\/05\/IMG_5417.jpg\" data-large_image=\"https:\/\/galavito.cz\/wp-content\/uploads\/2019\/05\/IMG_5417.jpg\" data-large_image_width=\"1200\" data-large_image_height=\"1200\" srcset=\"https:\/\/galavito.cz\/wp-content\/uploads\/2019\/05\/IMG_5417-600x600.jpg 600w, https:\/\/galavito.cz\/wp-content\/uploads\/2019\/05\/IMG_5417-150x150.jpg 150w, https:\/\/galavito.cz\/wp-content\/uploads\/2019\/05\/IMG_5417-300x300.jpg 300w, https:\/\/galavito.cz\/wp-content\/uploads\/2019\/05\/IMG_5417-1024x1024.jpg 1024w, https:\/\/galavito.cz\/wp-content\/uploads\/2019\/05\/IMG_5417-350x350.jpg 350w, https:\/\/galavito.cz\/wp-content\/uploads\/2019\/05\/IMG_5417.jpg 1200w\" sizes=\"auto, (max-width: 600px) 100vw, 600px\" \/><\/a><\/div><div data-thumb=\"https:\/\/galavito.cz\/wp-content\/uploads\/2019\/08\/IMG_9321s-300x300.jpg\" data-thumb-alt=\"Beheizter Tisch BISTRO DUO \u2013 Bild 5\" data-thumb-srcset=\"https:\/\/galavito.cz\/wp-content\/uploads\/2019\/08\/IMG_9321s-300x300.jpg 300w, https:\/\/galavito.cz\/wp-content\/uploads\/2019\/08\/IMG_9321s-150x150.jpg 150w, https:\/\/galavito.cz\/wp-content\/uploads\/2019\/08\/IMG_9321s-1024x1024.jpg 1024w, https:\/\/galavito.cz\/wp-content\/uploads\/2019\/08\/IMG_9321s-350x350.jpg 350w, https:\/\/galavito.cz\/wp-content\/uploads\/2019\/08\/IMG_9321s-600x600.jpg 600w, https:\/\/galavito.cz\/wp-content\/uploads\/2019\/08\/IMG_9321s.jpg 1600w\"  data-thumb-sizes=\"(max-width: 300px) 100vw, 300px\" class=\"woocommerce-product-gallery__image\"><a href=\"https:\/\/galavito.cz\/wp-content\/uploads\/2019\/08\/IMG_9321s.jpg\"><img loading=\"lazy\" decoding=\"async\" width=\"600\" height=\"600\" src=\"https:\/\/galavito.cz\/wp-content\/uploads\/2019\/08\/IMG_9321s-600x600.jpg\" class=\"\" alt=\"Beheizter Tisch BISTRO DUO \u2013 Bild 5\" data-caption=\"\" data-src=\"https:\/\/galavito.cz\/wp-content\/uploads\/2019\/08\/IMG_9321s.jpg\" data-large_image=\"https:\/\/galavito.cz\/wp-content\/uploads\/2019\/08\/IMG_9321s.jpg\" data-large_image_width=\"1600\" data-large_image_height=\"1600\" srcset=\"https:\/\/galavito.cz\/wp-content\/uploads\/2019\/08\/IMG_9321s-600x600.jpg 600w, https:\/\/galavito.cz\/wp-content\/uploads\/2019\/08\/IMG_9321s-150x150.jpg 150w, https:\/\/galavito.cz\/wp-content\/uploads\/2019\/08\/IMG_9321s-300x300.jpg 300w, https:\/\/galavito.cz\/wp-content\/uploads\/2019\/08\/IMG_9321s-1024x1024.jpg 1024w, https:\/\/galavito.cz\/wp-content\/uploads\/2019\/08\/IMG_9321s-350x350.jpg 350w, https:\/\/galavito.cz\/wp-content\/uploads\/2019\/08\/IMG_9321s.jpg 1600w\" sizes=\"auto, (max-width: 600px) 100vw, 600px\" \/><\/a><\/div><div data-thumb=\"https:\/\/galavito.cz\/wp-content\/uploads\/2019\/12\/pronajem_venkovniho_topeni_galavito_heating_table_slovansky_dum-300x300.jpg\" data-thumb-alt=\"Beheizter Tisch BISTRO DUO \u2013 Bild 6\" data-thumb-srcset=\"https:\/\/galavito.cz\/wp-content\/uploads\/2019\/12\/pronajem_venkovniho_topeni_galavito_heating_table_slovansky_dum-300x300.jpg 300w, https:\/\/galavito.cz\/wp-content\/uploads\/2019\/12\/pronajem_venkovniho_topeni_galavito_heating_table_slovansky_dum-150x150.jpg 150w, https:\/\/galavito.cz\/wp-content\/uploads\/2019\/12\/pronajem_venkovniho_topeni_galavito_heating_table_slovansky_dum-350x350.jpg 350w, https:\/\/galavito.cz\/wp-content\/uploads\/2019\/12\/pronajem_venkovniho_topeni_galavito_heating_table_slovansky_dum-600x600.jpg 600w\"  data-thumb-sizes=\"(max-width: 300px) 100vw, 300px\" class=\"woocommerce-product-gallery__image\"><a href=\"https:\/\/galavito.cz\/wp-content\/uploads\/2019\/12\/pronajem_venkovniho_topeni_galavito_heating_table_slovansky_dum.jpg\"><img loading=\"lazy\" decoding=\"async\" width=\"600\" height=\"420\" src=\"https:\/\/galavito.cz\/wp-content\/uploads\/2019\/12\/pronajem_venkovniho_topeni_galavito_heating_table_slovansky_dum-600x420.jpg\" class=\"\" alt=\"Beheizter Tisch BISTRO DUO \u2013 Bild 6\" data-caption=\"\" data-src=\"https:\/\/galavito.cz\/wp-content\/uploads\/2019\/12\/pronajem_venkovniho_topeni_galavito_heating_table_slovansky_dum.jpg\" data-large_image=\"https:\/\/galavito.cz\/wp-content\/uploads\/2019\/12\/pronajem_venkovniho_topeni_galavito_heating_table_slovansky_dum.jpg\" data-large_image_width=\"1000\" data-large_image_height=\"700\" srcset=\"https:\/\/galavito.cz\/wp-content\/uploads\/2019\/12\/pronajem_venkovniho_topeni_galavito_heating_table_slovansky_dum-600x420.jpg 600w, https:\/\/galavito.cz\/wp-content\/uploads\/2019\/12\/pronajem_venkovniho_topeni_galavito_heating_table_slovansky_dum-300x210.jpg 300w, https:\/\/galavito.cz\/wp-content\/uploads\/2019\/12\/pronajem_venkovniho_topeni_galavito_heating_table_slovansky_dum.jpg 1000w\" sizes=\"auto, (max-width: 600px) 100vw, 600px\" \/><\/a><\/div><div data-thumb=\"https:\/\/galavito.cz\/wp-content\/uploads\/2019\/12\/pronajem_venkovniho_topeni_galavito_advivum_stolky-300x300.jpg\" data-thumb-alt=\"Beheizter Tisch BISTRO DUO \u2013 Bild 7\" data-thumb-srcset=\"https:\/\/galavito.cz\/wp-content\/uploads\/2019\/12\/pronajem_venkovniho_topeni_galavito_advivum_stolky-300x300.jpg 300w, https:\/\/galavito.cz\/wp-content\/uploads\/2019\/12\/pronajem_venkovniho_topeni_galavito_advivum_stolky-150x150.jpg 150w, https:\/\/galavito.cz\/wp-content\/uploads\/2019\/12\/pronajem_venkovniho_topeni_galavito_advivum_stolky-350x350.jpg 350w, https:\/\/galavito.cz\/wp-content\/uploads\/2019\/12\/pronajem_venkovniho_topeni_galavito_advivum_stolky-600x600.jpg 600w\"  data-thumb-sizes=\"(max-width: 300px) 100vw, 300px\" class=\"woocommerce-product-gallery__image\"><a href=\"https:\/\/galavito.cz\/wp-content\/uploads\/2019\/12\/pronajem_venkovniho_topeni_galavito_advivum_stolky.jpg\"><img loading=\"lazy\" decoding=\"async\" width=\"600\" height=\"660\" src=\"https:\/\/galavito.cz\/wp-content\/uploads\/2019\/12\/pronajem_venkovniho_topeni_galavito_advivum_stolky-600x660.jpg\" class=\"\" alt=\"Beheizter Tisch BISTRO DUO \u2013 Bild 7\" data-caption=\"\" data-src=\"https:\/\/galavito.cz\/wp-content\/uploads\/2019\/12\/pronajem_venkovniho_topeni_galavito_advivum_stolky.jpg\" data-large_image=\"https:\/\/galavito.cz\/wp-content\/uploads\/2019\/12\/pronajem_venkovniho_topeni_galavito_advivum_stolky.jpg\" data-large_image_width=\"1000\" data-large_image_height=\"1100\" srcset=\"https:\/\/galavito.cz\/wp-content\/uploads\/2019\/12\/pronajem_venkovniho_topeni_galavito_advivum_stolky-600x660.jpg 600w, https:\/\/galavito.cz\/wp-content\/uploads\/2019\/12\/pronajem_venkovniho_topeni_galavito_advivum_stolky-273x300.jpg 273w, https:\/\/galavito.cz\/wp-content\/uploads\/2019\/12\/pronajem_venkovniho_topeni_galavito_advivum_stolky-931x1024.jpg 931w, https:\/\/galavito.cz\/wp-content\/uploads\/2019\/12\/pronajem_venkovniho_topeni_galavito_advivum_stolky.jpg 1000w\" sizes=\"auto, (max-width: 600px) 100vw, 600px\" \/><\/a><\/div><div data-thumb=\"https:\/\/galavito.cz\/wp-content\/uploads\/2019\/12\/pronajem_venkovniho_topeni_galavito_advivum_party-300x300.jpg\" data-thumb-alt=\"Beheizter Tisch BISTRO DUO \u2013 Bild 8\" data-thumb-srcset=\"https:\/\/galavito.cz\/wp-content\/uploads\/2019\/12\/pronajem_venkovniho_topeni_galavito_advivum_party-300x300.jpg 300w, https:\/\/galavito.cz\/wp-content\/uploads\/2019\/12\/pronajem_venkovniho_topeni_galavito_advivum_party-150x150.jpg 150w, https:\/\/galavito.cz\/wp-content\/uploads\/2019\/12\/pronajem_venkovniho_topeni_galavito_advivum_party-350x350.jpg 350w, https:\/\/galavito.cz\/wp-content\/uploads\/2019\/12\/pronajem_venkovniho_topeni_galavito_advivum_party-600x600.jpg 600w\"  data-thumb-sizes=\"(max-width: 300px) 100vw, 300px\" class=\"woocommerce-product-gallery__image\"><a href=\"https:\/\/galavito.cz\/wp-content\/uploads\/2019\/12\/pronajem_venkovniho_topeni_galavito_advivum_party.jpg\"><img loading=\"lazy\" decoding=\"async\" width=\"600\" height=\"393\" src=\"https:\/\/galavito.cz\/wp-content\/uploads\/2019\/12\/pronajem_venkovniho_topeni_galavito_advivum_party-600x393.jpg\" class=\"\" alt=\"Beheizter Tisch BISTRO DUO \u2013 Bild 8\" data-caption=\"\" data-src=\"https:\/\/galavito.cz\/wp-content\/uploads\/2019\/12\/pronajem_venkovniho_topeni_galavito_advivum_party.jpg\" data-large_image=\"https:\/\/galavito.cz\/wp-content\/uploads\/2019\/12\/pronajem_venkovniho_topeni_galavito_advivum_party.jpg\" data-large_image_width=\"1000\" data-large_image_height=\"655\" srcset=\"https:\/\/galavito.cz\/wp-content\/uploads\/2019\/12\/pronajem_venkovniho_topeni_galavito_advivum_party-600x393.jpg 600w, https:\/\/galavito.cz\/wp-content\/uploads\/2019\/12\/pronajem_venkovniho_topeni_galavito_advivum_party-300x197.jpg 300w, https:\/\/galavito.cz\/wp-content\/uploads\/2019\/12\/pronajem_venkovniho_topeni_galavito_advivum_party.jpg 1000w\" sizes=\"auto, (max-width: 600px) 100vw, 600px\" \/><\/a><\/div>\t<\/div>\n<\/div>\n\n\t<div class=\"summary entry-summary\">\n\t\t<nav class=\"woocommerce-breadcrumb\" aria-label=\"Breadcrumb\"><a href=\"https:\/\/galavito.cz\/de\/\">Start<\/a>&nbsp;&#47;&nbsp;<a href=\"https:\/\/galavito.cz\/de\/Abschnitt\/beheizte-tische\/\">Beheizte Tische<\/a>&nbsp;&#47;&nbsp;Beheizter Tisch BISTRO DUO<\/nav><h1 class=\"product_title entry-title\">Beheizter Tisch BISTRO DUO<\/h1><p class=\"price\"><span class=\"woocommerce-Price-amount amount\"><bdi><span class=\"woocommerce-Price-currencySymbol\">&euro;<\/span>799.60<\/bdi><\/span> <small class=\"woocommerce-price-suffix\">+ DPH 21 %<\/small><\/p>\n<div class=\"woocommerce-product-details__short-description\">\n\t<p>Der beheizte Tisch BISTRO DUO f\u00fcr den Au\u00dfenbereich dient zum Aufw\u00e4rmen der stehenden G\u00e4ste, die drau\u00dfen auch bei ung\u00fcnstigem Wetter in aller Ruhe ihre Zigarette oder ihren Kaffee genie\u00dfen, oder ein wenig mit Freunden plaudern m\u00f6chten.<\/p>\n<p>Der Tisch ist mit einem 109 cm hohen Fu\u00dfgestell samt 2 Infrarotr\u00f6hren ausgestattet, dank deren es m\u00f6glich ist, die Heizintensit\u00e4t zu regulieren.<\/p>\n<p>Die G\u00e4ste k\u00f6nnen so dank dem Erw\u00e4rmen ihr Verbleiben vor dem Restaurant, im Vorgarten oder auf der Terrasse voll genie\u00dfen.<\/p>\n<\/div>\n\n\t\n\t<form class=\"cart\" action=\"\" method=\"post\" enctype='multipart\/form-data'>\n\t\t\n\t\t<div class=\"quantity\">\n\t\t<label class=\"screen-reader-text\" for=\"quantity_69e35d13b738b\">Beheizter Tisch BISTRO DUO Menge<\/label>\n\t<input\n\t\ttype=\"number\"\n\t\t\t\tid=\"quantity_69e35d13b738b\"\n\t\tclass=\"input-text qty text\"\n\t\tname=\"quantity\"\n\t\tvalue=\"1\"\n\t\taria-label=\"Produktmenge\"\n\t\t\t\tmin=\"1\"\n\t\t\t\t\t\t\tstep=\"1\"\n\t\t\tplaceholder=\"\"\n\t\t\tinputmode=\"numeric\"\n\t\t\tautocomplete=\"off\"\n\t\t\t\/>\n\t<\/div>\n\n\t\t<button type=\"submit\" name=\"add-to-cart\" value=\"6613\" class=\"single_add_to_cart_button button alt\">In den Warenkorb<\/button>\n\n\t\t\t<\/form>\n\n\t\n<div class=\"product_meta\">\n\n\t\n\t\n\t<span class=\"posted_in\">Kategorie: <a href=\"https:\/\/galavito.cz\/de\/Abschnitt\/beheizte-tische\/\" rel=\"tag\">Beheizte Tische<\/a><\/span>\n\t\n\t\n<\/div>\n\t<\/div>\n\n\t\n\t<div class=\"woocommerce-tabs wc-tabs-wrapper\">\n\t\t<ul class=\"tabs wc-tabs\" role=\"tablist\">\n\t\t\t\t\t\t\t<li role=\"presentation\" class=\"description_tab\" id=\"tab-title-description\">\n\t\t\t\t\t<a href=\"#tab-description\" role=\"tab\" aria-controls=\"tab-description\">\n\t\t\t\t\t\tBeschreibung\t\t\t\t\t<\/a>\n\t\t\t\t<\/li>\n\t\t\t\t\t<\/ul>\n\t\t\t\t\t<div class=\"woocommerce-Tabs-panel woocommerce-Tabs-panel--description panel entry-content wc-tab\" id=\"tab-description\" role=\"tabpanel\" aria-labelledby=\"tab-title-description\">\n\t\t\t\t\n\t<h2>Beschreibung<\/h2>\n\n<p><strong>Ohne Tischplatte.<\/strong> Um sie auszuw\u00e4hlen, besuchen Sie bitte die <a href=\"https:\/\/galavito.cz\/de\/tischplatten\/\">Sektion Tischplatten<\/a>.<br \/>\nH\u00f6he 72 cm und Gewicht 15 kg.<br \/>\nAbmessungen der Tischbasis: 45 \u00d7 45 cm<br \/>\nStromversorgung: 230V ~50 Hz. Leistung der Heizlampe: 2 x 1,2 kW<br \/>\nSchutzklasse: IP44<\/p>\n\t\t\t<\/div>\n\t\t\n\t\t\t<\/div>\n\n\n\t<section class=\"related products\">\n\n\t\t\t\t\t<h2>\u00c4hnliche Produkte<\/h2>\n\t\t\t\t<ul class=\"products columns-5\">\n\n\t\t\t\n\t\t\t\t\t<li class=\"product type-product post-6610 status-publish first instock product_cat-beheizte-tische has-post-thumbnail taxable shipping-taxable purchasable product-type-simple\">\n\t<a href=\"https:\/\/galavito.cz\/de\/produkt\/beheizter-tisch-resto\/\" class=\"woocommerce-LoopProduct-link woocommerce-loop-product__link\"><img loading=\"lazy\" decoding=\"async\" width=\"300\" height=\"300\" src=\"https:\/\/galavito.cz\/wp-content\/uploads\/2019\/03\/vyhrivany-stolek-RESTO_galavito-cz-300x300.jpg\" class=\"attachment-woocommerce_thumbnail size-woocommerce_thumbnail\" alt=\"Vyh\u0159\u00edvan\u00fd stolek Galavito Heating Table model RESTO\" srcset=\"https:\/\/galavito.cz\/wp-content\/uploads\/2019\/03\/vyhrivany-stolek-RESTO_galavito-cz-300x300.jpg 300w, https:\/\/galavito.cz\/wp-content\/uploads\/2019\/03\/vyhrivany-stolek-RESTO_galavito-cz-150x150.jpg 150w, https:\/\/galavito.cz\/wp-content\/uploads\/2019\/03\/vyhrivany-stolek-RESTO_galavito-cz-1024x1024.jpg 1024w, https:\/\/galavito.cz\/wp-content\/uploads\/2019\/03\/vyhrivany-stolek-RESTO_galavito-cz-350x350.jpg 350w, https:\/\/galavito.cz\/wp-content\/uploads\/2019\/03\/vyhrivany-stolek-RESTO_galavito-cz-600x600.jpg 600w, https:\/\/galavito.cz\/wp-content\/uploads\/2019\/03\/vyhrivany-stolek-RESTO_galavito-cz.jpg 1200w\" sizes=\"auto, (max-width: 300px) 100vw, 300px\" \/><h2 class=\"woocommerce-loop-product__title\">Beheizter Tisch RESTO<\/h2>\n\t<span class=\"price\"><span class=\"woocommerce-Price-amount amount\"><bdi><span class=\"woocommerce-Price-currencySymbol\">&euro;<\/span>639.60<\/bdi><\/span> <small class=\"woocommerce-price-suffix\">+ DPH 21 %<\/small><\/span>\n<\/a><a href=\"\/de\/wp-json\/wp\/v2\/pages\/6363?add-to-cart=6610\" aria-describedby=\"woocommerce_loop_add_to_cart_link_describedby_6610\" data-quantity=\"1\" class=\"button product_type_simple add_to_cart_button ajax_add_to_cart\" data-product_id=\"6610\" data-product_sku=\"\" aria-label=\"In den Warenkorb legen: \u201eBeheizter Tisch RESTO\u201c\" rel=\"nofollow\" data-success_message=\"\u201eBeheizter Tisch RESTO\u201c wurde deinem Warenkorb hinzugef\u00fcgt\" role=\"button\"><i class=\"g-preloader type_1\"><\/i><span class=\"w-btn-label\">In den Warenkorb<\/span><\/a>\t<span id=\"woocommerce_loop_add_to_cart_link_describedby_6610\" class=\"screen-reader-text\">\n\t\t\t<\/span>\n<\/li>\n\n\t\t\t\n\t\t<\/ul>\n\n\t<\/section>\n\t<\/div>\n\n\t\t\t<\/div>\n\t\t\t<\/div><\/div><\/div><\/div><\/div><\/div><\/section>\n","protected":false},"excerpt":{"rendered":"Ohne Tischplatte. Um sie auszuw\u00e4hlen, besuchen Sie bitte die Sektion Tischplatten. H\u00f6he 72 cm und Gewicht 15 kg. Abmessungen der Tischbasis: 45 \u00d7 45 cm Stromversorgung: 230V ~50 Hz. Leistung der Heizlampe: 2 x 1,2 kW Schutzklasse: IP44","protected":false},"author":2,"featured_media":0,"parent":0,"menu_order":0,"comment_status":"closed","ping_status":"closed","template":"","meta":{"footnotes":""},"class_list":["post-6363","page","type-page","status-publish","hentry"],"aioseo_notices":[],"_links":{"self":[{"href":"https:\/\/galavito.cz\/de\/wp-json\/wp\/v2\/pages\/6363","targetHints":{"allow":["GET"]}}],"collection":[{"href":"https:\/\/galavito.cz\/de\/wp-json\/wp\/v2\/pages"}],"about":[{"href":"https:\/\/galavito.cz\/de\/wp-json\/wp\/v2\/types\/page"}],"author":[{"embeddable":true,"href":"https:\/\/galavito.cz\/de\/wp-json\/wp\/v2\/users\/2"}],"replies":[{"embeddable":true,"href":"https:\/\/galavito.cz\/de\/wp-json\/wp\/v2\/comments?post=6363"}],"version-history":[{"count":0,"href":"https:\/\/galavito.cz\/de\/wp-json\/wp\/v2\/pages\/6363\/revisions"}],"wp:attachment":[{"href":"https:\/\/galavito.cz\/de\/wp-json\/wp\/v2\/media?parent=6363"}],"curies":[{"name":"wp","href":"https:\/\/api.w.org\/{rel}","templated":true}]}}